{"id":32458,"date":"2024-04-04T11:07:31","date_gmt":"2024-04-04T10:07:31","guid":{"rendered":"https:\/\/copopalhinhas.maildx.net\/?post_type=product&#038;p=32458"},"modified":"2025-09-27T18:44:49","modified_gmt":"2025-09-27T17:44:49","slug":"tigela-bagaco-branco-95cl-950ml","status":"publish","type":"product","link":"https:\/\/copopalhinhas.maildx.net\/es\/producto\/tigela-bagaco-branco-95cl-950ml\/","title":{"rendered":"Bol de bagazo blanco de 95 cl (950 ml)"},"content":{"rendered":"<h2>Baga\u00e7o Branco Tigela 95cl (950ml) \u2014 Sostenibilidad con rendimiento<\/h2>\n<p>EL <strong>cuenco de bagazo blanco<\/strong> Su capacidad de 95 cl (950 ml) combina est\u00e9tica y responsabilidad ambiental. Elaborada con bagazo de ca\u00f1a de az\u00facar, ofrece una alternativa biodegradable a los pl\u00e1sticos convencionales, garantizando su durabilidad para el uso diario. Sirva ensaladas, sopas, pastas, poke bowls y postres con total confianza.<\/p>\n<p>Adem\u00e1s, la superficie blanca realza la presentaci\u00f3n de los platos, lo que permite que el cuenco se adapte f\u00e1cilmente a restaurantes, catering, eventos y comida para llevar. Al ser ligero y apilable, optimiza el transporte y, en consecuencia, ahorra espacio de almacenamiento.<\/p>\n<h3>\u00bfPor qu\u00e9 elegir este Bowl?<\/h3>\n<p><strong>Material ecol\u00f3gico y seguro:<\/strong> El bagazo de ca\u00f1a de az\u00facar es un recurso renovable. El taz\u00f3n es <em>biodegradable y compostable<\/em> (EN13432), no desprende olores ni sustancias nocivas y cumple con las normas de <em>Contacto con alimentos<\/em> del Reglamento (CE) n\u00ba 1935\/2004, as\u00ed como las buenas pr\u00e1cticas de fabricaci\u00f3n (Reglamento (CE) n\u00ba 2023\/2006).<\/p>\n<p><strong>Resistencia que impresiona:<\/strong> apoya <strong>alimentos fr\u00edos y calientes<\/strong>, mantiene su forma y resiste <strong>aceites y grasas<\/strong>. Adem\u00e1s de todo, puede soportar variaciones de temperatura entre <strong>-18\u00baC y +100\u00baC<\/strong>, lo que ampl\u00eda el abanico de usos.<\/p>\n<p><strong>Verdadera practicidad:<\/strong> y <strong>Apto para microondas<\/strong> (hasta 9 minutos a 1000 W o 7:30 a 1200 W); sin embargo, no es apto para horno. De esta manera, calienta las comidas de forma r\u00e1pida y segura, sin comprometer la integridad de la pieza.<\/p>\n<p><strong>Higiene y presentaci\u00f3n:<\/strong> El acabado liso facilita la limpieza durante el servicio, mientras que el tono blanco le da un aspecto pulido. Esto mejora la experiencia del cliente y aumenta la eficiencia de su operaci\u00f3n.<\/p>\n<h3>Aplicaciones y beneficios<\/h3>\n<p>En el sector de la restauraci\u00f3n y la hosteler\u00eda, <strong>cuenco de bagazo blanco<\/strong> Destaca en platos de cuchara, aperitivos para compartir y aderezos. En cambio, en eventos y empresas de catering, la pieza ofrece una imagen premium a la vez que reduce la huella ecol\u00f3gica. <em>llevar<\/em>El formato de 95 cl (950 ml) garantiza porciones generosas y consistentes.<\/p>\n<p>Porque coincide <strong>durabilidad<\/strong> con <strong>responsabilidad<\/strong>El recipiente de bagazo contribuye a las pol\u00edticas ESG y a la reducci\u00f3n de residuos. En resumen, es una soluci\u00f3n acorde con las demandas actuales del mercado.<\/p>\n<h3>Conformidades y Notas T\u00e9cnicas<\/h3>\n<p><strong>Compostable y biodegradable<\/strong> seg\u00fan EN13432. <strong>Contacto con alimentos<\/strong> de conformidad con el Reglamento (CE) n\u00ba 1935\/2004 y las Buenas Pr\u00e1cticas de Fabricaci\u00f3n (CE) n\u00ba 2023\/2006. <strong>Apto para microondas<\/strong> (9 min\/1000W o 7:30\/1200W). <strong>Rango t\u00e9rmico:<\/strong> \u221218\u00baC a +100\u00baC. <strong>No apto para horno.<\/strong><\/p>\n<p>Elige esto <strong>taza de bagazo<\/strong> 95 cl (950 ml) y ofrece comidas deliciosas, seguras y m\u00e1s sostenibles. Ver m\u00e1s productos en <a href=\"https:\/\/copopalhinhas.maildx.net\/es\/categorias\/loucas-descartaveis\/\">Vajilla desechable<\/a>.<\/p>\n<p><img decoding=\"async\" src=\"https:\/\/copopalhinhas.maildx.net\/wp-content\/uploads\/Icon_DESCARTAVEL.png\" alt=\"\" width=\"30\" height=\"30\" \/> <strong>Desechable<\/strong><\/p>\n<p><img decoding=\"async\" src=\"https:\/\/copopalhinhas.maildx.net\/wp-content\/uploads\/Icons_alimentos.png\" alt=\"\" width=\"30\" height=\"30\" \/> <strong>Alimento<\/strong>: Apto para consumo alimentario.<\/p>\n<p><img decoding=\"async\" src=\"https:\/\/copopalhinhas.maildx.net\/wp-content\/uploads\/Icon_reciclaveis.png\" alt=\"\" width=\"30\" height=\"30\" \/> <strong>Reciclables<\/strong>:Productos que pueden reciclarse o utilizarse para la recuperaci\u00f3n de energ\u00eda.<\/p>","protected":false},"excerpt":{"rendered":"<p>El bol blanco de bagazo de 95 cl (950 ml) combina un estilo elegante con un rendimiento profesional. Es compostable seg\u00fan la norma EN13432, apto para uso alimentario y resistente al aceite. Adem\u00e1s, soporta temperaturas de -18 \u00b0C a +100 \u00b0C y es apto para microondas (9 min\/1000 W o 7:30\/1200 W). Esto lo hace perfecto para servir ensaladas, sopas y pasta en restaurantes, catering y comida para llevar. Ver m\u00e1s productos en Vajilla Desechable.<\/p>\n<p><img decoding=\"async\" src=\"https:\/\/copopalhinhas.maildx.net\/wp-content\/uploads\/Icons_alimentos.png\" alt=\"\" width=\"30\" height=\"30\" \/> <img decoding=\"async\" src=\"https:\/\/copopalhinhas.maildx.net\/wp-content\/uploads\/Icon_DESCARTAVEL.png\" alt=\"\" width=\"30\" height=\"30\" \/> <img decoding=\"async\" src=\"https:\/\/copopalhinhas.maildx.net\/wp-content\/uploads\/Icon_reciclaveis.png\" alt=\"\" width=\"30\" height=\"30\" \/><\/p>","protected":false},"featured_media":32462,"comment_status":"open","ping_status":"closed","template":"","meta":{"_acf_changed":false},"product_brand":[],"product_cat":[2008,2041,1719,1520,1512,1507,1498,1465,226],"product_tag":[1569,1596,1599],"class_list":{"0":"post-32458","1":"product","2":"type-product","3":"status-publish","4":"has-post-thumbnail","6":"product_cat-loucas-descartaveis","7":"product_cat-loucas-descartaveis-bio-compostaveis","8":"product_cat-branco","9":"product_cat-91cl-1l","10":"product_cat-descartavel","11":"product_cat-bagaco","12":"product_cat-sopa","13":"product_cat-tigelas","14":"product_cat-loucas","15":"product_tag-menu-descartaveis","16":"product_tag-sub-menu-loucas-descartaveis","17":"product_tag-sub-menu-loucas-bio-compostaveis","18":"pa_qtd-por-caixa-1273","19":"pa_qtd-por-caixa-1277","20":"tm-no-options","22":"first","23":"instock","24":"taxable","25":"shipping-taxable","26":"purchasable","27":"product-type-variable"},"acf":[],"_links":{"self":[{"href":"https:\/\/copopalhinhas.maildx.net\/es\/wp-json\/wp\/v2\/product\/32458","targetHints":{"allow":["GET"]}}],"collection":[{"href":"https:\/\/copopalhinhas.maildx.net\/es\/wp-json\/wp\/v2\/product"}],"about":[{"href":"https:\/\/copopalhinhas.maildx.net\/es\/wp-json\/wp\/v2\/types\/product"}],"replies":[{"embeddable":true,"href":"https:\/\/copopalhinhas.maildx.net\/es\/wp-json\/wp\/v2\/comments?post=32458"}],"wp:featuredmedia":[{"embeddable":true,"href":"https:\/\/copopalhinhas.maildx.net\/es\/wp-json\/wp\/v2\/media\/32462"}],"wp:attachment":[{"href":"https:\/\/copopalhinhas.maildx.net\/es\/wp-json\/wp\/v2\/media?parent=32458"}],"wp:term":[{"taxonomy":"product_brand","embeddable":true,"href":"https:\/\/copopalhinhas.maildx.net\/es\/wp-json\/wp\/v2\/product_brand?post=32458"},{"taxonomy":"product_cat","embeddable":true,"href":"https:\/\/copopalhinhas.maildx.net\/es\/wp-json\/wp\/v2\/product_cat?post=32458"},{"taxonomy":"product_tag","embeddable":true,"href":"https:\/\/copopalhinhas.maildx.net\/es\/wp-json\/wp\/v2\/product_tag?post=32458"}],"curies":[{"name":"wp","href":"https:\/\/api.w.org\/{rel}","templated":true}]}}