{"id":32883,"date":"2024-04-22T16:28:11","date_gmt":"2024-04-22T15:28:11","guid":{"rendered":"https:\/\/copopalhinhas.maildx.net\/?post_type=product&#038;p=32883"},"modified":"2025-09-27T15:23:54","modified_gmt":"2025-09-27T14:23:54","slug":"guardanapo-tissue-preto-ecolabel-double-point-33x33cm-aberto","status":"publish","type":"product","link":"https:\/\/copopalhinhas.maildx.net\/es\/producto\/guardanapo-tissue-preto-ecolabel-double-point-33x33cm-aberto\/","title":{"rendered":"SERVILLETA DE PAPEL DE DOBLE PUNTA ECOLABEL NEGRA 33x33CM (ABIERTA)"},"content":{"rendered":"<h2>Servilleta de seda negra 33\u00d733 cm Ecolabel Doble Punta (Abierta): Elegancia con Conciencia<\/h2>\n<p>EL <strong>servilleta de papel negra<\/strong> 33\u00d733 cm, con certificaci\u00f3n <strong>Etiqueta ecol\u00f3gica<\/strong> y tecnolog\u00eda <strong>Doble punto<\/strong>Realza la presentaci\u00f3n de la mesa y, a la vez, demuestra un aut\u00e9ntico compromiso con la sostenibilidad. Gracias a su elaboraci\u00f3n mediante un proceso que a\u00f1ade volumen y suavidad al papel, esta servilleta combina comodidad, absorci\u00f3n y durabilidad. Adem\u00e1s, su color negro le aporta un toque moderno y sofisticado, perfecto para cenas. <em>c\u00f3cteles<\/em>, eventos corporativos y catering.<\/p>\n<h3>Tacto suave y absorci\u00f3n eficiente<\/h3>\n<p>Gracias al proceso <em>Doble punto<\/em>Dos capas de tejido est\u00e1n impregnadas con microcolchones de aire que aumentan su grosor y suavidad. Esto proporciona un rendimiento de limpieza superior y, por consiguiente, se mantiene intacto durante toda la comida. Esto proporciona comodidad inmediata al cliente y facilita el proceso.<\/p>\n<h3>Formato y practicidad del servicio<\/h3>\n<p>Con <strong>33\u00d733 cm (abierto)<\/strong>, este <strong>servilleta negra con etiqueta ecol\u00f3gica<\/strong> Se adapta a cafeter\u00edas, bares, restaurantes, hoteles y servicios. <em>abastecimiento<\/em>Por un lado, el tama\u00f1o ofrece versatilidad para el servicio de mesa, buffets y <em>llevar<\/em>Por otro lado, se pliega f\u00e1cilmente y mantiene una apariencia impecable. Por lo tanto, la mesa luce armoniosa y se repone r\u00e1pidamente, incluso en horas punta.<\/p>\n<h3>Sostenibilidad y Certificaciones<\/h3>\n<p>M\u00e1s all\u00e1 de la certificaci\u00f3n <strong>Etiqueta ecol\u00f3gica de la UE<\/strong>, el producto sigue buenas pr\u00e1cticas de fabricaci\u00f3n y utiliza fibras de bosques gestionados de forma responsable, con cadena de custodia. <strong>FSC<\/strong> y\/o <strong>PEFC<\/strong>. Paralelamente, cumple la <strong>Reglamento (CE) n.\u00ba 1935\/2004<\/strong> relativo a los materiales en contacto con alimentos y respeta las <strong>Reglamento (CE) n.\u00ba 2023\/2006<\/strong> en buenas pr\u00e1cticas de fabricaci\u00f3n. Por lo tanto, es apto para el contacto con alimentos, seguro, <strong>reciclable<\/strong> y <strong>desechable<\/strong> Despu\u00e9s de su uso.<\/p>\n<h3>Aplicaciones que mejoran el espacio<\/h3>\n<p>En una cena \u00edntima, una inauguraci\u00f3n de bar o una conferencia, el <strong>servilleta de doble puntada<\/strong> Crea una atm\u00f3sfera elegante y cohesiva. Como resultado, la marca gana coherencia visual y el cliente percibe la atenci\u00f3n al detalle. Adem\u00e1s, el color neutro y profundo combina con luminarias tanto claras como oscuras, facilitando su integraci\u00f3n en el concepto del establecimiento.<\/p>\n<h3>Ventajas operativas<\/h3>\n<p>Debido a que es liviano y apilable, el <strong>servilleta 33\u00d733 cm<\/strong> Optimiza el espacio de almacenamiento y agiliza la reposici\u00f3n. Asimismo, su textura suave mejora la experiencia del usuario, mientras que su resistencia al desgarro reduce el desperdicio. En resumen, consigues un consumo controlado y una mesa impecable de principio a fin.<\/p>\n<h3>\u00bfPor qu\u00e9 elegir esta servilleta?<\/h3>\n<p>Elige el <strong>servilleta de papel negra<\/strong> Cuando busca impacto visual, comodidad real y s\u00f3lidas credenciales ambientales, combina suavidad, capacidad de absorci\u00f3n y certificaciones reconocidas, lo que la convierte en la opci\u00f3n ideal para restaurantes, hoteles, <em>abastecimiento<\/em> y eventos que exigen calidad y responsabilidad. En resumen, a\u00f1ade sofisticaci\u00f3n, simplifica el trabajo en la sala y refuerza la imagen sostenible de su negocio. Ver m\u00e1s <a href=\"https:\/\/copopalhinhas.maildx.net\/es\/categorias\/utensilios-de-mesa\/\">Vajilla<\/a>.<\/p>\n<p><img decoding=\"async\" src=\"https:\/\/copopalhinhas.maildx.net\/wp-content\/uploads\/Icon_DESCARTAVEL.png\" alt=\"\" width=\"30\" height=\"30\" \/> <strong>Desechable<\/strong><\/p>\n<p><img decoding=\"async\" src=\"https:\/\/copopalhinhas.maildx.net\/wp-content\/uploads\/Icons_alimentos.png\" alt=\"\" width=\"30\" height=\"30\" \/> <strong>Alimento<\/strong>: Apto para consumo alimentario.<\/p>\n<p><img decoding=\"async\" src=\"https:\/\/copopalhinhas.maildx.net\/wp-content\/uploads\/Icon_reciclaveis.png\" alt=\"\" width=\"30\" height=\"30\" \/> <strong>Reciclables<\/strong>:Productos que pueden reciclarse o utilizarse para la recuperaci\u00f3n de energ\u00eda.<\/p>","protected":false},"excerpt":{"rendered":"<p>EL <strong>servilleta de papel negra<\/strong> 33\u00d733 cent\u00edmetros <em>Etiqueta ecol\u00f3gica<\/em> con tecnolog\u00eda <em>Doble punto<\/em> Es suave, absorbente y duradero. Ideal para restaurantes y eventos, con fibras de origen responsable.<\/p>\n<p><img decoding=\"async\" src=\"https:\/\/copopalhinhas.maildx.net\/wp-content\/uploads\/Icons_alimentos.png\" alt=\"\" width=\"30\" height=\"30\" \/> <img decoding=\"async\" src=\"https:\/\/copopalhinhas.maildx.net\/wp-content\/uploads\/Icon_DESCARTAVEL.png\" alt=\"\" width=\"30\" height=\"30\" \/> <img decoding=\"async\" src=\"https:\/\/copopalhinhas.maildx.net\/wp-content\/uploads\/Icon_reciclaveis.png\" alt=\"\" width=\"30\" height=\"30\" \/><\/p>","protected":false},"featured_media":32886,"comment_status":"open","ping_status":"closed","template":"","meta":{"_acf_changed":false},"product_brand":[],"product_cat":[2013,1717,1512,1484,1402,234],"product_tag":[1571,1624,1621],"class_list":{"0":"post-32883","1":"product","2":"type-product","3":"status-publish","4":"has-post-thumbnail","6":"product_cat-utensilios-de-mesa","7":"product_cat-preto","8":"product_cat-descartavel","9":"product_cat-cartao","10":"product_cat-guardanapos","11":"product_cat-acessorios","12":"product_tag-menu-acessorios","13":"product_tag-sub-menu-guardanapos","14":"product_tag-sub-menu-utensilios-de-mesa","15":"pa_qtd-por-caixa-1273","16":"pa_qtd-por-caixa-1319","17":"tm-no-options","19":"first","20":"instock","21":"taxable","22":"shipping-taxable","23":"purchasable","24":"product-type-variable"},"acf":[],"_links":{"self":[{"href":"https:\/\/copopalhinhas.maildx.net\/es\/wp-json\/wp\/v2\/product\/32883","targetHints":{"allow":["GET"]}}],"collection":[{"href":"https:\/\/copopalhinhas.maildx.net\/es\/wp-json\/wp\/v2\/product"}],"about":[{"href":"https:\/\/copopalhinhas.maildx.net\/es\/wp-json\/wp\/v2\/types\/product"}],"replies":[{"embeddable":true,"href":"https:\/\/copopalhinhas.maildx.net\/es\/wp-json\/wp\/v2\/comments?post=32883"}],"wp:featuredmedia":[{"embeddable":true,"href":"https:\/\/copopalhinhas.maildx.net\/es\/wp-json\/wp\/v2\/media\/32886"}],"wp:attachment":[{"href":"https:\/\/copopalhinhas.maildx.net\/es\/wp-json\/wp\/v2\/media?parent=32883"}],"wp:term":[{"taxonomy":"product_brand","embeddable":true,"href":"https:\/\/copopalhinhas.maildx.net\/es\/wp-json\/wp\/v2\/product_brand?post=32883"},{"taxonomy":"product_cat","embeddable":true,"href":"https:\/\/copopalhinhas.maildx.net\/es\/wp-json\/wp\/v2\/product_cat?post=32883"},{"taxonomy":"product_tag","embeddable":true,"href":"https:\/\/copopalhinhas.maildx.net\/es\/wp-json\/wp\/v2\/product_tag?post=32883"}],"curies":[{"name":"wp","href":"https:\/\/api.w.org\/{rel}","templated":true}]}}