{"id":33224,"date":"2024-09-10T11:43:17","date_gmt":"2024-09-10T10:43:17","guid":{"rendered":"https:\/\/copopalhinhas.maildx.net\/?post_type=product&#038;p=33224"},"modified":"2025-11-22T00:22:36","modified_gmt":"2025-11-22T00:22:36","slug":"palhinha-reta-papel-multi-cores-06x20-embalagem-individual","status":"publish","type":"product","link":"https:\/\/copopalhinhas.maildx.net\/es\/producto\/palhinha-reta-papel-multi-cores-06x20-embalagem-individual\/","title":{"rendered":"PAJITA DE PAPEL MULTICOLOR RECTA 0,6X20CM (EMBALAJE INDIVIDUAL)"},"content":{"rendered":"<h3>Pajita de papel recta multicolor de 0,6 x 20 cm (embalaje individual): sostenibilidad y practicidad<\/h3>\n<p>Elige la pajita de papel recta multicolor de 0,6 x 20 cm (envasada individualmente) y a\u00f1ade un toque ecol\u00f3gico a tus bebidas. Fabricada con papel kraft biodegradable, esta pajita sostenible multicolor combina responsabilidad ambiental, higiene y versatilidad. Adem\u00e1s, su envase individual garantiza la m\u00e1xima protecci\u00f3n, lo que la hace ideal para una variedad de entornos, desde restaurantes y bares hasta eventos y catering.<\/p>\n<h4>\u00bfPor qu\u00e9 deber\u00edas elegir esta pajita?<\/h4>\n<p>Elegir esta pajita de papel biodegradable recta significa reducir tu impacto ambiental sin comprometer la calidad. Adem\u00e1s, el tono natural del papel kraft le da un dise\u00f1o r\u00fastico y sofisticado, ideal para cualquier ocasi\u00f3n. Ver m\u00e1s\u00a0 <a href=\"https:\/\/copopalhinhas.maildx.net\/es\/categorias\/palhinhas\/?wpf_fbv=1&amp;wpf_filter_cat_list_0=1484\">pajitas de papel<\/a>.<\/p>\n<h4>Caracter\u00edsticas principales:<\/h4>\n<ul>\n<li><strong>Sostenibilidad en cada sorbo:<\/strong> Estas pajitas son 100% biodegradables y compostables, lo que ayuda a reducir el uso de pl\u00e1sticos desechables y promueve pr\u00e1cticas m\u00e1s sostenibles.<\/li>\n<li><strong>Dise\u00f1o r\u00fastico y atractivo:<\/strong> El color natural del papel kraft ofrece un aspecto aut\u00e9ntico y ecol\u00f3gico. Por lo tanto, combina a la perfecci\u00f3n con diferentes estilos de presentaci\u00f3n de bebidas.<\/li>\n<li><strong>Embalaje individual para m\u00e1xima higiene:<\/strong> Cada pajita kraft se envasa individualmente para protegerla de la contaminaci\u00f3n. Por lo tanto, son una excelente opci\u00f3n para lugares donde la higiene es fundamental.<\/li>\n<li><strong>Versatilidad y Resistencia:<\/strong> Estas pajitas son perfectas para c\u00f3cteles, jugos y batidos. Aunque est\u00e1n hechas de papel, su durabilidad garantiza una experiencia placentera de principio a fin.<\/li>\n<li><strong>Seguridad garantizada:<\/strong> Este producto no contiene PFAS, lo que proporciona tranquilidad a los consumidores.<\/li>\n<\/ul>\n<h4>Ideal para diversas ocasiones<\/h4>\n<ul>\n<li>Estas pajitas sostenibles son ideales para establecimientos comerciales, servicios de catering y eventos que buscan ofrecer una experiencia ecol\u00f3gica y sofisticada. Tambi\u00e9n son una excelente opci\u00f3n para quienes buscan reemplazar el pl\u00e1stico por alternativas m\u00e1s responsables.<\/li>\n<li>En restaurantes y bares, estas pajitas realzan la presentaci\u00f3n de las bebidas, aportando un toque r\u00fastico y elegante. Adem\u00e1s, el envase individual garantiza la higiene, esencial para establecimientos que priorizan la seguridad alimentaria.<\/li>\n<li>En eventos corporativos, bodas y fiestas privadas, estos popotes biodegradables refuerzan su compromiso con las pr\u00e1cticas sostenibles. Al fin y al cabo, los detalles marcan la diferencia y demuestran preocupaci\u00f3n por el medio ambiente.<\/li>\n<li>Para servicios de catering y entrega a domicilio, estas pajitas son una opci\u00f3n pr\u00e1ctica y funcional. Su empaque individual facilita la distribuci\u00f3n y las mantiene protegidas hasta su uso. Esto garantiza que los clientes reciban un producto de calidad, listo para usar.<\/li>\n<li>Ya sea para celebraciones especiales o para uso diario, esta pajita recta de papel kraft multicolor se adapta a cualquier ambiente. \u00a1Apuesta por la sostenibilidad y marca la diferencia con una alternativa ecol\u00f3gica, duradera y pr\u00e1ctica!<\/li>\n<\/ul>","protected":false},"excerpt":{"rendered":"<p>La pajita de papel recta multicolor de 0,6 x 20 cm (envasada individualmente) es biodegradable, sostenible e ideal para c\u00f3cteles, zumos y batidos. \u00a1Apuesta por la calidad y la higiene con una alternativa ecol\u00f3gica! Este producto no contiene PFAS, lo que garantiza su seguridad y calidad.<\/p>","protected":false},"featured_media":33227,"comment_status":"open","ping_status":"closed","template":"","meta":{"_acf_changed":false},"product_brand":[],"product_cat":[1726,2052,2054,1479,1704,1484,1706,1547,229],"product_tag":[1570,1611,1613,1849],"class_list":{"0":"post-33224","1":"product","2":"type-product","3":"status-publish","4":"has-post-thumbnail","6":"product_cat-multicor","7":"product_cat-palhinhas-embaladas-individualmente","8":"product_cat-palhinhas-retas","9":"product_cat-embalado-individualmente","10":"product_cat-reta","11":"product_cat-cartao","12":"product_cat-60mm","13":"product_cat-20cm","14":"product_cat-palhinhas","15":"product_tag-menu-palhinhas","16":"product_tag-sub-menu-plahinhas-embaladas-individualmente","17":"product_tag-sub-menu-palhinhas-retas","18":"product_tag-palhinhas-homepage","19":"pa_qtd-por-caixa-1275","20":"pa_qtd-por-caixa-1373","21":"tm-no-options","23":"first","24":"instock","25":"taxable","26":"shipping-taxable","27":"purchasable","28":"product-type-variable"},"acf":[],"_links":{"self":[{"href":"https:\/\/copopalhinhas.maildx.net\/es\/wp-json\/wp\/v2\/product\/33224","targetHints":{"allow":["GET"]}}],"collection":[{"href":"https:\/\/copopalhinhas.maildx.net\/es\/wp-json\/wp\/v2\/product"}],"about":[{"href":"https:\/\/copopalhinhas.maildx.net\/es\/wp-json\/wp\/v2\/types\/product"}],"replies":[{"embeddable":true,"href":"https:\/\/copopalhinhas.maildx.net\/es\/wp-json\/wp\/v2\/comments?post=33224"}],"wp:featuredmedia":[{"embeddable":true,"href":"https:\/\/copopalhinhas.maildx.net\/es\/wp-json\/wp\/v2\/media\/33227"}],"wp:attachment":[{"href":"https:\/\/copopalhinhas.maildx.net\/es\/wp-json\/wp\/v2\/media?parent=33224"}],"wp:term":[{"taxonomy":"product_brand","embeddable":true,"href":"https:\/\/copopalhinhas.maildx.net\/es\/wp-json\/wp\/v2\/product_brand?post=33224"},{"taxonomy":"product_cat","embeddable":true,"href":"https:\/\/copopalhinhas.maildx.net\/es\/wp-json\/wp\/v2\/product_cat?post=33224"},{"taxonomy":"product_tag","embeddable":true,"href":"https:\/\/copopalhinhas.maildx.net\/es\/wp-json\/wp\/v2\/product_tag?post=33224"}],"curies":[{"name":"wp","href":"https:\/\/api.w.org\/{rel}","templated":true}]}}