{"id":33231,"date":"2024-09-10T11:57:57","date_gmt":"2024-09-10T10:57:57","guid":{"rendered":"https:\/\/copopalhinhas.maildx.net\/?post_type=product&#038;p=33231"},"modified":"2025-10-21T00:44:09","modified_gmt":"2025-10-20T23:44:09","slug":"palhinha-reta-papel-multi-cores-08x23-embalagem-individual","status":"publish","type":"product","link":"https:\/\/copopalhinhas.maildx.net\/es\/producto\/palhinha-reta-papel-multi-cores-08x23-embalagem-individual\/","title":{"rendered":"PAJITA DE PAPEL RECTA MULTICOLOR 0,8X23CM (EMBALAJE INDIVIDUAL)"},"content":{"rendered":"<h3>Pajita recta de papel kraft multicolor de 0,8 x 23 cm (embalaje individual) \u2013 Sostenibilidad y estilo<\/h3>\n<p>La pajita de papel kraft multicolor de 0,8 x 23 cm (envasada individualmente) combina sostenibilidad, elegancia y practicidad. Adem\u00e1s de ser biodegradables y compostables, estas pajitas a\u00f1aden un toque vibrante y ecol\u00f3gico a tus bebidas. Por lo tanto, optar por esta alternativa significa reducir tu impacto ambiental sin comprometer la calidad.<\/p>\n<h4>\u00bfPor qu\u00e9 elegir pajitas de papel kraft?<\/h4>\n<p>Al elegir esta pajita biodegradable, no solo contribuyes a un planeta m\u00e1s limpio, sino que tambi\u00e9n mejoras la presentaci\u00f3n de tus bebidas. Adem\u00e1s, su empaque individual garantiza que cada pajita se mantenga higi\u00e9nica hasta el momento de su uso, lo que la hace ideal para bares, restaurantes y eventos.<\/p>\n<h4>Caracter\u00edsticas principales:<\/h4>\n<ul>\n<li><strong>Sostenibilidad en cada sorbo:<\/strong> Fabricada con papel kraft, esta pajita es biodegradable y compostable seg\u00fan la norma 100%. Esto ayuda a reducir significativamente el uso de pl\u00e1sticos de un solo uso.<\/li>\n<li><strong>Dise\u00f1o r\u00fastico y sofisticado:<\/strong> El tono natural del papel kraft le confiere un aspecto aut\u00e9ntico y ecol\u00f3gico, haci\u00e9ndolo perfecto para cualquier tipo de evento.<\/li>\n<li><strong>Embalaje individual:<\/strong> Cada pajita se envasa por separado, lo que garantiza la m\u00e1xima higiene y seguridad durante el consumo. Adem\u00e1s, facilita su uso en lugares donde la protecci\u00f3n sanitaria es esencial.<\/li>\n<li><strong>Versatilidad y resistencia:<\/strong> Ideal para c\u00f3cteles, jugos, batidos y una variedad de bebidas. Aunque est\u00e1 hecho de papel, su estructura robusta mantiene su integridad durante el uso.<\/li>\n<\/ul>\n<h4>Una alternativa segura y confiable<\/h4>\n<p>Esta pajita ecol\u00f3gica no contiene PFAS, lo que garantiza una experiencia segura para el consumidor. Por lo tanto, al elegir esta soluci\u00f3n sostenible, demuestra su compromiso con la salud, el medio ambiente y la innovaci\u00f3n.<\/p>\n<p>Con esta pajita recta kraft multicolor, transforma cualquier bebida en un reflejo de tu compromiso con la sostenibilidad. Elige calidad, higiene y responsabilidad ambiental para todas tus ocasiones. Ver m\u00e1s <a href=\"https:\/\/copopalhinhas.maildx.net\/es\/categorias\/palhinhas\/?wpf_fbv=1&amp;wpf_filter_cat_list_0=1484\">pajitas de papel<\/a>.<\/p>","protected":false},"excerpt":{"rendered":"<p>La pajita de papel kraft multicolor de 0,8 x 23 cm (envasada individualmente) es biodegradable, segura y elegante. Ideal para c\u00f3cteles, zumos y batidos. \u00a1Apuesta por la sostenibilidad con estilo! Este producto no contiene PFAS, lo que garantiza su seguridad y calidad.<\/p>","protected":false},"featured_media":33234,"comment_status":"open","ping_status":"closed","template":"","meta":{"_acf_changed":false},"product_brand":[],"product_cat":[2052,2054,1726,1479,1704,1484,1708,1470,229],"product_tag":[1570,1611,1613],"class_list":{"0":"post-33231","1":"product","2":"type-product","3":"status-publish","4":"has-post-thumbnail","6":"product_cat-palhinhas-embaladas-individualmente","7":"product_cat-palhinhas-retas","8":"product_cat-multicor","9":"product_cat-embalado-individualmente","10":"product_cat-reta","11":"product_cat-cartao","12":"product_cat-80mm","13":"product_cat-23cm","14":"product_cat-palhinhas","15":"product_tag-menu-palhinhas","16":"product_tag-sub-menu-plahinhas-embaladas-individualmente","17":"product_tag-sub-menu-palhinhas-retas","18":"pa_qtd-por-caixa-281","19":"pa_qtd-por-caixa-1284","20":"tm-no-options","22":"first","23":"instock","24":"taxable","25":"shipping-taxable","26":"purchasable","27":"product-type-variable"},"acf":[],"_links":{"self":[{"href":"https:\/\/copopalhinhas.maildx.net\/es\/wp-json\/wp\/v2\/product\/33231","targetHints":{"allow":["GET"]}}],"collection":[{"href":"https:\/\/copopalhinhas.maildx.net\/es\/wp-json\/wp\/v2\/product"}],"about":[{"href":"https:\/\/copopalhinhas.maildx.net\/es\/wp-json\/wp\/v2\/types\/product"}],"replies":[{"embeddable":true,"href":"https:\/\/copopalhinhas.maildx.net\/es\/wp-json\/wp\/v2\/comments?post=33231"}],"wp:featuredmedia":[{"embeddable":true,"href":"https:\/\/copopalhinhas.maildx.net\/es\/wp-json\/wp\/v2\/media\/33234"}],"wp:attachment":[{"href":"https:\/\/copopalhinhas.maildx.net\/es\/wp-json\/wp\/v2\/media?parent=33231"}],"wp:term":[{"taxonomy":"product_brand","embeddable":true,"href":"https:\/\/copopalhinhas.maildx.net\/es\/wp-json\/wp\/v2\/product_brand?post=33231"},{"taxonomy":"product_cat","embeddable":true,"href":"https:\/\/copopalhinhas.maildx.net\/es\/wp-json\/wp\/v2\/product_cat?post=33231"},{"taxonomy":"product_tag","embeddable":true,"href":"https:\/\/copopalhinhas.maildx.net\/es\/wp-json\/wp\/v2\/product_tag?post=33231"}],"curies":[{"name":"wp","href":"https:\/\/api.w.org\/{rel}","templated":true}]}}