{"id":33306,"date":"2024-09-11T10:26:44","date_gmt":"2024-09-11T09:26:44","guid":{"rendered":"https:\/\/copopalhinhas.maildx.net\/?post_type=product&#038;p=33306"},"modified":"2025-11-22T00:23:12","modified_gmt":"2025-11-22T00:23:12","slug":"eco-copo-pp-personalizacao-30cl-300ml-33cl","status":"publish","type":"product","link":"https:\/\/copopalhinhas.maildx.net\/es\/producto\/eco-copo-pp-personalizacao-30cl-300ml-33cl\/","title":{"rendered":"VASO ECO EN PP CON LOGO \u201cECOCOPO\u201d 30CL (300ML) \/ 33CL"},"content":{"rendered":"<h3>Vaso ecol\u00f3gico de PP con el logotipo de la marca \u00abEcocopo\u00bb de 30 cl (300 ml) \/ 33 cl: Sostenibilidad e impacto visual<\/h3>\n<p>El vaso ecol\u00f3gico de polipropileno Ecocopo de 30 cl (300 ml) \/ 33 cl con logotipo combina dos cualidades esenciales: resistencia y responsabilidad ambiental. En primer lugar, el polipropileno (PP) es un material duradero, capaz de soportar diferentes temperaturas sin deformarse.<\/p>\n<h4>\u00bfPor qu\u00e9 elegir un vaso PP reutilizable?<\/h4>\n<p>Muchas personas buscan alternativas sostenibles para reducir el consumo de desechables. En este sentido, el PP destaca por su robustez y facilidad de limpieza, lo que permite su reutilizaci\u00f3n repetida. Al elegir un Vaso Ecol\u00f3gico de PP Personalizado de 30 cl (300 ml) \/ 33 cl, contribuyes a reducir los residuos, ya que cada vaso se puede lavar y reutilizar varias veces. Por lo tanto, esta decisi\u00f3n refleja un compromiso con el medio ambiente y mejora la imagen de quienes lo utilizan.<\/p>\n<h4>Resistencia y versatilidad<\/h4>\n<p>El polipropileno (PP) es un material ligero y resistente, capaz de soportar bebidas fr\u00edas o calientes sin deformarse. Por lo tanto, este vaso es ideal para bares, restaurantes, festivales e incluso para uso dom\u00e9stico. Adem\u00e1s, es f\u00e1cil de apilar, lo que facilita su almacenamiento en espacios concurridos. Si busca vasos pr\u00e1cticos y resistentes, esta opci\u00f3n es la soluci\u00f3n perfecta.<\/p>\n<h4>Dise\u00f1o funcional y atractivo<\/h4>\n<p>Su dise\u00f1o sencillo y ergon\u00f3mico garantiza un uso c\u00f3modo, permitiendo sostener la taza sin dificultad. Adem\u00e1s, su aspecto minimalista combina con cualquier decoraci\u00f3n o tem\u00e1tica de evento. Por lo tanto, la taza ecol\u00f3gica de PP Ecocopo de 30 cl (300 ml) \/ 33 cl con la marca Ecocopo personalizada se adapta tanto a entornos formales como informales, convirti\u00e9ndola en una excelente aliada en diversas situaciones.<\/p>\n<p>En resumen, este vaso ecol\u00f3gico de PP personalizado &quot;Ecocopo&quot; de 30 cl (300 ml) \/ 33 cl ofrece una soluci\u00f3n reutilizable, duradera y totalmente personalizable. El material de PP ayuda a reducir los residuos, mientras que la personalizaci\u00f3n refuerza la imagen de sostenibilidad. Si desea adoptar pr\u00e1cticas m\u00e1s respetuosas con el medio ambiente y, al mismo tiempo, generar un impacto duradero, este vaso es la opci\u00f3n ideal. Ver m\u00e1s <a href=\"https:\/\/copopalhinhas.maildx.net\/es\/categorias\/ecocopos\/\">Vasos ecol\u00f3gicos<\/a>.<\/p>\n<p><strong><iframe src=\"https:\/\/www.youtube.com\/embed\/NRzq7UE9pgU\" width=\"854\" height=\"480\" frameborder=\"0\" allowfullscreen=\"allowfullscreen\"><\/iframe><\/strong><\/p>","protected":false},"excerpt":{"rendered":"<p>La Eco Cup en PP con el logotipo de la marca EcoCopo 30cl (300ml) \/ 33cl combina resistencia y conciencia medioambiental.<br \/>\nEl polipropileno (PP) soporta bebidas fr\u00edas o calientes sin deformarse.<br \/>\nEs una alternativa reutilizable que reduce el consumo de art\u00edculos desechables y promueve la sostenibilidad.<\/p>","protected":false},"featured_media":33310,"comment_status":"open","ping_status":"closed","template":"","meta":{"_acf_changed":false},"product_brand":[],"product_cat":[2024,2002,2023,2016,2056,1724,1454,1511,1432,1738,225],"product_tag":[1579,1591,1702,1574,1839,1833,1568],"class_list":{"0":"post-33306","1":"product","2":"type-product","3":"status-publish","4":"has-post-thumbnail","6":"product_cat-copos-ecocopo","7":"product_cat-copos-reutilizaveis","8":"product_cat-copos-reutilizaveis-polipropileno-pp","9":"product_cat-ecocopos-modelo","10":"product_cat-ecocopos-coloridos","11":"product_cat-translucido","12":"product_cat-31-40cl","13":"product_cat-reutilizaveis-caracteristica","14":"product_cat-materia-prima-pp","15":"product_cat-ecocopos","16":"product_cat-copos","17":"product_tag-sub-menu-copos-reutilizaveis","18":"product_tag-sub-menu-copos-reutilizaveis-polipropileno-pp","19":"product_tag-destaque","20":"product_tag-menu-ecocopo","21":"product_tag-sub-menu-ecocopo-coloridos","22":"product_tag-sub-menu-copos-reutilizaveis-ecocopo","23":"product_tag-menu-reutilizaveis","24":"pa_qtd-por-caixa-281","25":"pa_qtd-por-caixa-1306","26":"tm-no-options","28":"first","29":"instock","30":"taxable","31":"shipping-taxable","32":"purchasable","33":"product-type-variable"},"acf":[],"_links":{"self":[{"href":"https:\/\/copopalhinhas.maildx.net\/es\/wp-json\/wp\/v2\/product\/33306","targetHints":{"allow":["GET"]}}],"collection":[{"href":"https:\/\/copopalhinhas.maildx.net\/es\/wp-json\/wp\/v2\/product"}],"about":[{"href":"https:\/\/copopalhinhas.maildx.net\/es\/wp-json\/wp\/v2\/types\/product"}],"replies":[{"embeddable":true,"href":"https:\/\/copopalhinhas.maildx.net\/es\/wp-json\/wp\/v2\/comments?post=33306"}],"wp:featuredmedia":[{"embeddable":true,"href":"https:\/\/copopalhinhas.maildx.net\/es\/wp-json\/wp\/v2\/media\/33310"}],"wp:attachment":[{"href":"https:\/\/copopalhinhas.maildx.net\/es\/wp-json\/wp\/v2\/media?parent=33306"}],"wp:term":[{"taxonomy":"product_brand","embeddable":true,"href":"https:\/\/copopalhinhas.maildx.net\/es\/wp-json\/wp\/v2\/product_brand?post=33306"},{"taxonomy":"product_cat","embeddable":true,"href":"https:\/\/copopalhinhas.maildx.net\/es\/wp-json\/wp\/v2\/product_cat?post=33306"},{"taxonomy":"product_tag","embeddable":true,"href":"https:\/\/copopalhinhas.maildx.net\/es\/wp-json\/wp\/v2\/product_tag?post=33306"}],"curies":[{"name":"wp","href":"https:\/\/api.w.org\/{rel}","templated":true}]}}