{"id":33325,"date":"2024-09-11T11:28:59","date_gmt":"2024-09-11T10:28:59","guid":{"rendered":"https:\/\/copopalhinhas.maildx.net\/?post_type=product&#038;p=33325"},"modified":"2025-11-22T00:22:30","modified_gmt":"2025-11-22T00:22:30","slug":"copo-gin-san-50cl-500ml","status":"publish","type":"product","link":"https:\/\/copopalhinhas.maildx.net\/es\/producto\/copo-gin-san-50cl-500ml\/","title":{"rendered":"COPA DE GINEBRA EN SAN 50CL (500ML)"},"content":{"rendered":"<h3>Copa de ginebra en SAN 50Cl (500 ML)<\/h3>\n<p>El vaso para ginebra SAN de 50 cl combina un dise\u00f1o exclusivo y robustez para ofrecer una experiencia de degustaci\u00f3n inolvidable. Adem\u00e1s de representar la elegancia de la ginebra, este vaso de pl\u00e1stico refuerza la sostenibilidad, ya que es reutilizable y f\u00e1cil de lavar. Adem\u00e1s, el material SAN garantiza resistencia a los impactos, manteniendo siempre la transparencia cristalina que realza cualquier c\u00f3ctel.<\/p>\n<h4>Material resistente<\/h4>\n<p>Fabricado con SAN de alta calidad, este vaso es resistente a roturas y ara\u00f1azos, ideal tanto para uso en interiores como en exteriores. Por ello, ofrece una durabilidad excepcional sin perder su brillo cristalino. Adem\u00e1s, el SAN no contiene BPA, lo que garantiza una seguridad total al usar bebidas.<\/p>\n<h4>Capacidad generosa<\/h4>\n<p>Con una capacidad \u00fatil de 50 cl (500 ml) y una capacidad total de 53 cl (530 ml), este vaso reutilizable sirve generosas porciones de ginebra, combinando ginebra, hielo, t\u00f3nicas y guarniciones. Ofrece espacio suficiente para preparar bebidas sofisticadas y realzar los aromas. En resumen, esta capacidad se traduce en una experiencia de bebida m\u00e1s c\u00f3moda y refinada.<\/p>\n<h4>Dise\u00f1o elegante<\/h4>\n<p>Su forma, cuidadosamente dise\u00f1ada, realza los sabores de la ginebra, concentr\u00e1ndolos en la parte superior de la copa. De esta manera, cada sorbo revela nuevas notas arom\u00e1ticas. Adem\u00e1s, su tallo largo facilita su manejo sin transferir calor a la bebida, preservando as\u00ed su frescura.<\/p>\n<h4>Transparencia cristalina<\/h4>\n<p>La claridad de SAN reproduce fielmente el brillo de una copa. Esto hace que el color de la ginebra y la efervescencia de la t\u00f3nica sean m\u00e1s visibles, realzando el atractivo visual de la bebida. Adem\u00e1s, este sofisticado acabado realza cualquier mesa.<\/p>\n<h4>Limpieza y sostenibilidad<\/h4>\n<p>Este vaso reutilizable facilita su mantenimiento: simplemente col\u00f3calo en el lavavajillas o l\u00e1valo a mano en segundos. Esto significa que puede usarse repetidamente sin afectar su apariencia. Adem\u00e1s, al reutilizarlo, se reducen los art\u00edculos desechables, lo que contribuye a pr\u00e1cticas m\u00e1s respetuosas con el medio ambiente.<\/p>\n<p>Ver m\u00e1s <a href=\"https:\/\/copopalhinhas.maildx.net\/es\/categorias\/copos-reutilizaveis-premium\/\">Vasos reutilizables premium<\/a>.<\/p>","protected":false},"excerpt":{"rendered":"<p>El vaso para ginebra SAN de 50 cl combina un dise\u00f1o elegante y resistencia a los impactos. Con una capacidad de 500 ml, realza los aromas y sabores de los c\u00f3cteles. Transparente, libre de BPA y f\u00e1cil de limpiar, promueve la reutilizaci\u00f3n sostenible.<\/p>\n<p><strong><img decoding=\"async\" src=\"https:\/\/copopalhinhas.maildx.net\/wp-content\/uploads\/Icon_reciclaveis.png\" alt=\"\" width=\"30\" height=\"30\" \/><\/strong> <strong><img decoding=\"async\" src=\"https:\/\/copopalhinhas.maildx.net\/wp-content\/uploads\/Icons_alimentos.png\" alt=\"\" width=\"30\" height=\"30\" \/><\/strong> <strong><img decoding=\"async\" src=\"https:\/\/copopalhinhas.maildx.net\/wp-content\/uploads\/Icon_isolamentos.png\" alt=\"\" width=\"30\" height=\"30\" \/><\/strong> <strong><img loading=\"lazy\" decoding=\"async\" src=\"https:\/\/copopalhinhas.maildx.net\/wp-content\/uploads\/Icons_reutilizaveis.png\" alt=\"\" width=\"30\" height=\"30\" \/> <\/strong><strong><img loading=\"lazy\" decoding=\"async\" src=\"https:\/\/copopalhinhas.maildx.net\/wp-content\/uploads\/Icon_transparencia.png\" alt=\"\" width=\"30\" height=\"30\" \/><\/strong><\/p>","protected":false},"featured_media":57153,"comment_status":"open","ping_status":"closed","template":"","meta":{"_acf_changed":false},"product_brand":[],"product_cat":[2000,2017,1718,1456,1510,1434,1946,1441,225],"product_tag":[1575,1781,1702,1568],"class_list":{"0":"post-33325","1":"product","2":"type-product","3":"status-publish","4":"has-post-thumbnail","6":"product_cat-copos-reutilizaveis-premium","7":"product_cat-copos-san-premium","8":"product_cat-transparente","9":"product_cat-51-60cl","10":"product_cat-inquebravel","11":"product_cat-materia-prima-san","12":"product_cat-copo","13":"product_cat-gin","14":"product_cat-copos","15":"product_tag-sub-menu-copos-premium","16":"product_tag-sub-menu-copos-premium-san","17":"product_tag-destaque","18":"product_tag-menu-reutilizaveis","19":"pa_capacidade-total-51-60cl","20":"pa_qtd-por-caixa-284","21":"pa_qtd-por-caixa-1312","22":"tm-no-options","24":"first","25":"instock","26":"taxable","27":"shipping-taxable","28":"purchasable","29":"product-type-variable"},"acf":[],"_links":{"self":[{"href":"https:\/\/copopalhinhas.maildx.net\/es\/wp-json\/wp\/v2\/product\/33325","targetHints":{"allow":["GET"]}}],"collection":[{"href":"https:\/\/copopalhinhas.maildx.net\/es\/wp-json\/wp\/v2\/product"}],"about":[{"href":"https:\/\/copopalhinhas.maildx.net\/es\/wp-json\/wp\/v2\/types\/product"}],"replies":[{"embeddable":true,"href":"https:\/\/copopalhinhas.maildx.net\/es\/wp-json\/wp\/v2\/comments?post=33325"}],"wp:featuredmedia":[{"embeddable":true,"href":"https:\/\/copopalhinhas.maildx.net\/es\/wp-json\/wp\/v2\/media\/57153"}],"wp:attachment":[{"href":"https:\/\/copopalhinhas.maildx.net\/es\/wp-json\/wp\/v2\/media?parent=33325"}],"wp:term":[{"taxonomy":"product_brand","embeddable":true,"href":"https:\/\/copopalhinhas.maildx.net\/es\/wp-json\/wp\/v2\/product_brand?post=33325"},{"taxonomy":"product_cat","embeddable":true,"href":"https:\/\/copopalhinhas.maildx.net\/es\/wp-json\/wp\/v2\/product_cat?post=33325"},{"taxonomy":"product_tag","embeddable":true,"href":"https:\/\/copopalhinhas.maildx.net\/es\/wp-json\/wp\/v2\/product_tag?post=33325"}],"curies":[{"name":"wp","href":"https:\/\/api.w.org\/{rel}","templated":true}]}}