{"id":33439,"date":"2024-09-12T16:39:31","date_gmt":"2024-09-12T15:39:31","guid":{"rendered":"https:\/\/copopalhinhas.maildx.net\/?post_type=product&#038;p=33439"},"modified":"2025-10-21T09:21:30","modified_gmt":"2025-10-21T08:21:30","slug":"copo-cafe-branco-4oz-12cl-120ml-cartao-papel","status":"publish","type":"product","link":"https:\/\/copopalhinhas.maildx.net\/es\/producto\/copo-cafe-branco-4oz-12cl-120ml-cartao-papel\/","title":{"rendered":"TAZA DE CAF\u00c9 CON LECHE 4OZ \/ 12CL (120ML) CART\u00d3N \/ PAPEL"},"content":{"rendered":"<p>Vaso de caf\u00e9 de papel blanco de 4 oz (12 cl\/120 ml)<\/p>\n<p>La taza de caf\u00e9 blanco de 4 oz es una forma inspiradora de disfrutar su caf\u00e9.<\/p>\n<ul>\n<li>Tama\u00f1o perfecto: con una capacidad de 4 oz (12 cl\/120 ml), esta taza es adecuada para servir caf\u00e9 y otras bebidas calientes.<\/li>\n<li>Material sustentable: Hecho de papel blanco duradero, este vaso es reciclable, lo que ayuda a preservar el medio ambiente.<\/li>\n<li>Cumplimiento de las directivas de la UE: Esta taza cumple con las pautas de envasado de la Uni\u00f3n Europea para advertir sobre los riesgos ambientales que estos productos pueden representar si se desechan incorrectamente.<\/li>\n<\/ul>\n<p><img decoding=\"async\" src=\"https:\/\/copopalhinhas.maildx.net\/wp-content\/uploads\/Icon_DESCARTAVEL.png\" alt=\"\" width=\"30\" height=\"30\" \/> <strong>Desechable<\/strong><\/p>\n<p><img decoding=\"async\" src=\"https:\/\/copopalhinhas.maildx.net\/wp-content\/uploads\/Icons_alimentos.png\" alt=\"\" width=\"30\" height=\"30\" \/> <strong>Alimento<\/strong>: Apto para consumo alimentario.<\/p>\n<p><img decoding=\"async\" src=\"https:\/\/copopalhinhas.maildx.net\/wp-content\/uploads\/Icon_reciclaveis.png\" alt=\"\" width=\"30\" height=\"30\" \/> <strong>Reciclables<\/strong>:Productos que pueden reciclarse o utilizarse para la recuperaci\u00f3n de energ\u00eda.<\/p>","protected":false},"excerpt":{"rendered":"<p>La taza de caf\u00e9 de papel blanco de 120 ml (4 oz) es la opci\u00f3n perfecta para disfrutar de tu caf\u00e9 favorito con comodidad. Incluye la Directiva de la UE (Decreto-Ley n.\u00ba 78\/2021) impresa en el reverso.<\/p>\n<p><img decoding=\"async\" src=\"https:\/\/copopalhinhas.maildx.net\/wp-content\/uploads\/Icons_alimentos.png\" alt=\"\" width=\"30\" height=\"30\" \/> <img decoding=\"async\" src=\"https:\/\/copopalhinhas.maildx.net\/wp-content\/uploads\/Icon_DESCARTAVEL.png\" alt=\"\" width=\"30\" height=\"30\" \/> <img decoding=\"async\" src=\"https:\/\/copopalhinhas.maildx.net\/wp-content\/uploads\/Icon_reciclaveis.png\" alt=\"\" width=\"30\" height=\"30\" \/><\/p>","protected":false},"featured_media":33442,"comment_status":"open","ping_status":"closed","template":"","meta":{"_acf_changed":false},"product_brand":[],"product_cat":[2007,2035,1719,1453,1512,1484,1437,1946,225],"product_tag":[1589,1594,1569,1702],"class_list":{"0":"post-33439","1":"product","2":"type-product","3":"status-publish","4":"has-post-thumbnail","6":"product_cat-copos-descartaveis","7":"product_cat-copos-descartaveis-cartao","8":"product_cat-branco","9":"product_cat-11-20cl","10":"product_cat-descartavel","11":"product_cat-cartao","12":"product_cat-cafe","13":"product_cat-copo","14":"product_cat-copos","15":"product_tag-sub-menu-copos-descartaveis","16":"product_tag-sub-menu-copos-descartaveis-papel-cartao","17":"product_tag-menu-descartaveis","18":"product_tag-destaque","19":"pa_qtd-por-caixa-1273","20":"pa_qtd-por-caixa-1288","21":"pa_qtd-por-caixa-1289","22":"tm-no-options","24":"first","25":"instock","26":"taxable","27":"shipping-taxable","28":"purchasable","29":"product-type-variable"},"acf":[],"_links":{"self":[{"href":"https:\/\/copopalhinhas.maildx.net\/es\/wp-json\/wp\/v2\/product\/33439","targetHints":{"allow":["GET"]}}],"collection":[{"href":"https:\/\/copopalhinhas.maildx.net\/es\/wp-json\/wp\/v2\/product"}],"about":[{"href":"https:\/\/copopalhinhas.maildx.net\/es\/wp-json\/wp\/v2\/types\/product"}],"replies":[{"embeddable":true,"href":"https:\/\/copopalhinhas.maildx.net\/es\/wp-json\/wp\/v2\/comments?post=33439"}],"wp:featuredmedia":[{"embeddable":true,"href":"https:\/\/copopalhinhas.maildx.net\/es\/wp-json\/wp\/v2\/media\/33442"}],"wp:attachment":[{"href":"https:\/\/copopalhinhas.maildx.net\/es\/wp-json\/wp\/v2\/media?parent=33439"}],"wp:term":[{"taxonomy":"product_brand","embeddable":true,"href":"https:\/\/copopalhinhas.maildx.net\/es\/wp-json\/wp\/v2\/product_brand?post=33439"},{"taxonomy":"product_cat","embeddable":true,"href":"https:\/\/copopalhinhas.maildx.net\/es\/wp-json\/wp\/v2\/product_cat?post=33439"},{"taxonomy":"product_tag","embeddable":true,"href":"https:\/\/copopalhinhas.maildx.net\/es\/wp-json\/wp\/v2\/product_tag?post=33439"}],"curies":[{"name":"wp","href":"https:\/\/api.w.org\/{rel}","templated":true}]}}