{"id":33688,"date":"2024-10-09T09:46:57","date_gmt":"2024-10-09T08:46:57","guid":{"rendered":"https:\/\/copopalhinhas.maildx.net\/?post_type=product&#038;p=33688"},"modified":"2025-09-27T18:42:46","modified_gmt":"2025-09-27T17:42:46","slug":"pote-kraft-75cl-750ml-sopas-saladas","status":"publish","type":"product","link":"https:\/\/copopalhinhas.maildx.net\/es\/producto\/pote-kraft-75cl-750ml-sopas-saladas\/","title":{"rendered":"OLLA KRAFT DE 75 CL (750 ML) PARA SOPAS Y ENSALADAS"},"content":{"rendered":"<h2>Olla Kraft de 75 cl (750 ml) para sopas y ensaladas<\/h2>\n<p>EL <strong>Tarro kraft de 75 cl<\/strong> (750 ml) fue dise\u00f1ado para servicios de comida para llevar y catering que requieren rapidez, consistencia y seguridad. El cuerpo de cart\u00f3n kraft natural proporciona resistencia diaria; adem\u00e1s, <em>transatl\u00e1ntico<\/em> El interior de polietileno ayuda a contener l\u00edquidos y salsas. Esto mantiene el contenido protegido desde el mostrador hasta el cliente.<\/p>\n<h3>Capacidad vers\u00e1til y uso intuitivo<\/h3>\n<p>Con 75 cl (750 ml), el recipiente sirve, por ejemplo, <strong>ensaladas<\/strong> completo, <strong>sopas<\/strong> Porciones generosas, pasta con salsa, fruta cortada y platos preparados. Esto garantiza porciones consistentes y, en consecuencia, reduce el desperdicio. Adem\u00e1s, su forma redonda facilita el llenado y el cierre, lo que agiliza el servicio en horas punta.<\/p>\n<h3>Materiales alimentarios seguros<\/h3>\n<p>Hecho de cart\u00f3n <strong>papel kraft<\/strong> Resistente, con revestimiento interior de polietileno, esta olla es apta para el contacto con alimentos. Por lo tanto, resiste salsas, aceites y grasas de forma fiable. Sin embargo, para mantener la integridad del material, <strong>No apto para microondas<\/strong> Ni siquiera para el horno.<\/p>\n<h3>Rendimiento operativo y conservaci\u00f3n<\/h3>\n<p>Gracias al refuerzo interno, la <strong>Envase de papel kraft de 750 ml<\/strong> permanece estable durante el transporte. Adem\u00e1s, es <strong>Apto para congelaci\u00f3n<\/strong>Esto aumenta la flexibilidad de preparaci\u00f3n. Sin embargo, al usar una tapa compatible (no incluida), se obtiene un sellado eficaz que reduce los derrames y conserva la frescura durante la entrega.<\/p>\n<h3>Dimensiones que facilitan el servicio<\/h3>\n<p>Para una mayor previsibilidad, la olla cuenta con <strong>14,5 cm de di\u00e1metro superior<\/strong> y <strong>12,5 cm en la base<\/strong>Por lo tanto, se apila f\u00e1cilmente y ocupa menos espacio en el estante. Adem\u00e1s, su altura equilibrada mejora la presentaci\u00f3n y permite mezclar la ensalada sin derrames.<\/p>\n<h3>Sostenibilidad y fin de vida \u00fatil<\/h3>\n<p>La tarjeta kraft se obtiene de forma responsable y, despu\u00e9s de su uso, <strong>ensaladera kraft<\/strong> Se puede reciclar seg\u00fan la normativa local. Esto sustituye soluciones menos sostenibles y transmite un claro compromiso ambiental a los consumidores.<\/p>\n<h3>Beneficios de un vistazo<\/h3>\n<p><strong>Funcional<\/strong>:75 cl (750 ml) para comidas fr\u00edas o calientes, desde sopas cremosas hasta ensaladas completas.<\/p>\n<p><strong>Confiable<\/strong>:Resistente al aceite y a la grasa; con una tapa compatible se consigue un transporte m\u00e1s limpio y estable.<\/p>\n<p><strong>Eficiente<\/strong>: llenado r\u00e1pido, apilable y f\u00e1cil de almacenar, agilizando as\u00ed las l\u00edneas de servicio de gran volumen.<\/p>\n<p><strong>Responsable<\/strong>:material kraft reciclable, en l\u00ednea con las buenas pr\u00e1cticas medioambientales.<\/p>\n<h3>\u00bfPara qui\u00e9n es?<\/h3>\n<p>Ideal para restaurantes, cafeter\u00edas, cantinas, <em>cocinas oscuras<\/em> y operaciones de catering que buscan <strong>Vaso kraft de 75 cl<\/strong> Robusto y coherente con una imagen moderna. En resumen, el <strong>Tarro kraft de 75 cl<\/strong> Ayuda a estandarizar porciones, simplificar procesos y mejorar la experiencia del cliente.<\/p>\n<p>Elige ahora <strong>Tarro kraft de 75 cl<\/strong> (750 ml) para servir sopas y ensaladas con calidad, rapidez y consistencia; de esta manera, su operaci\u00f3n es m\u00e1s estable y sus clientes quedan m\u00e1s satisfechos. Ver m\u00e1s <a href=\"https:\/\/copopalhinhas.maildx.net\/es\/categorias\/embalagens\/\">Embalaje<\/a>.<\/p>\n<p><img decoding=\"async\" src=\"https:\/\/copopalhinhas.maildx.net\/wp-content\/uploads\/Icon_DESCARTAVEL.png\" alt=\"\" width=\"30\" height=\"30\" \/> <strong>Desechable<\/strong><\/p>\n<p><img decoding=\"async\" src=\"https:\/\/copopalhinhas.maildx.net\/wp-content\/uploads\/Icons_alimentos.png\" alt=\"\" width=\"30\" height=\"30\" \/> <strong>Alimento<\/strong>: Apto para consumo alimentario.<\/p>\n<p><img decoding=\"async\" src=\"https:\/\/copopalhinhas.maildx.net\/wp-content\/uploads\/Icon_reciclaveis.png\" alt=\"\" width=\"30\" height=\"30\" \/> <strong>Reciclables<\/strong>:Productos que pueden reciclarse o utilizarse para la recuperaci\u00f3n de energ\u00eda.<\/p>","protected":false},"excerpt":{"rendered":"<p>Tarrina Kraft de 75 cl (750 ml) para sopas y ensaladas, tambi\u00e9n llamada ensaladera Kraft de 750 ml: resistente al aceite y la grasa, apta para congelaci\u00f3n y contacto con alimentos. Dimensiones: 14,5\/12,5 cm.<\/p>\n<p><img decoding=\"async\" src=\"https:\/\/copopalhinhas.maildx.net\/wp-content\/uploads\/Icons_alimentos.png\" alt=\"\" width=\"30\" height=\"30\" \/> <img decoding=\"async\" src=\"https:\/\/copopalhinhas.maildx.net\/wp-content\/uploads\/Icon_DESCARTAVEL.png\" alt=\"\" width=\"30\" height=\"30\" \/> <img decoding=\"async\" src=\"https:\/\/copopalhinhas.maildx.net\/wp-content\/uploads\/Icon_reciclaveis.png\" alt=\"\" width=\"30\" height=\"30\" \/><\/p>","protected":false},"featured_media":33691,"comment_status":"open","ping_status":"closed","template":"","meta":{"_acf_changed":false},"product_brand":[],"product_cat":[2010,1725,1518,1512,1508,1492,1498,1426,1427,1397],"product_tag":[1569,1702,1604],"class_list":{"0":"post-33688","1":"product","2":"type-product","3":"status-publish","4":"has-post-thumbnail","6":"product_cat-embalagens-descartaveis","7":"product_cat-castanho","8":"product_cat-71-80cl","9":"product_cat-descartavel","10":"product_cat-kraft","11":"product_cat-potes","12":"product_cat-sopa","13":"product_cat-embalagens-potes","14":"product_cat-embalangens-saladeiras","15":"product_cat-embalagens","16":"product_tag-menu-descartaveis","17":"product_tag-destaque","18":"product_tag-sub-menu-embalagens-descartaveis","19":"pa_qtd-por-caixa-1273","20":"pa_qtd-por-caixa-1275","21":"tm-no-options","23":"first","24":"instock","25":"taxable","26":"shipping-taxable","27":"purchasable","28":"product-type-variable"},"acf":[],"_links":{"self":[{"href":"https:\/\/copopalhinhas.maildx.net\/es\/wp-json\/wp\/v2\/product\/33688","targetHints":{"allow":["GET"]}}],"collection":[{"href":"https:\/\/copopalhinhas.maildx.net\/es\/wp-json\/wp\/v2\/product"}],"about":[{"href":"https:\/\/copopalhinhas.maildx.net\/es\/wp-json\/wp\/v2\/types\/product"}],"replies":[{"embeddable":true,"href":"https:\/\/copopalhinhas.maildx.net\/es\/wp-json\/wp\/v2\/comments?post=33688"}],"wp:featuredmedia":[{"embeddable":true,"href":"https:\/\/copopalhinhas.maildx.net\/es\/wp-json\/wp\/v2\/media\/33691"}],"wp:attachment":[{"href":"https:\/\/copopalhinhas.maildx.net\/es\/wp-json\/wp\/v2\/media?parent=33688"}],"wp:term":[{"taxonomy":"product_brand","embeddable":true,"href":"https:\/\/copopalhinhas.maildx.net\/es\/wp-json\/wp\/v2\/product_brand?post=33688"},{"taxonomy":"product_cat","embeddable":true,"href":"https:\/\/copopalhinhas.maildx.net\/es\/wp-json\/wp\/v2\/product_cat?post=33688"},{"taxonomy":"product_tag","embeddable":true,"href":"https:\/\/copopalhinhas.maildx.net\/es\/wp-json\/wp\/v2\/product_tag?post=33688"}],"curies":[{"name":"wp","href":"https:\/\/api.w.org\/{rel}","templated":true}]}}