{"id":33932,"date":"2024-10-21T11:51:59","date_gmt":"2024-10-21T10:51:59","guid":{"rendered":"https:\/\/copopalhinhas.maildx.net\/?post_type=product&#038;p=33932"},"modified":"2025-10-20T11:46:55","modified_gmt":"2025-10-20T10:46:55","slug":"forma-aluminio-redonda-tampa-142l-1420ml","status":"publish","type":"product","link":"https:\/\/copopalhinhas.maildx.net\/es\/producto\/forma-aluminio-redonda-tampa-142l-1420ml\/","title":{"rendered":"FORMULARIO REDONDO DE ALUMINIO CON TAPA 1,42L (1420ML)"},"content":{"rendered":"<h2>Sart\u00e9n redonda de aluminio con tapa de 1,42 L (1420 ml)<\/h2>\n<p>EL <strong>molde redondo de aluminio<\/strong> El modelo con tapa de 1.42 L se cre\u00f3 para simplificar la producci\u00f3n, el transporte y el servicio. Gracias a su aluminio de grado alimenticio, que conduce el calor eficientemente, la cocci\u00f3n es uniforme y predecible. Adem\u00e1s, la tapa r\u00edgida se ajusta firmemente, protegiendo el contenido y facilitando su apilamiento durante el almacenamiento, en los estantes y durante el env\u00edo.<\/p>\n<h3>Capacidad y utilizaci\u00f3n<\/h3>\n<p>Con <strong>1,42 L \/ 1420 ml<\/strong>El recipiente contiene porciones familiares, asados medianos, pasta gratinada, arroz al horno, pescado, verduras o postres. As\u00ed que, prepara la receta, m\u00e9tela en el horno, ci\u00e9rrala y env\u00edala a... <em>llevar<\/em>, buffet o entrega sin cambiar el embalaje. Esto se traduce en un flujo de trabajo estable y un equipo m\u00e1s \u00e1gil.<\/p>\n<h3>Rendimiento del horno<\/h3>\n<p>El aluminio soporta altas temperaturas y distribuye el calor por toda la forma. Por lo tanto, <strong>molde redondo de aluminio<\/strong> trabaja en <strong>horno convencional<\/strong> con excelentes resultados. <strong>No utilizar en microondas.<\/strong> Para conservar la tapa, espere unos minutos despu\u00e9s de sacar la cacerola del horno y solo entonces cierre el conjunto.<\/p>\n<h3>Tapa segura y etiquetable<\/h3>\n<p>La tapa incluida crea una <strong>cierre firme<\/strong> Lo que limita los derrames, previene la contaminaci\u00f3n y mejora la conservaci\u00f3n. Al mismo tiempo, la superficie plana acepta <strong>etiquetas y r\u00f3tulos<\/strong> con fechas, al\u00e9rgenos o c\u00f3digos internos. Por lo tanto, identificar cada preparaci\u00f3n es r\u00e1pido y sin errores.<\/p>\n<h3>Higiene y Buenas Pr\u00e1cticas<\/h3>\n<p>El material es apto para alimentos y tiene una superficie lisa. Por lo tanto, la limpieza, cuando sea necesaria, se realiza en tan solo unos pasos. Aun as\u00ed, deseche el embalaje de forma responsable despu\u00e9s de un uso intensivo o seg\u00fan el protocolo de su empresa. Para un rendimiento \u00f3ptimo, guarde los moldes en un lugar seco y evite cargarlos excesivamente al apilarlos.<\/p>\n<h3>Operaci\u00f3n eficiente<\/h3>\n<p>El molde llega listo para usar: llenar, cocinar, sellar y servir. Esto reduce el tiempo de montaje y los cambios de envase. Adem\u00e1s, su forma redonda realza la presentaci\u00f3n en vitrinas y mesas de buffet, reforzando la percepci\u00f3n de calidad del cliente.<\/p>\n<h3>Aplicaciones t\u00edpicas<\/h3>\n<p>Restauraci\u00f3n y <em>abastecimiento<\/em>, comedores, pasteler\u00edas, carnicer\u00edas con comida preparada, tiendas de alimentaci\u00f3n <em>agarrar y llevar<\/em>, cafeter\u00edas y eventos. Asimismo, la <strong>molde redondo de aluminio<\/strong> Es pr\u00e1ctico para pedidos familiares y men\u00fas de fin de semana.<\/p>\n<h3>Ventajas de un vistazo<\/h3>\n<p><strong>Versatilidad:<\/strong> cocinar, conservar, transportar y servir con el mismo recipiente.<\/p>\n<p><strong>Capacidad ideal:<\/strong> 1,42 L para platos familiares y para compartir.<\/p>\n<p><strong>Transporte seguro:<\/strong> Tapa con buen ajuste que reduce derrames y permite apilar.<\/p>\n<p><strong>Presentaci\u00f3n cuidadosa:<\/strong> Forma redonda que realza la receta en el mostrador y buffet.<\/p>\n<h3>Conclusi\u00f3n<\/h3>\n<p>En resumen, el <strong>molde redondo de aluminio<\/strong> Con una tapa de 1,42 L, combina el rendimiento del horno, un transporte seguro y una apariencia profesional. Elija esta soluci\u00f3n cuando necesite productividad con calidad constante. Ver m\u00e1s <a href=\"https:\/\/copopalhinhas.maildx.net\/es\/categorias\/embalagens\/\">Embalaje<\/a>.<\/p>\n<p><img decoding=\"async\" src=\"https:\/\/copopalhinhas.maildx.net\/wp-content\/uploads\/Icon_DESCARTAVEL.png\" alt=\"\" width=\"30\" height=\"30\" \/> <strong>Desechable<\/strong><\/p>\n<p><img decoding=\"async\" src=\"https:\/\/copopalhinhas.maildx.net\/wp-content\/uploads\/Icons_alimentos.png\" alt=\"\" width=\"30\" height=\"30\" \/> <strong>Alimento<\/strong>: Apto para consumo alimentario.<\/p>\n<p><img decoding=\"async\" src=\"https:\/\/copopalhinhas.maildx.net\/wp-content\/uploads\/Icon_reciclaveis.png\" alt=\"\" width=\"30\" height=\"30\" \/> <strong>Reciclables<\/strong>:Productos que pueden reciclarse o utilizarse para la recuperaci\u00f3n de energ\u00eda.<\/p>","protected":false},"excerpt":{"rendered":"<p><strong>Molde redondo de aluminio<\/strong> con <strong>cubrir<\/strong> 1,42 L (1420 ml). Hornea, almacena y transporta de forma segura. Ideal para porciones familiares y buf\u00e9s.<\/p>\n<p><img decoding=\"async\" src=\"https:\/\/copopalhinhas.maildx.net\/wp-content\/uploads\/Icons_alimentos.png\" alt=\"\" width=\"30\" height=\"30\" \/> <img decoding=\"async\" src=\"https:\/\/copopalhinhas.maildx.net\/wp-content\/uploads\/Icon_DESCARTAVEL.png\" alt=\"\" width=\"30\" height=\"30\" \/> <img decoding=\"async\" src=\"https:\/\/copopalhinhas.maildx.net\/wp-content\/uploads\/Icon_reciclaveis.png\" alt=\"\" width=\"30\" height=\"30\" \/><\/p>","protected":false},"featured_media":33947,"comment_status":"open","ping_status":"closed","template":"","meta":{"_acf_changed":false},"product_brand":[],"product_cat":[2048,2010,2249,1770,1644,1512,1487,1397],"product_tag":[1569,1702,1841,1604],"class_list":{"0":"post-33932","1":"product","2":"type-product","3":"status-publish","4":"has-post-thumbnail","6":"product_cat-embalagens-aluminio","7":"product_cat-embalagens-descartaveis","8":"product_cat-take-away","9":"product_cat-cinzento","10":"product_cat-11l-a-2l","11":"product_cat-descartavel","12":"product_cat-aluminio","13":"product_cat-embalagens","14":"product_tag-menu-descartaveis","15":"product_tag-destaque","16":"product_tag-sub-menu-embalagens-aluminio","17":"product_tag-sub-menu-embalagens-descartaveis","18":"pa_qtd-por-caixa-281","19":"pa_qtd-por-caixa-1286","20":"tm-no-options","22":"first","23":"instock","24":"taxable","25":"shipping-taxable","26":"purchasable","27":"product-type-variable"},"acf":[],"_links":{"self":[{"href":"https:\/\/copopalhinhas.maildx.net\/es\/wp-json\/wp\/v2\/product\/33932","targetHints":{"allow":["GET"]}}],"collection":[{"href":"https:\/\/copopalhinhas.maildx.net\/es\/wp-json\/wp\/v2\/product"}],"about":[{"href":"https:\/\/copopalhinhas.maildx.net\/es\/wp-json\/wp\/v2\/types\/product"}],"replies":[{"embeddable":true,"href":"https:\/\/copopalhinhas.maildx.net\/es\/wp-json\/wp\/v2\/comments?post=33932"}],"wp:featuredmedia":[{"embeddable":true,"href":"https:\/\/copopalhinhas.maildx.net\/es\/wp-json\/wp\/v2\/media\/33947"}],"wp:attachment":[{"href":"https:\/\/copopalhinhas.maildx.net\/es\/wp-json\/wp\/v2\/media?parent=33932"}],"wp:term":[{"taxonomy":"product_brand","embeddable":true,"href":"https:\/\/copopalhinhas.maildx.net\/es\/wp-json\/wp\/v2\/product_brand?post=33932"},{"taxonomy":"product_cat","embeddable":true,"href":"https:\/\/copopalhinhas.maildx.net\/es\/wp-json\/wp\/v2\/product_cat?post=33932"},{"taxonomy":"product_tag","embeddable":true,"href":"https:\/\/copopalhinhas.maildx.net\/es\/wp-json\/wp\/v2\/product_tag?post=33932"}],"curies":[{"name":"wp","href":"https:\/\/api.w.org\/{rel}","templated":true}]}}