{"id":33938,"date":"2024-10-21T12:02:31","date_gmt":"2024-10-21T11:02:31","guid":{"rendered":"https:\/\/copopalhinhas.maildx.net\/?post_type=product&#038;p=33938"},"modified":"2025-11-12T10:12:06","modified_gmt":"2025-11-12T10:12:06","slug":"forma-aluminio-oval-tampa-26l-2600ml","status":"publish","type":"product","link":"https:\/\/copopalhinhas.maildx.net\/es\/producto\/forma-aluminio-oval-tampa-26l-2600ml\/","title":{"rendered":"FORMULARIO OVALADO DE ALUMINIO CON TAPA 2.6L (2600ML)"},"content":{"rendered":"<h2>Sart\u00e9n ovalada de aluminio con tapa de 2,6 L (2600 ml)<\/h2>\n<p>EL <strong>molde de aluminio ovalado<\/strong> Con una tapa de 2,6 L, resuelve cuatro tareas cotidianas: cocinar, conservar, transportar y servir. En primer lugar, el <strong>aluminio alimentario<\/strong> Distribuye el calor uniformemente y garantiza una cocci\u00f3n uniforme. Adem\u00e1s, la tapa a juego se cierra de forma segura, reduciendo los derrames y permitiendo un apilamiento seguro en la c\u00e1mara o sobre la encimera. <em>llevar<\/em>Como resultado, la operaci\u00f3n se vuelve m\u00e1s r\u00e1pida y predecible.<\/p>\n<h3>Capacidad y utilizaci\u00f3n<\/h3>\n<p>Con <strong>2,6 L (2600 ml)<\/strong>El envase admite asados, bacalao al horno, pasta gratinada, verduras, lasa\u00f1a y postres familiares. De esta forma, se puede cocinar en el mismo recipiente y luego transportar la preparaci\u00f3n al cliente, evento o buffet sin tener que cambiar de plato. Adem\u00e1s, su forma ovalada permite servir porciones para compartir.<\/p>\n<h3>Rendimiento del horno<\/h3>\n<p>El aluminio soporta altas temperaturas y conduce el calor de manera eficiente; por lo tanto, <strong>molde de aluminio ovalado<\/strong> trabaja en <strong>horno convencional<\/strong>. <strong>No utilizar en microondas.<\/strong> Para proteger la tapa, espere unos minutos despu\u00e9s de retirar la cacerola del horno y solo entonces cierre el conjunto.<\/p>\n<h3>Funda de transporte segura<\/h3>\n<p>La tapa r\u00edgida crea una <strong>cierre firme<\/strong> Esto protege la receta durante el transporte y evita la contaminaci\u00f3n. Garantiza que el plato llegue con una mejor presentaci\u00f3n y sin p\u00e9rdidas de salsa. El conjunto de molde y tapa se apila sin colapsar, optimizando el espacio en los estantes y en el veh\u00edculo.<\/p>\n<h3>Higiene y Buenas Pr\u00e1cticas<\/h3>\n<p>El material cumple <strong>contacto con alimentos<\/strong> Adem\u00e1s, presenta una superficie lisa, lo que facilita su limpieza cuando el proceso lo requiere. Aun as\u00ed, deseche el embalaje de forma responsable despu\u00e9s de un uso intensivo o seg\u00fan el protocolo de su empresa. Adem\u00e1s, los formatos estandarizados reducen los residuos y agilizan la producci\u00f3n.<\/p>\n<h3>Operaci\u00f3n eficiente<\/h3>\n<p>El molde llega listo para usar: llenar, cocinar y cerrar. Esto permite al equipo reducir el tiempo de montaje, aplicar etiquetas o adhesivos a la tapa e identificar r\u00e1pidamente recetas, al\u00e9rgenos y fechas. En consecuencia, el servicio mantiene su ritmo incluso durante los picos de demanda.<\/p>\n<h3>Aplicaciones t\u00edpicas<\/h3>\n<p>Restauraci\u00f3n y <em>abastecimiento<\/em>, comedores, pasteler\u00edas, carnicer\u00edas con comida preparada, tiendas de alimentaci\u00f3n <em>agarrar y llevar<\/em>, cafeter\u00edas y eventos. Asimismo, la <strong>molde de aluminio ovalado<\/strong> resultados en pedidos familiares y men\u00fas de fin de semana.<\/p>\n<h3>Ventajas de un vistazo<\/h3>\n<p><strong>Versatilidad:<\/strong> cocina, conserva, transporta y sirve en el mismo recipiente.<\/p>\n<p><strong>Capacidad familiar:<\/strong> 2,6 L para asados y platos para compartir.<\/p>\n<p><strong>Transporte seguro:<\/strong> tapa que limita los derrames y mejora la conservaci\u00f3n.<\/p>\n<p><strong>Eficiencia:<\/strong> Apilable y listo para usar, optimiza el almacenamiento, las estanter\u00edas y el env\u00edo.<\/p>\n<h3>Conclusi\u00f3n<\/h3>\n<p>En resumen, el <strong>molde de aluminio ovalado<\/strong> Con una tapa de 2.6 L, combina el rendimiento del horno, un transporte seguro y una presentaci\u00f3n cuidada. Elija esta soluci\u00f3n cuando necesite productividad sin sacrificar la calidad. Ver m\u00e1s <a href=\"https:\/\/copopalhinhas.maildx.net\/es\/categorias\/embalagens\/\">Embalaje<\/a>.<\/p>\n<p><img decoding=\"async\" src=\"https:\/\/copopalhinhas.maildx.net\/wp-content\/uploads\/Icon_DESCARTAVEL.png\" alt=\"\" width=\"30\" height=\"30\" \/> <strong>Desechable<\/strong><\/p>\n<p><img decoding=\"async\" src=\"https:\/\/copopalhinhas.maildx.net\/wp-content\/uploads\/Icons_alimentos.png\" alt=\"\" width=\"30\" height=\"30\" \/> <strong>Alimento<\/strong>: Apto para consumo alimentario.<\/p>\n<p><img decoding=\"async\" src=\"https:\/\/copopalhinhas.maildx.net\/wp-content\/uploads\/Icon_reciclaveis.png\" alt=\"\" width=\"30\" height=\"30\" \/> <strong>Reciclables<\/strong>:Productos que pueden reciclarse o utilizarse para la recuperaci\u00f3n de energ\u00eda.<\/p>","protected":false},"excerpt":{"rendered":"<p><strong>Molde de aluminio ovalado<\/strong> con <strong>cubrir<\/strong> 2,6 L (2600 ml). Ideal para cocinar en el horno, transportar y servir de forma segura. Apilable, pr\u00e1ctico y con una presentaci\u00f3n impecable.<\/p>\n<p><img decoding=\"async\" src=\"https:\/\/copopalhinhas.maildx.net\/wp-content\/uploads\/Icons_alimentos.png\" alt=\"\" width=\"30\" height=\"30\" \/> <img decoding=\"async\" src=\"https:\/\/copopalhinhas.maildx.net\/wp-content\/uploads\/Icon_DESCARTAVEL.png\" alt=\"\" width=\"30\" height=\"30\" \/> <img decoding=\"async\" src=\"https:\/\/copopalhinhas.maildx.net\/wp-content\/uploads\/Icon_reciclaveis.png\" alt=\"\" width=\"30\" height=\"30\" \/><\/p>","protected":false},"featured_media":33956,"comment_status":"open","ping_status":"closed","template":"","meta":{"_acf_changed":false},"product_brand":[],"product_cat":[2048,2010,2249,1770,1645,1512,1487,1843,1397],"product_tag":[1569,1702,1841,1604],"class_list":{"0":"post-33938","1":"product","2":"type-product","3":"status-publish","4":"has-post-thumbnail","6":"product_cat-embalagens-aluminio","7":"product_cat-embalagens-descartaveis","8":"product_cat-take-away","9":"product_cat-cinzento","10":"product_cat-21l-3l","11":"product_cat-descartavel","12":"product_cat-aluminio","13":"product_cat-oval","14":"product_cat-embalagens","15":"product_tag-menu-descartaveis","16":"product_tag-destaque","17":"product_tag-sub-menu-embalagens-aluminio","18":"product_tag-sub-menu-embalagens-descartaveis","19":"pa_qtd-por-caixa-281","20":"pa_qtd-por-caixa-1277","21":"tm-no-options","23":"first","24":"instock","25":"taxable","26":"shipping-taxable","27":"purchasable","28":"product-type-variable"},"acf":[],"_links":{"self":[{"href":"https:\/\/copopalhinhas.maildx.net\/es\/wp-json\/wp\/v2\/product\/33938","targetHints":{"allow":["GET"]}}],"collection":[{"href":"https:\/\/copopalhinhas.maildx.net\/es\/wp-json\/wp\/v2\/product"}],"about":[{"href":"https:\/\/copopalhinhas.maildx.net\/es\/wp-json\/wp\/v2\/types\/product"}],"replies":[{"embeddable":true,"href":"https:\/\/copopalhinhas.maildx.net\/es\/wp-json\/wp\/v2\/comments?post=33938"}],"wp:featuredmedia":[{"embeddable":true,"href":"https:\/\/copopalhinhas.maildx.net\/es\/wp-json\/wp\/v2\/media\/33956"}],"wp:attachment":[{"href":"https:\/\/copopalhinhas.maildx.net\/es\/wp-json\/wp\/v2\/media?parent=33938"}],"wp:term":[{"taxonomy":"product_brand","embeddable":true,"href":"https:\/\/copopalhinhas.maildx.net\/es\/wp-json\/wp\/v2\/product_brand?post=33938"},{"taxonomy":"product_cat","embeddable":true,"href":"https:\/\/copopalhinhas.maildx.net\/es\/wp-json\/wp\/v2\/product_cat?post=33938"},{"taxonomy":"product_tag","embeddable":true,"href":"https:\/\/copopalhinhas.maildx.net\/es\/wp-json\/wp\/v2\/product_tag?post=33938"}],"curies":[{"name":"wp","href":"https:\/\/api.w.org\/{rel}","templated":true}]}}