{"id":34160,"date":"2024-10-30T10:23:53","date_gmt":"2024-10-30T10:23:53","guid":{"rendered":"https:\/\/copopalhinhas.maildx.net\/?post_type=product&#038;p=34160"},"modified":"2025-11-22T00:22:38","modified_gmt":"2025-11-22T00:22:38","slug":"kit-talheres-madeira-garfo-faca-guardanapo-embalagem-individual-kraft","status":"publish","type":"product","link":"https:\/\/copopalhinhas.maildx.net\/es\/producto\/kit-talheres-madeira-garfo-faca-guardanapo-embalagem-individual-kraft\/","title":{"rendered":"KIT DE CUBIERTOS DE MADERA TENEDOR+CUCHILLO+SERVILLETA (EMBALAJE INDIVIDUAL DE PAPEL KRAFT)"},"content":{"rendered":"<h2>Juego de cubiertos de madera de 16 cm con servilleta \u2013 Embalaje individual de papel kraft<\/h2>\n<p>EL <strong>juego de cubiertos de madera<\/strong> Fue creado para servir con elegancia y reducir el uso de pl\u00e1stico desechable. Incluye un tenedor y un cuchillo de madera de 16 cm, adem\u00e1s de una servilleta suave y absorbente. Esto hace que el servicio sea m\u00e1s higi\u00e9nico, ya que cada juego incluye <em>empaquetado individualmente<\/em> en papel kraft.<\/p>\n<h3>\u00bfPor qu\u00e9 elegir este Kit?<\/h3>\n<p>Es una soluci\u00f3n pr\u00e1ctica para restaurantes, cafeter\u00edas, eventos, catering y comida para llevar. Adem\u00e1s, la madera aporta un toque natural a la mesa y combina con diversos estilos de presentaci\u00f3n. Adem\u00e1s, el embalaje de papel kraft protege los cubiertos durante el transporte, manteniendo as\u00ed la higiene hasta el momento de su uso.<\/p>\n<h3>Ventajas y beneficios<\/h3>\n<p>Fabricado con madera de origen responsable, el juego es ligero, duradero y c\u00f3modo de sostener. Por lo tanto, facilita cortar y disfrutar de una variedad de alimentos, desde comidas fr\u00edas hasta platos calientes. Adem\u00e1s, la servilleta incluida ofrece una comodidad inmediata, mejorando la experiencia del cliente y reduciendo el tiempo de preparaci\u00f3n.<\/p>\n<h3>Sostenibilidad<\/h3>\n<p>Al estar fabricado con materiales de origen biol\u00f3gico y envases de papel, el kit promueve pr\u00e1cticas de consumo m\u00e1s sostenibles. Por lo tanto, es una alternativa sin pl\u00e1stico ideal para quienes buscan reducir la huella ambiental de su negocio. Adem\u00e1s, el envase kraft transmite una imagen ecol\u00f3gica y moderna.<\/p>\n<h3>Uso recomendado<\/h3>\n<p>Ideal para men\u00fas para llevar, ferias comerciales, fiestas, eventos corporativos, hoteles y servicio a la habitaci\u00f3n. Tambi\u00e9n funciona bien en paquetes de comida preparada, ya que llega listo para usar y con un aspecto impecable. En resumen, es una opci\u00f3n segura, higi\u00e9nica y vers\u00e1til para un servicio de calidad.<\/p>\n<h3>Caracter\u00edsticas principales<\/h3>\n<p>Cubiertos de madera de 16 cm (tenedor y cuchillo) + servilleta; envueltos individualmente en papel kraft; tacto natural; robustos y ligeros; soluci\u00f3n higi\u00e9nica para contacto con alimentos; aptos para catering, restaurantes y eventos.<\/p>\n<p>Elige el <strong>juego de cubiertos de madera<\/strong> Ofrecer una experiencia c\u00f3moda y sostenible, sin complicaciones. Ver m\u00e1s <a href=\"https:\/\/copopalhinhas.maildx.net\/es\/categorias\/talheres-de-madeira\/\">Cubiertos de madera<\/a>.<\/p>\n<p><img decoding=\"async\" src=\"https:\/\/copopalhinhas.maildx.net\/wp-content\/uploads\/Icon_DESCARTAVEL.png\" alt=\"\" width=\"30\" height=\"30\" \/> <strong>Desechable<\/strong><\/p>\n<p><img decoding=\"async\" src=\"https:\/\/copopalhinhas.maildx.net\/wp-content\/uploads\/Icons_alimentos.png\" alt=\"\" width=\"30\" height=\"30\" \/> <strong>Alimento<\/strong>: Apto para consumo alimentario.<\/p>\n<p><img decoding=\"async\" src=\"https:\/\/copopalhinhas.maildx.net\/wp-content\/uploads\/Icon_reciclaveis.png\" alt=\"\" width=\"30\" height=\"30\" \/> <strong>Reciclables<\/strong>:Productos que pueden reciclarse o utilizarse para la recuperaci\u00f3n de energ\u00eda.<\/p>","protected":false},"excerpt":{"rendered":"<p>EL <strong>juego de cubiertos de madera<\/strong> Incluye un cuchillo y un tenedor de 16 cm con una servilleta suave. Cada juego llega a la puerta del cliente. <em>empaquetado individualmente<\/em> Hecho de papel kraft, lo que mejora la higiene. Esto hace que el servicio sea m\u00e1s r\u00e1pido, c\u00f3modo y elegante. Tambi\u00e9n es una alternativa sostenible para restaurantes, eventos y comida para llevar.<\/p>\n<p><img decoding=\"async\" src=\"https:\/\/copopalhinhas.maildx.net\/wp-content\/uploads\/Icons_alimentos.png\" alt=\"\" width=\"30\" height=\"30\" \/> <img decoding=\"async\" src=\"https:\/\/copopalhinhas.maildx.net\/wp-content\/uploads\/Icon_DESCARTAVEL.png\" alt=\"\" width=\"30\" height=\"30\" \/> <img decoding=\"async\" src=\"https:\/\/copopalhinhas.maildx.net\/wp-content\/uploads\/Icon_reciclaveis.png\" alt=\"\" width=\"30\" height=\"30\" \/><\/p>","protected":false},"featured_media":34164,"comment_status":"open","ping_status":"closed","template":"","meta":{"_acf_changed":false},"product_brand":[],"product_cat":[2245,2043,2009,1725,1512,1479,1489,1473,1474,227],"product_tag":[1569,1702,1602,1600],"class_list":{"0":"post-34160","1":"product","2":"type-product","3":"status-publish","4":"has-post-thumbnail","6":"product_cat-conjuntos","7":"product_cat-talheres-de-madeira","8":"product_cat-talheres-descartaveis","9":"product_cat-castanho","10":"product_cat-descartavel","11":"product_cat-embalado-individualmente","12":"product_cat-madeira","13":"product_cat-faca","14":"product_cat-garfo","15":"product_cat-talheres","16":"product_tag-menu-descartaveis","17":"product_tag-destaque","18":"product_tag-sub-menu-talheres-de-madeira","19":"product_tag-sub-menu-talheres-descartaveis","20":"pa_qtd-por-caixa-1273","21":"pa_qtd-por-caixa-1308","22":"tm-no-options","24":"first","25":"instock","26":"taxable","27":"shipping-taxable","28":"purchasable","29":"product-type-variable"},"acf":[],"_links":{"self":[{"href":"https:\/\/copopalhinhas.maildx.net\/es\/wp-json\/wp\/v2\/product\/34160","targetHints":{"allow":["GET"]}}],"collection":[{"href":"https:\/\/copopalhinhas.maildx.net\/es\/wp-json\/wp\/v2\/product"}],"about":[{"href":"https:\/\/copopalhinhas.maildx.net\/es\/wp-json\/wp\/v2\/types\/product"}],"replies":[{"embeddable":true,"href":"https:\/\/copopalhinhas.maildx.net\/es\/wp-json\/wp\/v2\/comments?post=34160"}],"wp:featuredmedia":[{"embeddable":true,"href":"https:\/\/copopalhinhas.maildx.net\/es\/wp-json\/wp\/v2\/media\/34164"}],"wp:attachment":[{"href":"https:\/\/copopalhinhas.maildx.net\/es\/wp-json\/wp\/v2\/media?parent=34160"}],"wp:term":[{"taxonomy":"product_brand","embeddable":true,"href":"https:\/\/copopalhinhas.maildx.net\/es\/wp-json\/wp\/v2\/product_brand?post=34160"},{"taxonomy":"product_cat","embeddable":true,"href":"https:\/\/copopalhinhas.maildx.net\/es\/wp-json\/wp\/v2\/product_cat?post=34160"},{"taxonomy":"product_tag","embeddable":true,"href":"https:\/\/copopalhinhas.maildx.net\/es\/wp-json\/wp\/v2\/product_tag?post=34160"}],"curies":[{"name":"wp","href":"https:\/\/api.w.org\/{rel}","templated":true}]}}