{"id":54854,"date":"2024-12-10T10:52:01","date_gmt":"2024-12-10T10:52:01","guid":{"rendered":"https:\/\/copopalhinhas.maildx.net\/?post_type=product&#038;p=54854"},"modified":"2025-11-22T00:22:30","modified_gmt":"2025-11-22T00:22:30","slug":"copo-tubo-san-20cl-200ml","status":"publish","type":"product","link":"https:\/\/copopalhinhas.maildx.net\/es\/producto\/copo-tubo-san-20cl-200ml\/","title":{"rendered":"VASO SAN TUBE 20CL (200ML)"},"content":{"rendered":"<h3>Vaso Tubo SAN 20 cl (200 ml): Versatilidad y Durabilidad<\/h3>\n<h4>Dise\u00f1o tubular moderno<\/h4>\n<p>El vaso tubular SAN presenta una elegante forma cil\u00edndrica que realza cualquier bebida. Adem\u00e1s, su perfil minimalista complementa todo, desde c\u00f3cteles hasta jugos frescos. Aporta un toque contempor\u00e1neo a sus bebidas.<\/p>\n<h4>Transparencia cristalina<\/h4>\n<p>Fabricado em SAN de alta qualidade, este copo pl\u00e1stico recria a apar\u00eancia do vidro. Logo, os clientes apreciam a cor e o brilho das bebidas, intensificando a experi\u00eancia sensorial. Ademais, o material dur\u00e1vel oferece seguran\u00e7a em ambientes agitados.<\/p>\n<h4>Capacidad ideal de 20 cl<\/h4>\n<p>Con una capacidad de 200 ml, el vaso de tubo se adapta a diversas necesidades, ya sea para servir refrescos, agua, c\u00f3cteles o n\u00e9ctares. Esto lo convierte en una opci\u00f3n vers\u00e1til para bares, restaurantes y eventos. Esto evita el desperdicio y garantiza porciones equilibradas.<\/p>\n<h4>Ligereza y comodidad<\/h4>\n<p>A pesar de su robustez, este vaso reutilizable es sorprendentemente ligero, lo que facilita su manejo durante largas jornadas de trabajo. Adem\u00e1s, su dise\u00f1o ergon\u00f3mico garantiza un agarre c\u00f3modo y estable.<\/p>\n<h4>Reutilizable y econ\u00f3mico<\/h4>\n<p>Al elegir este vaso ecol\u00f3gico, reduce su dependencia de los desechables. Esto le ahorra dinero a largo plazo y contribuye a la sostenibilidad. En consecuencia, reduce los costos operativos y promueve pr\u00e1cticas respetuosas con el medio ambiente.<\/p>\n<h4>Limpieza simplificada<\/h4>\n<p>Puedes lavar el vaso de tubo a mano o en el lavavajillas sin preocupaciones. Su limpieza r\u00e1pida garantiza que est\u00e9 listo para usar inmediatamente despu\u00e9s de usarlo. Adem\u00e1s, el resistente SAN no mancha ni retiene olores.<\/p>\n<h4>Varias aplicaciones<\/h4>\n<p>Ideal para buf\u00e9s, fiestas al aire libre, cafeter\u00edas y comidas informales, este resistente vaso se adapta a cualquier ocasi\u00f3n. Su est\u00e9tica atemporal se integra en cenas sofisticadas o bares sencillos, sin renunciar al estilo.<\/p>\n<p>Ver m\u00e1s <a href=\"https:\/\/copopalhinhas.maildx.net\/es\/categorias\/copos-reutilizaveis-premium\/\">Vasos reutilizables premium<\/a>.<\/p>\n<p><strong><img decoding=\"async\" src=\"https:\/\/copopalhinhas.maildx.net\/wp-content\/uploads\/Icon_reciclaveis.png\" alt=\"\" width=\"30\" height=\"30\" \/><\/strong><strong><img decoding=\"async\" src=\"https:\/\/copopalhinhas.maildx.net\/wp-content\/uploads\/Icons_alimentos.png\" alt=\"\" width=\"30\" height=\"30\" \/><\/strong><strong><img decoding=\"async\" src=\"https:\/\/copopalhinhas.maildx.net\/wp-content\/uploads\/Icon_isolamentos.png\" alt=\"\" width=\"30\" height=\"30\" \/><\/strong><strong><img loading=\"lazy\" decoding=\"async\" src=\"https:\/\/copopalhinhas.maildx.net\/wp-content\/uploads\/Icons_reutilizaveis.png\" alt=\"\" width=\"30\" height=\"30\" \/><\/strong><strong><img loading=\"lazy\" decoding=\"async\" src=\"https:\/\/copopalhinhas.maildx.net\/wp-content\/uploads\/Icon_transparencia.png\" alt=\"\" width=\"30\" height=\"30\" \/><\/strong><\/p>","protected":false},"excerpt":{"rendered":"<p>El vaso de tubo SAN de 20 cl combina durabilidad y estilo en un solo producto. Ligero y f\u00e1cil de manejar, recrea la transparencia del vidrio con la resistencia del pl\u00e1stico. Tambi\u00e9n es apto para c\u00f3cteles, zumos y agua. Adem\u00e1s, ofrece una limpieza r\u00e1pida y una reutilizaci\u00f3n sostenible. Tiene una capacidad de 20 cl.<br \/>\n<strong><img decoding=\"async\" src=\"https:\/\/copopalhinhas.maildx.net\/wp-content\/uploads\/Icon_reciclaveis.png\" alt=\"\" width=\"30\" height=\"30\" \/><\/strong><strong><img decoding=\"async\" src=\"https:\/\/copopalhinhas.maildx.net\/wp-content\/uploads\/Icons_alimentos.png\" alt=\"\" width=\"30\" height=\"30\" \/><\/strong><strong><img decoding=\"async\" src=\"https:\/\/copopalhinhas.maildx.net\/wp-content\/uploads\/Icon_isolamentos.png\" alt=\"\" width=\"30\" height=\"30\" \/><\/strong><strong><img loading=\"lazy\" decoding=\"async\" src=\"https:\/\/copopalhinhas.maildx.net\/wp-content\/uploads\/Icons_reutilizaveis.png\" alt=\"\" width=\"30\" height=\"30\" \/><\/strong><strong><img loading=\"lazy\" decoding=\"async\" src=\"https:\/\/copopalhinhas.maildx.net\/wp-content\/uploads\/Icon_transparencia.png\" alt=\"\" width=\"30\" height=\"30\" \/><\/strong><\/p>","protected":false},"featured_media":57179,"comment_status":"closed","ping_status":"closed","template":"","meta":{"_acf_changed":false},"product_brand":[],"product_cat":[1718,2000,2017,1515,1510,1434,1946,1443,225],"product_tag":[1575,1781,1845,1702,1568],"class_list":{"0":"post-54854","1":"product","2":"type-product","3":"status-publish","4":"has-post-thumbnail","6":"product_cat-transparente","7":"product_cat-copos-reutilizaveis-premium","8":"product_cat-copos-san-premium","9":"product_cat-21-30cl","10":"product_cat-inquebravel","11":"product_cat-materia-prima-san","12":"product_cat-copo","13":"product_cat-long-drink","14":"product_cat-copos","15":"product_tag-sub-menu-copos-premium","16":"product_tag-sub-menu-copos-premium-san","17":"product_tag-copos-reutilizaveis-premium-homepage","18":"product_tag-destaque","19":"product_tag-menu-reutilizaveis","20":"pa_capacidade-total-21-30cl","21":"pa_qtd-por-caixa-295","22":"pa_qtd-por-caixa-281","23":"tm-no-options","25":"first","26":"instock","27":"taxable","28":"shipping-taxable","29":"purchasable","30":"product-type-variable"},"acf":[],"_links":{"self":[{"href":"https:\/\/copopalhinhas.maildx.net\/es\/wp-json\/wp\/v2\/product\/54854","targetHints":{"allow":["GET"]}}],"collection":[{"href":"https:\/\/copopalhinhas.maildx.net\/es\/wp-json\/wp\/v2\/product"}],"about":[{"href":"https:\/\/copopalhinhas.maildx.net\/es\/wp-json\/wp\/v2\/types\/product"}],"replies":[{"embeddable":true,"href":"https:\/\/copopalhinhas.maildx.net\/es\/wp-json\/wp\/v2\/comments?post=54854"}],"wp:featuredmedia":[{"embeddable":true,"href":"https:\/\/copopalhinhas.maildx.net\/es\/wp-json\/wp\/v2\/media\/57179"}],"wp:attachment":[{"href":"https:\/\/copopalhinhas.maildx.net\/es\/wp-json\/wp\/v2\/media?parent=54854"}],"wp:term":[{"taxonomy":"product_brand","embeddable":true,"href":"https:\/\/copopalhinhas.maildx.net\/es\/wp-json\/wp\/v2\/product_brand?post=54854"},{"taxonomy":"product_cat","embeddable":true,"href":"https:\/\/copopalhinhas.maildx.net\/es\/wp-json\/wp\/v2\/product_cat?post=54854"},{"taxonomy":"product_tag","embeddable":true,"href":"https:\/\/copopalhinhas.maildx.net\/es\/wp-json\/wp\/v2\/product_tag?post=54854"}],"curies":[{"name":"wp","href":"https:\/\/api.w.org\/{rel}","templated":true}]}}