{"id":54864,"date":"2024-12-10T11:15:35","date_gmt":"2024-12-10T11:15:35","guid":{"rendered":"https:\/\/copopalhinhas.maildx.net\/?post_type=product&#038;p=54864"},"modified":"2025-11-22T00:22:32","modified_gmt":"2025-11-22T00:22:32","slug":"copo-granity-san-45cl-450ml","status":"publish","type":"product","link":"https:\/\/copopalhinhas.maildx.net\/es\/producto\/copo-granity-san-45cl-450ml\/","title":{"rendered":"VASO GRANITY EN SAN 45CL (450ML)"},"content":{"rendered":"<h3>Vaso Granity en SAN 45 cl (450 ml): Robustez y Elegancia<\/h3>\n<p>El vaso Granity en SAN revela un toque retro y sofisticado gracias a su acabado facetado. Por lo tanto, se adapta f\u00e1cilmente a ambientes formales e informales, aportando elegancia a su mesa. Adem\u00e1s, su dise\u00f1o granulado realza los colores y el brillo de las bebidas, haciendo que cada brindis sea m\u00e1s atractivo.<\/p>\n<h4>Material SAN resistente<\/h4>\n<p>Fabricado en SAN (estireno-acrilonitrilo), este vaso de pl\u00e1stico garantiza una durabilidad superior y resistencia a los impactos. As\u00ed, evita tener que reemplazar vasos fr\u00e1giles con frecuencia. Al mismo tiempo, el SAN reproduce la transparencia cristalina del vidrio, creando la ilusi\u00f3n de un vaso ecol\u00f3gico y duradero.<\/p>\n<h4>Capacidad generosa<\/h4>\n<p>Con una capacidad de 450 ml (1.5 oz), el vaso Granity sirve generosas porciones de c\u00f3cteles, jugos y refrescos. Por ello, destaca en fiestas y eventos, donde la practicidad y el estilo van de la mano. Adem\u00e1s, su forma ergon\u00f3mica lo hace f\u00e1cil de manejar, brindando comodidad incluso durante largas celebraciones.<\/p>\n<h4>Limpieza simplificada<\/h4>\n<p>Puedes lavar este vaso reutilizable a mano o en el lavavajillas sin preocupaciones. Mantiene su brillo original y no requiere cuidados especiales. Esto te ahorra tiempo de mantenimiento y reduce la dependencia de los vasos desechables.<\/p>\n<h4>Versatilidad de uso<\/h4>\n<p>Ideal para bares, restaurantes y fiestas al aire libre, el vaso Granity se adapta a cualquier ocasi\u00f3n. Por lo tanto, es una excelente alternativa sostenible a los vasos desechables. Adem\u00e1s, su estilo atemporal no solo mejora el ambiente, sino tambi\u00e9n la experiencia de beber.<\/p>\n<p>Ver m\u00e1s <a href=\"https:\/\/copopalhinhas.maildx.net\/es\/categorias\/copos-reutilizaveis-premium\/\">Vasos reutilizables premium<\/a>.<\/p>","protected":false},"excerpt":{"rendered":"<p>El vaso Granity SAN de 45 cl combina resistencia y elegancia en un solo producto. Fabricado con material resistente, combina una transparencia cristalina con el dise\u00f1o Granity. Adem\u00e1s, ofrece f\u00e1cil limpieza y versatilidad para diversos eventos. Garantiza porciones generosas sin sacrificar el estilo.<\/p>\n<p><strong><img decoding=\"async\" src=\"https:\/\/copopalhinhas.maildx.net\/wp-content\/uploads\/Icon_reciclaveis.png\" alt=\"\" width=\"30\" height=\"30\" \/><\/strong><strong>\u00a0<\/strong><strong><img decoding=\"async\" src=\"https:\/\/copopalhinhas.maildx.net\/wp-content\/uploads\/Icons_alimentos.png\" alt=\"\" width=\"30\" height=\"30\" \/><\/strong><strong>\u00a0<\/strong><strong><img decoding=\"async\" src=\"https:\/\/copopalhinhas.maildx.net\/wp-content\/uploads\/Icon_isolamentos.png\" alt=\"\" width=\"30\" height=\"30\" \/><\/strong><strong>\u00a0<\/strong><strong><img loading=\"lazy\" decoding=\"async\" src=\"https:\/\/copopalhinhas.maildx.net\/wp-content\/uploads\/Icons_reutilizaveis.png\" alt=\"\" width=\"30\" height=\"30\" \/><\/strong><strong>\u00a0<\/strong><strong><img loading=\"lazy\" decoding=\"async\" src=\"https:\/\/copopalhinhas.maildx.net\/wp-content\/uploads\/Icon_transparencia.png\" alt=\"\" width=\"30\" height=\"30\" \/>\u00a0<\/strong><\/p>","protected":false},"featured_media":57203,"comment_status":"open","ping_status":"closed","template":"","meta":{"_acf_changed":false},"product_brand":[],"product_cat":[1718,2000,2017,1455,1510,1434,1436,1946,1442,1447,225],"product_tag":[1575,1781,1845,1702,1568],"class_list":{"0":"post-54864","1":"product","2":"type-product","3":"status-publish","4":"has-post-thumbnail","6":"product_cat-transparente","7":"product_cat-copos-reutilizaveis-premium","8":"product_cat-copos-san-premium","9":"product_cat-41-50cl","10":"product_cat-inquebravel","11":"product_cat-materia-prima-san","12":"product_cat-agua","13":"product_cat-copo","14":"product_cat-granity","15":"product_cat-sumos","16":"product_cat-copos","17":"product_tag-sub-menu-copos-premium","18":"product_tag-sub-menu-copos-premium-san","19":"product_tag-copos-reutilizaveis-premium-homepage","20":"product_tag-destaque","21":"product_tag-menu-reutilizaveis","22":"pa_capacidade-total-41-50cl","23":"pa_qtd-por-caixa-295","24":"tm-no-options","26":"first","27":"instock","28":"taxable","29":"shipping-taxable","30":"purchasable","31":"product-type-variable"},"acf":[],"_links":{"self":[{"href":"https:\/\/copopalhinhas.maildx.net\/es\/wp-json\/wp\/v2\/product\/54864","targetHints":{"allow":["GET"]}}],"collection":[{"href":"https:\/\/copopalhinhas.maildx.net\/es\/wp-json\/wp\/v2\/product"}],"about":[{"href":"https:\/\/copopalhinhas.maildx.net\/es\/wp-json\/wp\/v2\/types\/product"}],"replies":[{"embeddable":true,"href":"https:\/\/copopalhinhas.maildx.net\/es\/wp-json\/wp\/v2\/comments?post=54864"}],"wp:featuredmedia":[{"embeddable":true,"href":"https:\/\/copopalhinhas.maildx.net\/es\/wp-json\/wp\/v2\/media\/57203"}],"wp:attachment":[{"href":"https:\/\/copopalhinhas.maildx.net\/es\/wp-json\/wp\/v2\/media?parent=54864"}],"wp:term":[{"taxonomy":"product_brand","embeddable":true,"href":"https:\/\/copopalhinhas.maildx.net\/es\/wp-json\/wp\/v2\/product_brand?post=54864"},{"taxonomy":"product_cat","embeddable":true,"href":"https:\/\/copopalhinhas.maildx.net\/es\/wp-json\/wp\/v2\/product_cat?post=54864"},{"taxonomy":"product_tag","embeddable":true,"href":"https:\/\/copopalhinhas.maildx.net\/es\/wp-json\/wp\/v2\/product_tag?post=54864"}],"curies":[{"name":"wp","href":"https:\/\/api.w.org\/{rel}","templated":true}]}}