{"id":55168,"date":"2024-12-16T15:05:43","date_gmt":"2024-12-16T15:05:43","guid":{"rendered":"https:\/\/copopalhinhas.maildx.net\/?post_type=product&#038;p=55168"},"modified":"2025-09-27T18:42:56","modified_gmt":"2025-09-27T17:42:56","slug":"bandeja-travessa-bagaco-71cl-710ml","status":"publish","type":"product","link":"https:\/\/copopalhinhas.maildx.net\/es\/producto\/bandeja-travessa-bagaco-71cl-710ml\/","title":{"rendered":"BANDEJA DE BAGAZO 71CL (710ML)"},"content":{"rendered":"<h2>Bandeja de bagazo de 71 cl (bandeja compostable de 710 ml)<\/h2>\n<p>EL <strong>bandeja de bagazo 71cl<\/strong> Dise\u00f1ado para un servicio r\u00e1pido y una presentaci\u00f3n elegante, tanto en eventos como en catering diario. Fabricado con bagazo de ca\u00f1a de az\u00facar, utiliza un recurso renovable y, por lo tanto, reduce el uso de pl\u00e1sticos convencionales. Adem\u00e1s, su dise\u00f1o minimalista se adapta a una variedad de estilos de presentaci\u00f3n, desde informales hasta de alta gama.<\/p>\n<h3>\u00bfPor qu\u00e9 elegir esta bandeja compostable?<\/h3>\n<p>Desde el principio, la capacidad de <strong>71 cl (710 ml)<\/strong> Ofrece suficiente espacio para platos fr\u00edos y calientes, ensaladas, guarniciones y postres. Gracias a su material denso, el plato se mantiene firme incluso con alimentos h\u00famedos o con salsa. Adem\u00e1s, su superficie lisa no desprende olores ni altera el sabor, lo que garantiza una experiencia segura y agradable.<\/p>\n<p>Otra ventaja es su versatilidad t\u00e9rmica. La pieza es apta para microondas, lo que permite calentar alimentos de forma segura. <em>(hasta 9 minutos a 1000W o 7:30 a 1200W)<\/em>Sin embargo, no es apto para horno. Adem\u00e1s, soporta temperaturas de -0 \u00b0C a +100 \u00b0C y es resistente a aceites y grasas, lo que facilita su uso diario.<\/p>\n<h3>Materiales, Sostenibilidad y Certificaciones<\/h3>\n<p>Elaborado a partir de fibra de ca\u00f1a de az\u00facar, el <strong>bandeja de bagazo<\/strong> y <strong>biodegradable<\/strong> y <strong>compostable<\/strong> seg\u00fan la norma <strong>EN13432<\/strong>De esta forma, se descompone en elementos naturales gracias a la acci\u00f3n de agentes biol\u00f3gicos y condiciones ambientales adecuadas, contribuyendo a una econom\u00eda m\u00e1s circular. Adem\u00e1s, cumple con... <strong>Reglamento (CE) n.\u00ba 1935\/2004<\/strong> para el contacto con alimentos y cumple con las buenas pr\u00e1cticas de fabricaci\u00f3n establecidas en <strong>Reglamento (CE) n.\u00ba 2023\/2006<\/strong>.<\/p>\n<p>Al aprovechar los residuos del procesamiento de la ca\u00f1a de az\u00facar, esta soluci\u00f3n transforma un subproducto en una materia prima \u00fatil. Como resultado, su negocio reduce su impacto ambiental sin sacrificar el rendimiento, la higiene ni la est\u00e9tica.<\/p>\n<h3>Ideas de uso y servicio profesional<\/h3>\n<p>En catering, comida callejera y eventos, las bandejas de ca\u00f1a de az\u00facar agilizan las operaciones: son ligeras, apilables y ocupan poco espacio. En hoteles y restaurantes, son ideales para brunch, aperitivos, guarniciones, pasta, poke, ensaladas mixtas y postres. Adem\u00e1s, se integran f\u00e1cilmente en l\u00edneas de emplatado y vitrinas, manteniendo una presentaci\u00f3n estable durante el transporte.<\/p>\n<h3>Resumen de beneficios<\/h3>\n<p>Amplia capacidad de 71 cl para diversos tipos de platos. Material sostenible y apto para uso alimentario. Apto para microondas; no apto para horno. Resistente a aceites, grasas y fluctuaciones de temperatura. Su elegante apariencia blanca realza el emplatado. Y, sobre todo, una opci\u00f3n compostable que demuestra nuestro compromiso con pr\u00e1cticas responsables.<\/p>\n<p>Si buscas una pieza fiable, bonita y respetuosa con el medio ambiente, <strong>bandeja de bagazo 71cl<\/strong> Es la soluci\u00f3n ideal para eventos, restaurantes y catering profesional. Ver m\u00e1s productos en <a href=\"https:\/\/copopalhinhas.maildx.net\/es\/categorias\/loucas-descartaveis\/\">Vajilla desechable<\/a>.<\/p>\n<p><img decoding=\"async\" src=\"https:\/\/copopalhinhas.maildx.net\/wp-content\/uploads\/Icon_DESCARTAVEL.png\" alt=\"\" width=\"30\" height=\"30\" \/>\u00a0<strong>Desechable<\/strong><\/p>\n<p><img decoding=\"async\" src=\"https:\/\/copopalhinhas.maildx.net\/wp-content\/uploads\/Icons_alimentos.png\" alt=\"\" width=\"30\" height=\"30\" \/>\u00a0<strong>Alimento<\/strong>: Apto para consumo alimentario.<\/p>\n<p><img decoding=\"async\" src=\"https:\/\/copopalhinhas.maildx.net\/wp-content\/uploads\/Icon_reciclaveis.png\" alt=\"\" width=\"30\" height=\"30\" \/>\u00a0<strong>Reciclables<\/strong>:Productos que pueden reciclarse o utilizarse para la recuperaci\u00f3n de energ\u00eda.<\/p>","protected":false},"excerpt":{"rendered":"<p>La bandeja de bagazo de 71 cl ofrece una presentaci\u00f3n elegante y un servicio pr\u00e1ctico. Es compostable seg\u00fan la norma EN13432 y apta para el contacto con alimentos. Es apta para microondas y se puede utilizar a temperaturas de -0 \u00b0C a +100 \u00b0C, adem\u00e1s de ser resistente a aceites y grasas. Ideal para restaurantes, eventos y servicios de catering que buscan una fuente sostenible.<\/p>\n<p><img decoding=\"async\" src=\"https:\/\/copopalhinhas.maildx.net\/wp-content\/uploads\/Icons_alimentos.png\" alt=\"\" width=\"30\" height=\"30\" \/>\u00a0<img decoding=\"async\" src=\"https:\/\/copopalhinhas.maildx.net\/wp-content\/uploads\/Icon_DESCARTAVEL.png\" alt=\"\" width=\"30\" height=\"30\" \/>\u00a0<img decoding=\"async\" src=\"https:\/\/copopalhinhas.maildx.net\/wp-content\/uploads\/Icon_reciclaveis.png\" alt=\"\" width=\"30\" height=\"30\" \/><\/p>","protected":false},"featured_media":55172,"comment_status":"open","ping_status":"closed","template":"","meta":{"_acf_changed":false},"product_brand":[],"product_cat":[2008,2041,1719,1518,1512,1431,1507,1701,226],"product_tag":[1569,1702,1596,1599],"class_list":{"0":"post-55168","1":"product","2":"type-product","3":"status-publish","4":"has-post-thumbnail","6":"product_cat-loucas-descartaveis","7":"product_cat-loucas-descartaveis-bio-compostaveis","8":"product_cat-branco","9":"product_cat-71-80cl","10":"product_cat-descartavel","11":"product_cat-materia-prima","12":"product_cat-bagaco","13":"product_cat-travessa","14":"product_cat-loucas","15":"product_tag-menu-descartaveis","16":"product_tag-destaque","17":"product_tag-sub-menu-loucas-descartaveis","18":"product_tag-sub-menu-loucas-bio-compostaveis","19":"pa_qtd-por-caixa-1273","20":"pa_qtd-por-caixa-1277","21":"tm-no-options","23":"first","24":"instock","25":"taxable","26":"shipping-taxable","27":"purchasable","28":"product-type-variable"},"acf":[],"_links":{"self":[{"href":"https:\/\/copopalhinhas.maildx.net\/es\/wp-json\/wp\/v2\/product\/55168","targetHints":{"allow":["GET"]}}],"collection":[{"href":"https:\/\/copopalhinhas.maildx.net\/es\/wp-json\/wp\/v2\/product"}],"about":[{"href":"https:\/\/copopalhinhas.maildx.net\/es\/wp-json\/wp\/v2\/types\/product"}],"replies":[{"embeddable":true,"href":"https:\/\/copopalhinhas.maildx.net\/es\/wp-json\/wp\/v2\/comments?post=55168"}],"wp:featuredmedia":[{"embeddable":true,"href":"https:\/\/copopalhinhas.maildx.net\/es\/wp-json\/wp\/v2\/media\/55172"}],"wp:attachment":[{"href":"https:\/\/copopalhinhas.maildx.net\/es\/wp-json\/wp\/v2\/media?parent=55168"}],"wp:term":[{"taxonomy":"product_brand","embeddable":true,"href":"https:\/\/copopalhinhas.maildx.net\/es\/wp-json\/wp\/v2\/product_brand?post=55168"},{"taxonomy":"product_cat","embeddable":true,"href":"https:\/\/copopalhinhas.maildx.net\/es\/wp-json\/wp\/v2\/product_cat?post=55168"},{"taxonomy":"product_tag","embeddable":true,"href":"https:\/\/copopalhinhas.maildx.net\/es\/wp-json\/wp\/v2\/product_tag?post=55168"}],"curies":[{"name":"wp","href":"https:\/\/api.w.org\/{rel}","templated":true}]}}