{"id":55267,"date":"2024-12-17T10:39:25","date_gmt":"2024-12-17T10:39:25","guid":{"rendered":"https:\/\/copopalhinhas.maildx.net\/?post_type=product&#038;p=55267"},"modified":"2025-09-27T16:14:29","modified_gmt":"2025-09-27T15:14:29","slug":"garfo-de-batata-frita-em-madeira-85cm","status":"publish","type":"product","link":"https:\/\/copopalhinhas.maildx.net\/es\/producto\/garfo-de-batata-frita-em-madeira-85cm\/","title":{"rendered":"TENEDOR DE MADERA PARA PATATAS FRITAS 8,5CM"},"content":{"rendered":"<h2>Tenedor de madera para patatas fritas de 8,5 cm: pr\u00e1ctico, higi\u00e9nico y sostenible<\/h2>\n<p>En primer lugar, el <strong>tenedor de madera<\/strong> 8,5 cm sirve para papas fritas y <em>comida para comer con los dedos<\/em> R\u00e1pida y c\u00f3moda. Adem\u00e1s, su forma corta mejora el agarre y facilita el servicio en mostrador. Esto permite a los clientes comer con mayor estabilidad y al operador trabajar con mayor eficiencia.<\/p>\n<h3>Ventajas que cuentan en la vida cotidiana<\/h3>\n<p><strong>Natural y seguro:<\/strong> Fabricados con madera de origen responsable, estos cubiertos son aptos para el contacto con alimentos y no alteran el sabor. Por lo tanto, mantienen la calidad de sus productos, ya sean calientes o fr\u00edos.<\/p>\n<p><strong>Robusto y fiable:<\/strong> La punta perfora las papas fritas f\u00e1cilmente y el cuerpo es resistente al uso. Esto reduce las roturas y evita el desperdicio.<\/p>\n<p><strong>Higiene simplificada:<\/strong> Al ser de un solo uso, el tenedor garantiza un consumo limpio y agiliza la rotaci\u00f3n de clientes. En consecuencia, la operaci\u00f3n ahorra tiempo y consistencia.<\/p>\n<h3>D\u00f3nde utilizar<\/h3>\n<p>Utilice el <strong>tenedor de patatas<\/strong> en los quioscos <em>comida callejera<\/em>, <em>llevar<\/em>Ferias, festivales, chiringuitos y eventos corporativos. Adem\u00e1s de patatas fritas, combina bien con churros, croquetas, alb\u00f3ndigas, fruta cortada y otros platos. En resumen, es perfecto para men\u00fas de aperitivos y raciones para llevar.<\/p>\n<h3>Sostenibilidad visible<\/h3>\n<p>Al elegir madera, su marca transmite responsabilidad ambiental. Adem\u00e1s, reemplaza los pl\u00e1sticos desechables sin perder funcionalidad. Despu\u00e9s de usar, des\u00e9chelo. <strong>tenedor de madera<\/strong> Para el flujo de residuos designado localmente. Esto garantiza el cumplimiento de las mejores pr\u00e1cticas y refuerza la imagen ecol\u00f3gica de su empresa.<\/p>\n<h3>Beneficios de un vistazo<\/h3>\n<p><strong>Medici\u00f3n:<\/strong> 8,5 cent\u00edmetros \u2022 <strong>Material:<\/strong> madera natural \u2022 <strong>Color:<\/strong> natural \u2022 <strong>Usar:<\/strong> \u00fanico e higi\u00e9nico \u2022 <strong>Aplicaciones:<\/strong> Papas fritas, <em>comida para comer con los dedos<\/em> y bocadillos \u2022 <strong>Sectores:<\/strong> restauraci\u00f3n, catering, eventos y <em>llevar<\/em>.<\/p>\n<p>As\u00ed que, si buscas unos cubiertos cortos, resistentes y sostenibles, estos <strong>tenedor de madera desechable<\/strong> Es la opci\u00f3n ideal para un servicio r\u00e1pido y sin complicaciones. Ver m\u00e1s <a href=\"https:\/\/copopalhinhas.maildx.net\/es\/categorias\/talheres-de-madeira\/\">Cubiertos de madera<\/a>.<\/p>\n<p><img decoding=\"async\" src=\"https:\/\/copopalhinhas.maildx.net\/wp-content\/uploads\/Icon_DESCARTAVEL.png\" alt=\"\" width=\"30\" height=\"30\" \/> <strong>Desechable<\/strong><\/p>\n<p><img decoding=\"async\" src=\"https:\/\/copopalhinhas.maildx.net\/wp-content\/uploads\/Icons_alimentos.png\" alt=\"\" width=\"30\" height=\"30\" \/> <strong>Alimento<\/strong>: Apto para consumo alimentario.<\/p>\n<p><img decoding=\"async\" src=\"https:\/\/copopalhinhas.maildx.net\/wp-content\/uploads\/Icon_reciclaveis.png\" alt=\"\" width=\"30\" height=\"30\" \/> <strong>Reciclables<\/strong>:Productos que pueden reciclarse o utilizarse para la recuperaci\u00f3n de energ\u00eda.<\/p>","protected":false},"excerpt":{"rendered":"<p>EL <strong>tenedor de madera<\/strong> Los cubiertos de madera de 8,5 cm de largo son una opci\u00f3n pr\u00e1ctica para papas fritas y aperitivos. Adem\u00e1s, el material natural es higi\u00e9nico, duradero y no altera el sabor. Por lo tanto, son ideales para eventos, comida callejera y comida para llevar. Finalmente, su forma corta facilita su manejo y reduce los residuos, convirti\u00e9ndolos en cubiertos de madera verdaderamente sostenibles.<\/p>\n<p><img decoding=\"async\" src=\"https:\/\/copopalhinhas.maildx.net\/wp-content\/uploads\/Icons_alimentos.png\" alt=\"\" width=\"30\" height=\"30\" \/> <img decoding=\"async\" src=\"https:\/\/copopalhinhas.maildx.net\/wp-content\/uploads\/Icon_DESCARTAVEL.png\" alt=\"\" width=\"30\" height=\"30\" \/> <img decoding=\"async\" src=\"https:\/\/copopalhinhas.maildx.net\/wp-content\/uploads\/Icon_reciclaveis.png\" alt=\"\" width=\"30\" height=\"30\" \/><\/p>","protected":false},"featured_media":55271,"comment_status":"open","ping_status":"closed","template":"","meta":{"_acf_changed":false},"product_brand":[],"product_cat":[1725,2043,2009,1399,1512,1489,1981,1504,1474,227],"product_tag":[1569,1702,1602,1600],"class_list":{"0":"post-55267","1":"product","2":"type-product","3":"status-publish","4":"has-post-thumbnail","6":"product_cat-castanho","7":"product_cat-talheres-de-madeira","8":"product_cat-talheres-descartaveis","9":"product_cat-avulso","10":"product_cat-descartavel","11":"product_cat-madeira","12":"product_cat-1981","13":"product_cat-batata-frita","14":"product_cat-garfo","15":"product_cat-talheres","16":"product_tag-menu-descartaveis","17":"product_tag-destaque","18":"product_tag-sub-menu-talheres-de-madeira","19":"product_tag-sub-menu-talheres-descartaveis","20":"pa_qtd-por-caixa-1288","21":"pa_qtd-por-caixa-1321","22":"tm-no-options","24":"first","25":"instock","26":"taxable","27":"shipping-taxable","28":"purchasable","29":"product-type-variable"},"acf":[],"_links":{"self":[{"href":"https:\/\/copopalhinhas.maildx.net\/es\/wp-json\/wp\/v2\/product\/55267","targetHints":{"allow":["GET"]}}],"collection":[{"href":"https:\/\/copopalhinhas.maildx.net\/es\/wp-json\/wp\/v2\/product"}],"about":[{"href":"https:\/\/copopalhinhas.maildx.net\/es\/wp-json\/wp\/v2\/types\/product"}],"replies":[{"embeddable":true,"href":"https:\/\/copopalhinhas.maildx.net\/es\/wp-json\/wp\/v2\/comments?post=55267"}],"wp:featuredmedia":[{"embeddable":true,"href":"https:\/\/copopalhinhas.maildx.net\/es\/wp-json\/wp\/v2\/media\/55271"}],"wp:attachment":[{"href":"https:\/\/copopalhinhas.maildx.net\/es\/wp-json\/wp\/v2\/media?parent=55267"}],"wp:term":[{"taxonomy":"product_brand","embeddable":true,"href":"https:\/\/copopalhinhas.maildx.net\/es\/wp-json\/wp\/v2\/product_brand?post=55267"},{"taxonomy":"product_cat","embeddable":true,"href":"https:\/\/copopalhinhas.maildx.net\/es\/wp-json\/wp\/v2\/product_cat?post=55267"},{"taxonomy":"product_tag","embeddable":true,"href":"https:\/\/copopalhinhas.maildx.net\/es\/wp-json\/wp\/v2\/product_tag?post=55267"}],"curies":[{"name":"wp","href":"https:\/\/api.w.org\/{rel}","templated":true}]}}