{"id":55751,"date":"2025-01-06T16:11:59","date_gmt":"2025-01-06T16:11:59","guid":{"rendered":"https:\/\/copopalhinhas.maildx.net\/?post_type=product&#038;p=55751"},"modified":"2025-10-07T14:18:56","modified_gmt":"2025-10-07T13:18:56","slug":"recolhe-pizza-cartao-ondulado-21x16-5cm","status":"publish","type":"product","link":"https:\/\/copopalhinhas.maildx.net\/es\/producto\/recolhe-pizza-cartao-ondulado-21x16-5cm\/","title":{"rendered":"PIZZA RECOGE EN CART\u00d3N CORRUGADO NANO-MICRO 21\u00d716,5CM"},"content":{"rendered":"<h3>Colecci\u00f3n de pizzas en cart\u00f3n corrugado nano-micro 21\u00d716,5cm<\/h3>\n<p data-start=\"108\" data-end=\"510\">El recogedor de pizza de cart\u00f3n corrugado nano-micro de 21 x 16,5 cm es la opci\u00f3n ideal para quienes buscan una soluci\u00f3n pr\u00e1ctica, higi\u00e9nica y sostenible para transportar porciones de pizza. Su forma y dimensiones (21 x 16,5 cm) permiten almacenar la porci\u00f3n de forma segura, protegi\u00e9ndola de da\u00f1os y garantizando que la temperatura y el sabor se conserven hasta su consumo.<\/p>\n<h4>Resistencia t\u00e9rmica y protecci\u00f3n<\/h4>\n<p>La construcci\u00f3n de cart\u00f3n corrugado Nano-Micro proporciona mayor resistencia, reduciendo el riesgo de deformaci\u00f3n durante el transporte. Adem\u00e1s, este tipo de cart\u00f3n ayuda a mantener la temperatura de la pizza, manteni\u00e9ndola caliente por m\u00e1s tiempo. Esto garantiza que cada porci\u00f3n llegue al cliente en excelentes condiciones, lo que resalta la calidad del servicio.<\/p>\n<h4>La sostenibilidad en el punto de mira<\/h4>\n<p>Por otro lado, al elegir la Colecci\u00f3n Pizza en Cart\u00f3n Ondulado Nano-Micro de 21 x 16,5 cm, demuestras una aut\u00e9ntica preocupaci\u00f3n por el medio ambiente. El cart\u00f3n es reciclable 100% y puede desecharse en el contenedor azul de reciclaje tras su uso. De hecho, muchos de estos productos cuentan con certificaciones como FSC Mix Credit, que garantiza que la materia prima proviene de bosques gestionados responsablemente. De esta forma, cada envase contribuye a la reducci\u00f3n de residuos pl\u00e1sticos y promueve la econom\u00eda circular.<\/p>\n<h4>Practicidad para la vida cotidiana<\/h4>\n<p>En segundo lugar, el dise\u00f1o de este recogedor de pizzas facilita su manejo y entrega, ya que su dise\u00f1o ergon\u00f3mico facilita la recogida y el transporte de la porci\u00f3n. Por lo tanto, ya sea para comida para llevar, en una pizzer\u00eda o en un servicio de catering, su forma compacta y triangular se adapta perfectamente a la pizza, evitando derrames o roturas, lo que lo convierte en el recipiente perfecto para porciones de pizza.<\/p>\n<h4>Principales ventajas<\/h4>\n<ul>\n<li><strong data-start=\"1866\" data-end=\"1900\">Manteniendo el sabor y la textura:<\/strong> El cart\u00f3n corrugado Nano-Micro retiene el calor y protege contra la humedad externa.<\/li>\n<li><strong data-start=\"1983\" data-end=\"2013\">Presentaci\u00f3n profesional:<\/strong> El local queda limpio y organizado reforzando la imagen del establecimiento.<\/li>\n<li><strong data-start=\"2096\" data-end=\"2123\">Facilidad de eliminaci\u00f3n:<\/strong> Simplemente coloque el embalaje en el contenedor azul de reciclaje, promoviendo as\u00ed el reciclaje.<\/li>\n<li><strong data-start=\"2197\" data-end=\"2229\">Versatilidad de uso:<\/strong> Adecuado para varios tipos de pizza, desde las tradicionales hasta las gourmet.<\/li>\n<\/ul>\n<h4>Apuesta por la Calidad y la Imagen Empresarial<\/h4>\n<p>Al invertir en una colecci\u00f3n de pizzas de cart\u00f3n corrugado, mejora la experiencia del cliente y, al mismo tiempo, transmite un mensaje de responsabilidad ambiental. De hecho, una presentaci\u00f3n cuidada y la frescura de los alimentos pueden ser cruciales para la satisfacci\u00f3n del cliente y el \u00e9xito de su negocio.<\/p>\n<p>En resumen, la Caja Recogedora de Pizza de Cart\u00f3n Corrugado Nano-Micro de 21 x 16,5 cm ofrece durabilidad, protecci\u00f3n t\u00e9rmica y sostenibilidad, lo que la convierte en la soluci\u00f3n perfecta para quienes buscan una combinaci\u00f3n de practicidad y respeto al medio ambiente. Esto garantiza que cada porci\u00f3n de pizza llegue a su destino en perfectas condiciones, preservando el sabor y la calidad del producto.<\/p>\n<p>Ver m\u00e1s <a href=\"https:\/\/copopalhinhas.maildx.net\/es\/categorias\/embalagens-descartaveis\/\" target=\"_blank\" rel=\"noopener\">envases desechables<\/a><\/p>\n<h4>Caracter\u00edsticas principales<\/h4>\n<ul>\n<li>Material: Cart\u00f3n corrugado nano-micro.<\/li>\n<li>Dimensiones: 21\u00d716,5\u00d73,5cm.<\/li>\n<li>Ligero pero duradero. Reciclable y biodegradable.<\/li>\n<li>Apto para microondas (9 minutos a 1000 W o 7,5 minutos a 1200 W).<\/li>\n<li>Adem\u00e1s, protege contra da\u00f1os durante el transporte y es resistente a aceites y grasas.<\/li>\n<li>Una soluci\u00f3n sostenible y ecol\u00f3gica, ideal para quienes buscan eficiencia y respeto por el medio ambiente.<\/li>\n<li>Adopte este embalaje de rebanadas de pizza de cart\u00f3n corrugado nano-micro para garantizar un servicio m\u00e1s eficiente y profesional al tiempo que brinda una experiencia de calidad para sus clientes.<\/li>\n<\/ul>\n<h4>Certificados<\/h4>\n<ul>\n<li>Este producto cuenta con la certificaci\u00f3n FSC Mix Credit. Al elegir productos con certificaci\u00f3n FSC\u00ae, apoya la gesti\u00f3n responsable de los bosques del mundo.<\/li>\n<li>Material biodegradable: se descompone en elementos qu\u00edmicos naturales gracias a la acci\u00f3n de agentes biol\u00f3gicos y agentes f\u00edsicos en las condiciones ambientales que se dan en la naturaleza.<\/li>\n<li>PFOS \u2013 Producto libre de PFOA.<\/li>\n<li>Registro Sanitario de Industrias y Productos Alimenticios.<\/li>\n<\/ul>\n<p><img decoding=\"async\" src=\"https:\/\/copopalhinhas.maildx.net\/wp-content\/uploads\/Icon_DESCARTAVEL.png\" alt=\"\" width=\"30\" height=\"30\" \/> <strong>Desechable<\/strong><\/p>\n<p><img decoding=\"async\" src=\"https:\/\/copopalhinhas.maildx.net\/wp-content\/uploads\/Icons_alimentos.png\" alt=\"\" width=\"30\" height=\"30\" \/> <strong>Alimento<\/strong>: Apto para consumo alimentario.<\/p>\n<p><img decoding=\"async\" src=\"https:\/\/copopalhinhas.maildx.net\/wp-content\/uploads\/Icon_reciclaveis.png\" alt=\"\" width=\"30\" height=\"30\" \/> <strong>Reciclables<\/strong>:Productos que pueden reciclarse o utilizarse para la recuperaci\u00f3n de energ\u00eda.<\/p>","protected":false},"excerpt":{"rendered":"<p>El recolector de pizzas de cart\u00f3n corrugado nano-micro de 21 x 16,5 cm mantiene su porci\u00f3n caliente, protegida y lista para servir, priorizando la sostenibilidad y la practicidad. Gracias a su material altamente resistente y duradero, es ideal para la mayor\u00eda de las pizzas individuales y pedidos peque\u00f1os, garantizando que el producto llegue a su destino en perfectas condiciones.<\/p>\n<p><img decoding=\"async\" src=\"https:\/\/copopalhinhas.maildx.net\/wp-content\/uploads\/Icons_alimentos.png\" alt=\"\" width=\"30\" height=\"30\" \/> <img decoding=\"async\" src=\"https:\/\/copopalhinhas.maildx.net\/wp-content\/uploads\/Icon_DESCARTAVEL.png\" alt=\"\" width=\"30\" height=\"30\" \/> <img decoding=\"async\" src=\"https:\/\/copopalhinhas.maildx.net\/wp-content\/uploads\/Icon_reciclaveis.png\" alt=\"\" width=\"30\" height=\"30\" \/><\/p>","protected":false},"featured_media":55757,"comment_status":"open","ping_status":"closed","template":"","meta":{"_acf_changed":false},"product_brand":[],"product_cat":[2046,2010,2008,2040,1725,1512,1484,1503,226],"product_tag":[1569,1702,1607,1604,1596,1598],"class_list":{"0":"post-55751","1":"product","2":"type-product","3":"status-publish","4":"has-post-thumbnail","6":"product_cat-embalagens-cartao","7":"product_cat-embalagens-descartaveis","8":"product_cat-loucas-descartaveis","9":"product_cat-loucas-descartaveis-cartao","10":"product_cat-castanho","11":"product_cat-descartavel","12":"product_cat-cartao","13":"product_cat-pizza","14":"product_cat-loucas","15":"product_tag-menu-descartaveis","16":"product_tag-destaque","17":"product_tag-sub-menu-embalagens-cartao","18":"product_tag-sub-menu-embalagens-descartaveis","19":"product_tag-sub-menu-loucas-descartaveis","20":"product_tag-sub-menu-loucas-descartaveis-cartao","21":"pa_qtd-por-caixa-282","22":"pa_qtd-por-caixa-1319","23":"tm-no-options","25":"first","26":"instock","27":"taxable","28":"shipping-taxable","29":"purchasable","30":"product-type-variable"},"acf":[],"_links":{"self":[{"href":"https:\/\/copopalhinhas.maildx.net\/es\/wp-json\/wp\/v2\/product\/55751","targetHints":{"allow":["GET"]}}],"collection":[{"href":"https:\/\/copopalhinhas.maildx.net\/es\/wp-json\/wp\/v2\/product"}],"about":[{"href":"https:\/\/copopalhinhas.maildx.net\/es\/wp-json\/wp\/v2\/types\/product"}],"replies":[{"embeddable":true,"href":"https:\/\/copopalhinhas.maildx.net\/es\/wp-json\/wp\/v2\/comments?post=55751"}],"wp:featuredmedia":[{"embeddable":true,"href":"https:\/\/copopalhinhas.maildx.net\/es\/wp-json\/wp\/v2\/media\/55757"}],"wp:attachment":[{"href":"https:\/\/copopalhinhas.maildx.net\/es\/wp-json\/wp\/v2\/media?parent=55751"}],"wp:term":[{"taxonomy":"product_brand","embeddable":true,"href":"https:\/\/copopalhinhas.maildx.net\/es\/wp-json\/wp\/v2\/product_brand?post=55751"},{"taxonomy":"product_cat","embeddable":true,"href":"https:\/\/copopalhinhas.maildx.net\/es\/wp-json\/wp\/v2\/product_cat?post=55751"},{"taxonomy":"product_tag","embeddable":true,"href":"https:\/\/copopalhinhas.maildx.net\/es\/wp-json\/wp\/v2\/product_tag?post=55751"}],"curies":[{"name":"wp","href":"https:\/\/api.w.org\/{rel}","templated":true}]}}