{"id":55857,"date":"2025-01-08T10:34:18","date_gmt":"2025-01-08T10:34:18","guid":{"rendered":"https:\/\/copopalhinhas.maildx.net\/?post_type=product&#038;p=55857"},"modified":"2025-11-12T10:12:05","modified_gmt":"2025-11-12T10:12:05","slug":"copo-papel-cartao-branco-tampa-branca-furo-24cl-240ml-8oz","status":"publish","type":"product","link":"https:\/\/copopalhinhas.maildx.net\/es\/producto\/copo-papel-cartao-branco-tampa-branca-furo-24cl-240ml-8oz\/","title":{"rendered":"VASO DE PAPEL BLANCO (CART\u00d3N) TAPA Y ORIFICIO BLANCOS 24CL (240ML\/8OZ)"},"content":{"rendered":"<h3>VASO DE PAPEL BLANCO (CART\u00d3N) TAPA Y ORIFICIO BLANCOS 24CL (240ML\/8OZ)<\/h3>\n<p>O Copo de Papel (cart\u00e3o) Branco Tampa Branca e Furo 24cl (240ml\/8oz) \u00e9 a escolha ideal para quem procura praticidade e seguran\u00e7a no servi\u00e7o de bebidas. Al\u00e9m disso, \u00e9 perfeito para bebidas quentes e frias, como caf\u00e9s, ch\u00e1s, sumos e outras bebidas de take-away. Adicionalmente, a tampa branca, com orif\u00edcio, permite o consumo sem derramamentos, garantindo, assim, comodidade para o cliente, seja em eventos, cafeterias ou restaurantes. Al\u00e9m disso, a sua estrutura em papel oferece maior sustentabilidade, ajudando a reduzir o impacto ambiental. Uma solu\u00e7\u00e3o eficiente e ecol\u00f3gica para o seu neg\u00f3cio.<\/p>\n<ul>\n<li><strong>Tamanho Ideal para Diversas Bebidas:<\/strong> Com uma capacidade de 24cl (240ml\/8oz), este copo \u00e9 vers\u00e1til o suficiente para servir todo o tipo de bebidas quentes ou frias. Al\u00e9m disso, o material de cart\u00e3o\/papel utilizado \u00e9 de qualidade superior, garantindo resist\u00eancia e durabilidade.<\/li>\n<li><strong>Material de Cart\u00e3o\/Papel:<\/strong> Fabricado em cart\u00e3o\/papel de qualidade, este copo \u00e9 resistente. Consequentemente, ele atende \u00e0s normas exigidas, garantindo a seguran\u00e7a e sustentabilidade do produto.<\/li>\n<li><strong>Conformidade com Diretivas da UE:<\/strong> Este copo atende \u00e0s diretrizes da Uni\u00e3o Europeia para embalagens, alertando, assim, para o perigo ambiental que estes produtos podem representar, quando descartados incorretamente. Portanto, \u00e9 importante seguir as recomenda\u00e7\u00f5es para garantir um descarte respons\u00e1vel.<\/li>\n<li><strong>Descart\u00e1vel e Pr\u00e1tico:<\/strong> Ap\u00f3s o uso, \u00e9 f\u00e1cil descartar os copos, o que torna a limpeza e a reciclagem mais simples e r\u00e1pidas.<\/li>\n<\/ul>\n<p>Veja a nossa sele\u00e7\u00e3o de <a href=\"https:\/\/copopalhinhas.maildx.net\/es\/categorias\/copos-descartaveis-cartao\/\">vasos de papel<\/a> y <a href=\"https:\/\/copopalhinhas.maildx.net\/es\/categorias\/copos-descartaveis\/\">vasos desechables<\/a>.<\/p>\n<p><img decoding=\"async\" src=\"https:\/\/copopalhinhas.maildx.net\/wp-content\/uploads\/Icon_DESCARTAVEL.png\" alt=\"\" width=\"30\" height=\"30\" \/> <strong>Desechable<\/strong><\/p>\n<p><img decoding=\"async\" src=\"https:\/\/copopalhinhas.maildx.net\/wp-content\/uploads\/Icons_alimentos.png\" alt=\"\" width=\"30\" height=\"30\" \/> <strong>Alimento<\/strong>: Apto para consumo alimentario.<\/p>\n<p><img decoding=\"async\" src=\"https:\/\/copopalhinhas.maildx.net\/wp-content\/uploads\/Icon_reciclaveis.png\" alt=\"\" width=\"30\" height=\"30\" \/> <strong>Reciclables<\/strong>: Produtos que se podem reciclar ou utilizar para recupera\u00e7\u00e3o energ\u00e9tica.<\/p>","protected":false},"excerpt":{"rendered":"<p>Este Copo de Papel (Cart\u00e3o) Branco \u00e9 ideal para bebidas quentes e frias. Perfeito para take-away, eventos e neg\u00f3cios. A tampa branca com furo permite um consumo f\u00e1cil e sem derramamentos, proporcionando praticidade e seguran\u00e7a. Inclui a impress\u00e3o da Diretiva da UE (Decreto-Lei n.\u00ba 78\/2021).<\/p>\n<p>&nbsp;<\/p>\n<p><img decoding=\"async\" src=\"https:\/\/copopalhinhas.maildx.net\/wp-content\/uploads\/Icons_alimentos.png\" alt=\"\" width=\"30\" height=\"30\" \/> <img decoding=\"async\" src=\"https:\/\/copopalhinhas.maildx.net\/wp-content\/uploads\/Icon_DESCARTAVEL.png\" alt=\"\" width=\"30\" height=\"30\" \/> <img decoding=\"async\" src=\"https:\/\/copopalhinhas.maildx.net\/wp-content\/uploads\/Icon_reciclaveis.png\" alt=\"\" width=\"30\" height=\"30\" \/><\/p>","protected":false},"featured_media":55861,"comment_status":"open","ping_status":"closed","template":"","meta":{"_acf_changed":false},"product_brand":[],"product_cat":[1719,2007,2036,2249,1515,1512,1484,1436,1946,225],"product_tag":[2088,2089,1589,1775,1569,1702],"class_list":{"0":"post-55857","1":"product","2":"type-product","3":"status-publish","4":"has-post-thumbnail","6":"product_cat-branco","7":"product_cat-copos-descartaveis","8":"product_cat-copos-descartaveis-cartao-com-tampa","9":"product_cat-take-away","10":"product_cat-21-30cl","11":"product_cat-descartavel","12":"product_cat-cartao","13":"product_cat-agua","14":"product_cat-copo","15":"product_cat-copos","16":"product_tag-copos-de-cartao","17":"product_tag-copos-de-papel","18":"product_tag-sub-menu-copos-descartaveis","19":"product_tag-copos-descartaveis-cartao-com-tampa","20":"product_tag-menu-descartaveis","21":"product_tag-destaque","22":"pa_qtd-por-caixa-281","23":"pa_qtd-por-caixa-1288","24":"tm-no-options","26":"first","27":"instock","28":"taxable","29":"shipping-taxable","30":"purchasable","31":"product-type-variable"},"acf":[],"_links":{"self":[{"href":"https:\/\/copopalhinhas.maildx.net\/es\/wp-json\/wp\/v2\/product\/55857","targetHints":{"allow":["GET"]}}],"collection":[{"href":"https:\/\/copopalhinhas.maildx.net\/es\/wp-json\/wp\/v2\/product"}],"about":[{"href":"https:\/\/copopalhinhas.maildx.net\/es\/wp-json\/wp\/v2\/types\/product"}],"replies":[{"embeddable":true,"href":"https:\/\/copopalhinhas.maildx.net\/es\/wp-json\/wp\/v2\/comments?post=55857"}],"wp:featuredmedia":[{"embeddable":true,"href":"https:\/\/copopalhinhas.maildx.net\/es\/wp-json\/wp\/v2\/media\/55861"}],"wp:attachment":[{"href":"https:\/\/copopalhinhas.maildx.net\/es\/wp-json\/wp\/v2\/media?parent=55857"}],"wp:term":[{"taxonomy":"product_brand","embeddable":true,"href":"https:\/\/copopalhinhas.maildx.net\/es\/wp-json\/wp\/v2\/product_brand?post=55857"},{"taxonomy":"product_cat","embeddable":true,"href":"https:\/\/copopalhinhas.maildx.net\/es\/wp-json\/wp\/v2\/product_cat?post=55857"},{"taxonomy":"product_tag","embeddable":true,"href":"https:\/\/copopalhinhas.maildx.net\/es\/wp-json\/wp\/v2\/product_tag?post=55857"}],"curies":[{"name":"wp","href":"https:\/\/api.w.org\/{rel}","templated":true}]}}