{"id":56915,"date":"2025-02-07T17:05:23","date_gmt":"2025-02-07T17:05:23","guid":{"rendered":"https:\/\/copopalhinhas.maildx.net\/?post_type=product&#038;p=56915"},"modified":"2025-09-27T21:11:57","modified_gmt":"2025-09-27T20:11:57","slug":"copo-papel-cartao-branco-475cl-475ml-16oz","status":"publish","type":"product","link":"https:\/\/copopalhinhas.maildx.net\/es\/producto\/copo-papel-cartao-branco-475cl-475ml-16oz\/","title":{"rendered":"VASO DE PAPEL BLANCO (CART\u00d3N) 47,5 CL (475 ML\/16 OZ) PARA BEBIDAS FR\u00cdAS"},"content":{"rendered":"<h3>Vaso de cart\u00f3n blanco de 47,5 cl (475 ml\/16 oz): practicidad y comodidad para bebidas fr\u00edas.<\/h3>\n<p>El vaso de cart\u00f3n blanco de 47,5 cl (475 ml\/16 oz) es una soluci\u00f3n vers\u00e1til para servir bebidas fr\u00edas. Ya sea para caf\u00e9, t\u00e9, zumos, refrescos o batidos, este vaso desechable combina funcionalidad e higiene. Adem\u00e1s, su dise\u00f1o sencillo y neutro se adapta a cualquier ocasi\u00f3n, lo que lo hace indispensable en cafeter\u00edas, bares, eventos y empresas de catering.<\/p>\n<h4>Opte por un dise\u00f1o minimalista y sofisticado<\/h4>\n<p>Con un acabado blanco y sin impresi\u00f3n, esta taza destaca por su aspecto limpio y profesional. Por lo tanto, se adapta perfectamente a diversos establecimientos, como cafeter\u00edas, oficinas y restaurantes. Adem\u00e1s, se puede personalizar con logotipos o etiquetas, lo que la convierte en una excelente opci\u00f3n para la marca.<\/p>\n<h4>Garantiza resistencia y seguridad en el uso<\/h4>\n<p>Fabricada en cart\u00f3n de alta calidad, esta taza se mantiene firme incluso con l\u00edquidos fr\u00edos, evitando deformaciones y garantizando la comodidad del usuario.<\/p>\n<h4>Facilidad y comodidad para la vida cotidiana<\/h4>\n<p>Este vaso fue dise\u00f1ado para un uso r\u00e1pido y pr\u00e1ctico. Al ser desechable, reduce la necesidad de lavado y simplifica la log\u00edstica en eventos y establecimientos con alta afluencia de clientes. Adem\u00e1s, es apilable, lo que ahorra espacio de almacenamiento.<\/p>\n<h4>Caracter\u00edsticas del producto:<\/h4>\n<ul>\n<li>Capacidad: 47,5 cl (475 ml\/16 oz)<\/li>\n<li>Adecuado para bebidas fr\u00edas.<\/li>\n<li>Material: Papel de alta resistencia (cart\u00f3n)<\/li>\n<li>Desechables y funcionales<\/li>\n<li>Dise\u00f1o blanco, neutro y profesional.<\/li>\n<\/ul>\n<p><img decoding=\"async\" src=\"https:\/\/copopalhinhas.maildx.net\/wp-content\/uploads\/Icon_DESCARTAVEL.png\" alt=\"\" width=\"30\" height=\"30\" \/> <strong>Desechable<\/strong><\/p>\n<p><img decoding=\"async\" src=\"https:\/\/copopalhinhas.maildx.net\/wp-content\/uploads\/Icons_alimentos.png\" alt=\"\" width=\"30\" height=\"30\" \/> <strong>Alimento<\/strong>: Apto para consumo alimentario.<\/p>\n<p><img decoding=\"async\" src=\"https:\/\/copopalhinhas.maildx.net\/wp-content\/uploads\/Icon_reciclaveis.png\" alt=\"\" width=\"30\" height=\"30\" \/> Es posible reciclar estos productos o utilizarlos para la recuperaci\u00f3n de energ\u00eda.<\/p>","protected":false},"excerpt":{"rendered":"<p>Vaso de cart\u00f3n blanco de 47,5 cl (475 ml\/16 oz). Ideal para zumos y batidos. Desechable, duradero y pr\u00e1ctico. El vaso de cart\u00f3n tiene un revestimiento exterior e interior de PE (polietileno).<\/p>\n<p><img decoding=\"async\" src=\"https:\/\/copopalhinhas.maildx.net\/wp-content\/uploads\/Icons_alimentos.png\" alt=\"\" width=\"30\" height=\"30\" \/> <img decoding=\"async\" src=\"https:\/\/copopalhinhas.maildx.net\/wp-content\/uploads\/Icon_DESCARTAVEL.png\" alt=\"\" width=\"30\" height=\"30\" \/> <img decoding=\"async\" src=\"https:\/\/copopalhinhas.maildx.net\/wp-content\/uploads\/Icon_reciclaveis.png\" alt=\"\" width=\"30\" height=\"30\" \/><\/p>","protected":false},"featured_media":57095,"comment_status":"open","ping_status":"closed","template":"","meta":{"_acf_changed":false},"product_brand":[],"product_cat":[2007,2035,1719,1455,1512,1484,1946,225],"product_tag":[1589,1594,1569],"class_list":{"0":"post-56915","1":"product","2":"type-product","3":"status-publish","4":"has-post-thumbnail","6":"product_cat-copos-descartaveis","7":"product_cat-copos-descartaveis-cartao","8":"product_cat-branco","9":"product_cat-41-50cl","10":"product_cat-descartavel","11":"product_cat-cartao","12":"product_cat-copo","13":"product_cat-copos","14":"product_tag-sub-menu-copos-descartaveis","15":"product_tag-sub-menu-copos-descartaveis-papel-cartao","16":"product_tag-menu-descartaveis","17":"pa_capacidade-total-41-50cl","18":"pa_qtd-por-caixa-1273","19":"pa_qtd-por-caixa-1288","20":"tm-no-options","22":"first","23":"instock","24":"taxable","25":"shipping-taxable","26":"purchasable","27":"product-type-variable"},"acf":[],"_links":{"self":[{"href":"https:\/\/copopalhinhas.maildx.net\/es\/wp-json\/wp\/v2\/product\/56915","targetHints":{"allow":["GET"]}}],"collection":[{"href":"https:\/\/copopalhinhas.maildx.net\/es\/wp-json\/wp\/v2\/product"}],"about":[{"href":"https:\/\/copopalhinhas.maildx.net\/es\/wp-json\/wp\/v2\/types\/product"}],"replies":[{"embeddable":true,"href":"https:\/\/copopalhinhas.maildx.net\/es\/wp-json\/wp\/v2\/comments?post=56915"}],"wp:featuredmedia":[{"embeddable":true,"href":"https:\/\/copopalhinhas.maildx.net\/es\/wp-json\/wp\/v2\/media\/57095"}],"wp:attachment":[{"href":"https:\/\/copopalhinhas.maildx.net\/es\/wp-json\/wp\/v2\/media?parent=56915"}],"wp:term":[{"taxonomy":"product_brand","embeddable":true,"href":"https:\/\/copopalhinhas.maildx.net\/es\/wp-json\/wp\/v2\/product_brand?post=56915"},{"taxonomy":"product_cat","embeddable":true,"href":"https:\/\/copopalhinhas.maildx.net\/es\/wp-json\/wp\/v2\/product_cat?post=56915"},{"taxonomy":"product_tag","embeddable":true,"href":"https:\/\/copopalhinhas.maildx.net\/es\/wp-json\/wp\/v2\/product_tag?post=56915"}],"curies":[{"name":"wp","href":"https:\/\/api.w.org\/{rel}","templated":true}]}}