{"id":56949,"date":"2025-02-10T09:21:51","date_gmt":"2025-02-10T09:21:51","guid":{"rendered":"https:\/\/copopalhinhas.maildx.net\/?post_type=product&#038;p=56949"},"modified":"2025-11-22T00:23:18","modified_gmt":"2025-11-22T00:23:18","slug":"copo-papel-cartao-branco-35cl-350ml-12oz","status":"publish","type":"product","link":"https:\/\/copopalhinhas.maildx.net\/es\/producto\/copo-papel-cartao-branco-35cl-350ml-12oz\/","title":{"rendered":"COPO DE PAPEL (CART\u00c3O) BRANCO 35CL (350ML\/12OZ) PARA BEBIDA FRIA"},"content":{"rendered":"<h3>Copo de Papel (Cart\u00e3o) Branco 35cl (350ml\/12oz) \u2013 Praticidade e Efici\u00eancia para o Teu Neg\u00f3cio<\/h3>\n<p>O copo de papel (cart\u00e3o) branco 35cl (350ml\/12oz) \u00e9 a escolha ideal para quem procura uma solu\u00e7\u00e3o pr\u00e1tica e descart\u00e1vel para servir bebidas frias. Seja para caf\u00e9s, sumos, ch\u00e1s ou outras bebidas, este copo garante conforto e seguran\u00e7a em qualquer ocasi\u00e3o.<\/p>\n<h4>Adapta-se a Qualquer Bebida e Ocasi\u00e3o<\/h4>\n<p>Com um design vers\u00e1til e minimalista, este copo de papel (cart\u00e3o) branco pode ser utilizado tanto em restaurantes, caf\u00e9s e eventos como em escrit\u00f3rios. Al\u00e9m disso, a sua estrutura permite uma utiliza\u00e7\u00e3o confort\u00e1vel, proporcionando uma boa experi\u00eancia ao consumidor.<\/p>\n<p>Gra\u00e7as \u00e0 sua composi\u00e7\u00e3o de cart\u00e3o resistente, mant\u00e9m a integridade mesmo quando utilizado com bebidas frias, evitando vazamentos ou deforma\u00e7\u00f5es.<\/p>\n<h4>Aposta numa Solu\u00e7\u00e3o Simples e Funcional<\/h4>\n<p>Se procuras um copo pr\u00e1tico, eficiente e descart\u00e1vel, este modelo destaca-se pela sua qualidade e resist\u00eancia. Dessa forma, garante um uso seguro e adapta-se a diferentes necessidades do dia a dia. V\u00ea mais <a href=\"https:\/\/copopalhinhas.maildx.net\/es\/categorias\/copos-descartaveis\/\">vasos desechables<\/a>.<\/p>\n<p>Al\u00e9m disso, o acabamento branco proporciona um visual profissional e elegante, adequado para qualquer tipo de estabelecimento.<\/p>\n<h4>Principais Benef\u00edcios:<\/h4>\n<ul>\n<li>Ideal para bebidas fr\u00edas.<\/li>\n<li>Estrutura resistente e segura<\/li>\n<li>Design branco profissional e vers\u00e1til<\/li>\n<\/ul>\n<p><img decoding=\"async\" src=\"https:\/\/copopalhinhas.maildx.net\/wp-content\/uploads\/Icon_DESCARTAVEL.png\" alt=\"\" width=\"30\" height=\"30\" \/> <strong>Desechable<\/strong><\/p>\n<p><img decoding=\"async\" src=\"https:\/\/copopalhinhas.maildx.net\/wp-content\/uploads\/Icons_alimentos.png\" alt=\"\" width=\"30\" height=\"30\" \/> <strong>Alimento<\/strong>: Apto para consumo alimentario.<\/p>\n<p><img decoding=\"async\" src=\"https:\/\/copopalhinhas.maildx.net\/wp-content\/uploads\/Icon_reciclaveis.png\" alt=\"\" width=\"30\" height=\"30\" \/> Es posible reciclar estos productos o utilizarlos para la recuperaci\u00f3n de energ\u00eda.<\/p>","protected":false},"excerpt":{"rendered":"<p>Copo de papel (cart\u00e3o) branco 35cl (350ml\/12oz), resistente e descart\u00e1vel. Ideal para restaura\u00e7\u00e3o, eventos e bebidas frias. O copo de papel possui revestimento em PE (polietileno) no exterior e interior.<\/p>\n<p><img decoding=\"async\" src=\"https:\/\/copopalhinhas.maildx.net\/wp-content\/uploads\/Icons_alimentos.png\" alt=\"\" width=\"30\" height=\"30\" \/> <img decoding=\"async\" src=\"https:\/\/copopalhinhas.maildx.net\/wp-content\/uploads\/Icon_DESCARTAVEL.png\" alt=\"\" width=\"30\" height=\"30\" \/> <img decoding=\"async\" src=\"https:\/\/copopalhinhas.maildx.net\/wp-content\/uploads\/Icon_reciclaveis.png\" alt=\"\" width=\"30\" height=\"30\" \/><\/p>","protected":false},"featured_media":57085,"comment_status":"open","ping_status":"closed","template":"","meta":{"_acf_changed":false},"product_brand":[],"product_cat":[2007,2035,1719,1455,1512,1484,1946,225],"product_tag":[2229,2230,1589,1594,1569],"class_list":{"0":"post-56949","1":"product","2":"type-product","3":"status-publish","4":"has-post-thumbnail","6":"product_cat-copos-descartaveis","7":"product_cat-copos-descartaveis-cartao","8":"product_cat-branco","9":"product_cat-41-50cl","10":"product_cat-descartavel","11":"product_cat-cartao","12":"product_cat-copo","13":"product_cat-copos","14":"product_tag-copo-de-papel","15":"product_tag-copo-de-papel-branco","16":"product_tag-sub-menu-copos-descartaveis","17":"product_tag-sub-menu-copos-descartaveis-papel-cartao","18":"product_tag-menu-descartaveis","19":"pa_qtd-por-caixa-1273","20":"pa_qtd-por-caixa-1288","21":"tm-no-options","23":"first","24":"instock","25":"taxable","26":"shipping-taxable","27":"purchasable","28":"product-type-variable"},"acf":[],"_links":{"self":[{"href":"https:\/\/copopalhinhas.maildx.net\/es\/wp-json\/wp\/v2\/product\/56949","targetHints":{"allow":["GET"]}}],"collection":[{"href":"https:\/\/copopalhinhas.maildx.net\/es\/wp-json\/wp\/v2\/product"}],"about":[{"href":"https:\/\/copopalhinhas.maildx.net\/es\/wp-json\/wp\/v2\/types\/product"}],"replies":[{"embeddable":true,"href":"https:\/\/copopalhinhas.maildx.net\/es\/wp-json\/wp\/v2\/comments?post=56949"}],"wp:featuredmedia":[{"embeddable":true,"href":"https:\/\/copopalhinhas.maildx.net\/es\/wp-json\/wp\/v2\/media\/57085"}],"wp:attachment":[{"href":"https:\/\/copopalhinhas.maildx.net\/es\/wp-json\/wp\/v2\/media?parent=56949"}],"wp:term":[{"taxonomy":"product_brand","embeddable":true,"href":"https:\/\/copopalhinhas.maildx.net\/es\/wp-json\/wp\/v2\/product_brand?post=56949"},{"taxonomy":"product_cat","embeddable":true,"href":"https:\/\/copopalhinhas.maildx.net\/es\/wp-json\/wp\/v2\/product_cat?post=56949"},{"taxonomy":"product_tag","embeddable":true,"href":"https:\/\/copopalhinhas.maildx.net\/es\/wp-json\/wp\/v2\/product_tag?post=56949"}],"curies":[{"name":"wp","href":"https:\/\/api.w.org\/{rel}","templated":true}]}}