{"id":64796,"date":"2025-03-21T15:23:21","date_gmt":"2025-03-21T15:23:21","guid":{"rendered":"https:\/\/copopalhinhas.maildx.net\/?post_type=product&#038;p=64796"},"modified":"2025-09-27T19:06:41","modified_gmt":"2025-09-27T18:06:41","slug":"caixa-em-cartao-ondulado-com-janela-85x12x55cm-50cl-500ml","status":"publish","type":"product","link":"https:\/\/copopalhinhas.maildx.net\/es\/producto\/caixa-em-cartao-ondulado-com-janela-85x12x55cm-50cl-500ml\/","title":{"rendered":"CAJA DE CART\u00d3N CORRUGADO CON VENTANA 8,5x12x5,5CM \/ 50CL (500ML)"},"content":{"rendered":"<h4>Caixa em Cart\u00e3o Ondulado com Janela 8,5x12x5,5 cm &#8211; Ideal para Embalagem de 50cl (500ml)<\/h4>\n<p>Apresente os seus produtos de forma elegante e sustent\u00e1vel com a Caixa em Cart\u00e3o Ondulado com Janela. Com dimens\u00f5es de 8,5x12x5,5 cm, esta embalagem \u00e9 perfeita para levar ou entregar comida.<\/p>\n<p>Fabricada em cart\u00e3o ondulado resistente, garante prote\u00e7\u00e3o e seguran\u00e7a ao transporte dos seus artigos, enquanto a pr\u00e1tica janela transparente permite uma visualiza\u00e7\u00e3o atrativa do conte\u00fado, destacando a qualidade do seu produto.<\/p>\n<p>Ideal para setores como restaura\u00e7\u00e3o. Esta caixa combina funcionalidade com um design ecol\u00f3gico, sendo 100% recicl\u00e1vel e amiga do ambiente.<\/p>\n<h4>Caracter\u00edsticas principales:<\/h4>\n<ul>\n<li>Dimens\u00f5es: 8,5 cm (largura) x 12 cm (altura) x 5,5 cm (profundidade)<\/li>\n<li>Material: Cart\u00e3o ondulado de alta qualidade<\/li>\n<li>Inclui janela frontal transparente<\/li>\n<li>Capacidade: At\u00e9 500ml (50cl)<\/li>\n<li>F\u00e1cil de montar e usar<\/li>\n<li>Produto recicl\u00e1vel e sustent\u00e1vel<\/li>\n<li>Perfeita para criar uma apresenta\u00e7\u00e3o profissional e diferenciada, esta caixa com janela ajuda a valorizar a sua marca, garantindo uma experi\u00eancia \u00fanica para o cliente.<\/li>\n<li>Reciclable.<\/li>\n<li>No apto para microondas ni horno.<\/li>\n<li>Soporta temperaturas entre -18\u00baC y +70\u00baC.<\/li>\n<li>Resistente a aceites y grasas.<\/li>\n<\/ul>\n<h4>Certificados:<\/h4>\n<ul>\n<li><strong>Para alimentar<\/strong>: Reglamento (CE) n\u00ba 1935\/2004 del Parlamento Europeo y del Consejo, de 27 de octubre de 2004, sobre los materiales y objetos destinados a entrar en contacto con alimentos.<\/li>\n<li>Reglamento (UE) n.\u00ba 10\/2011 de la Comisi\u00f3n, de 14 de enero de 2011, sobre materiales y objetos pl\u00e1sticos destinados a entrar en contacto con alimentos. Registro Sanitario de Industrias y Productos Alimentarios.<\/li>\n<\/ul>\n<p><img decoding=\"async\" src=\"https:\/\/copopalhinhas.maildx.net\/wp-content\/uploads\/Icon_DESCARTAVEL.png\" alt=\"\" width=\"30\" height=\"30\" \/> <strong>Desechable<\/strong><\/p>\n<p><img decoding=\"async\" src=\"https:\/\/copopalhinhas.maildx.net\/wp-content\/uploads\/Icons_alimentos.png\" alt=\"\" width=\"30\" height=\"30\" \/> <strong>Alimento<\/strong>: Apto para consumo alimentario.<\/p>\n<p><img decoding=\"async\" src=\"https:\/\/copopalhinhas.maildx.net\/wp-content\/uploads\/Icon_reciclaveis.png\" alt=\"\" width=\"30\" height=\"30\" \/> <strong>Reciclables<\/strong>:Productos que pueden reciclarse o utilizarse para la recuperaci\u00f3n de energ\u00eda.<\/p>","protected":false},"excerpt":{"rendered":"<p>Caixa em cart\u00e3o ondulado com janela para levar ou entregar comida. Fabricado em cart\u00e3o ondulado nano-micro. Alta visibilidade. Janela OPP f\u00e1cil de remover. Tamanho: 8,5x12x5,5 cm.<\/p>\n<p><img decoding=\"async\" src=\"https:\/\/copopalhinhas.maildx.net\/wp-content\/uploads\/Icons_alimentos.png\" alt=\"\" width=\"30\" height=\"30\" \/> <img decoding=\"async\" src=\"https:\/\/copopalhinhas.maildx.net\/wp-content\/uploads\/Icon_DESCARTAVEL.png\" alt=\"\" width=\"30\" height=\"30\" \/> <img decoding=\"async\" src=\"https:\/\/copopalhinhas.maildx.net\/wp-content\/uploads\/Icon_reciclaveis.png\" alt=\"\" width=\"30\" height=\"30\" \/><\/p>","protected":false},"featured_media":65110,"comment_status":"open","ping_status":"closed","template":"","meta":{"_acf_changed":false},"product_brand":[],"product_cat":[2046,2010,1725,1455,1512,1484,1490,1397],"product_tag":[1569,1607,1604],"class_list":{"0":"post-64796","1":"product","2":"type-product","3":"status-publish","4":"has-post-thumbnail","6":"product_cat-embalagens-cartao","7":"product_cat-embalagens-descartaveis","8":"product_cat-castanho","9":"product_cat-41-50cl","10":"product_cat-descartavel","11":"product_cat-cartao","12":"product_cat-caixas","13":"product_cat-embalagens","14":"product_tag-menu-descartaveis","15":"product_tag-sub-menu-embalagens-cartao","16":"product_tag-sub-menu-embalagens-descartaveis","17":"pa_qtd-por-caixa-1273","18":"pa_qtd-por-caixa-1277","19":"tm-no-options","21":"first","22":"instock","23":"taxable","24":"shipping-taxable","25":"purchasable","26":"product-type-variable"},"acf":[],"_links":{"self":[{"href":"https:\/\/copopalhinhas.maildx.net\/es\/wp-json\/wp\/v2\/product\/64796","targetHints":{"allow":["GET"]}}],"collection":[{"href":"https:\/\/copopalhinhas.maildx.net\/es\/wp-json\/wp\/v2\/product"}],"about":[{"href":"https:\/\/copopalhinhas.maildx.net\/es\/wp-json\/wp\/v2\/types\/product"}],"replies":[{"embeddable":true,"href":"https:\/\/copopalhinhas.maildx.net\/es\/wp-json\/wp\/v2\/comments?post=64796"}],"wp:featuredmedia":[{"embeddable":true,"href":"https:\/\/copopalhinhas.maildx.net\/es\/wp-json\/wp\/v2\/media\/65110"}],"wp:attachment":[{"href":"https:\/\/copopalhinhas.maildx.net\/es\/wp-json\/wp\/v2\/media?parent=64796"}],"wp:term":[{"taxonomy":"product_brand","embeddable":true,"href":"https:\/\/copopalhinhas.maildx.net\/es\/wp-json\/wp\/v2\/product_brand?post=64796"},{"taxonomy":"product_cat","embeddable":true,"href":"https:\/\/copopalhinhas.maildx.net\/es\/wp-json\/wp\/v2\/product_cat?post=64796"},{"taxonomy":"product_tag","embeddable":true,"href":"https:\/\/copopalhinhas.maildx.net\/es\/wp-json\/wp\/v2\/product_tag?post=64796"}],"curies":[{"name":"wp","href":"https:\/\/api.w.org\/{rel}","templated":true}]}}