{"id":65662,"date":"2025-03-24T11:38:02","date_gmt":"2025-03-24T11:38:02","guid":{"rendered":"https:\/\/copopalhinhas.maildx.net\/?post_type=product&#038;p=65662"},"modified":"2025-10-13T12:54:40","modified_gmt":"2025-10-13T11:54:40","slug":"caixa-em-cartao-ondulado-10x10x4cm-para-sushi","status":"publish","type":"product","link":"https:\/\/copopalhinhas.maildx.net\/es\/producto\/caixa-em-cartao-ondulado-10x10x4cm-para-sushi\/","title":{"rendered":"CAJA DE CART\u00d3N CORRUGADO 10x10x4CM PARA SUSHI"},"content":{"rendered":"<h4>Caixa em Cart\u00e3o Ondulado Nano-Micro 10x10x4 cm &#8211; Ideal para Embalagem de Sushi<\/h4>\n<p>Apresente os seus produtos de forma elegante e sustent\u00e1vel com a Caixa em Cart\u00e3o Ondulado. Com dimens\u00f5es de 10x10x4 cm, esta embalagem \u00e9 perfeita para pe\u00e7as de sushi.<\/p>\n<p>Fabricada em cart\u00e3o ondulado resistente, garante prote\u00e7\u00e3o e seguran\u00e7a ao transporte dos seus artigos.<\/p>\n<p>Nano-micro \u00e9 o tamanho mais pequeno para o cart\u00e3o ondulado. Envolve muita tecnologia, investimento e conhecimento para produzir nano-micro ondula\u00e7\u00e3o com papeis de pouca gramagem. Com a nanotecnologia, as embalagens ficam mais fortes, mais leves e mais t\u00e9rmicas. (Permitem manter a temperatura interior por mais tempo). A nano-micro ondula\u00e7\u00e3o a proporciona maior rigidez \u00e0s embalagens e permite reduzir a quantidade de papel usado na fabrica\u00e7\u00e3o.<\/p>\n<p>Ideal para restaura\u00e7\u00e3o. Esta caixa combina funcionalidade com um design ecol\u00f3gico, sendo 100% recicl\u00e1vel e amiga do ambiente.<br \/>\nSe pretender outro modelo, consulte as nossas <a href=\"https:\/\/copopalhinhas.maildx.net\/es\/categorias\/embalagens-cartao\/\">embalagens de cart\u00e3o<\/a>.<\/p>\n<h4>Caracter\u00edsticas principales:<\/h4>\n<ul>\n<li>Dimens\u00f5es: 10 cm (largura) x 10 cm (profundidade) x 4 cm (altura)<\/li>\n<li>Material: Cart\u00e3o ondulado nano-micro de alta qualidade<\/li>\n<li>F\u00e1cil de montar e usar<\/li>\n<li>Produto recicl\u00e1vel e biodegrad\u00e1vel<\/li>\n<li>Perfeita para criar uma apresenta\u00e7\u00e3o profissional e diferenciada.<\/li>\n<li>Reciclable.<\/li>\n<li>No apto para microondas ni horno.<\/li>\n<li>Soporta temperaturas entre -18\u00baC y +70\u00baC.<\/li>\n<li>Resistente a aceites y grasas.<\/li>\n<\/ul>\n<h4>Certificados:<\/h4>\n<ul>\n<li><strong>Para alimentar<\/strong>: Reglamento (CE) n\u00ba 1935\/2004 del Parlamento Europeo y del Consejo, de 27 de octubre de 2004, sobre los materiales y objetos destinados a entrar en contacto con alimentos.<\/li>\n<li>Reglamento (UE) n.\u00ba 10\/2011 de la Comisi\u00f3n, de 14 de enero de 2011, sobre materiales y objetos pl\u00e1sticos destinados a entrar en contacto con alimentos. Registro Sanitario de Industrias y Productos Alimentarios.<\/li>\n<\/ul>\n<p><img decoding=\"async\" src=\"https:\/\/copopalhinhas.maildx.net\/wp-content\/uploads\/Icon_DESCARTAVEL.png\" alt=\"\" width=\"30\" height=\"30\" \/> <strong>Desechable<\/strong><\/p>\n<p><img decoding=\"async\" src=\"https:\/\/copopalhinhas.maildx.net\/wp-content\/uploads\/Icons_alimentos.png\" alt=\"\" width=\"30\" height=\"30\" \/> <strong>Alimento<\/strong>: Apto para consumo alimentario.<\/p>\n<p><img decoding=\"async\" src=\"https:\/\/copopalhinhas.maildx.net\/wp-content\/uploads\/Icon_reciclaveis.png\" alt=\"\" width=\"30\" height=\"30\" \/> <strong>Reciclables<\/strong>:Productos que pueden reciclarse o utilizarse para la recuperaci\u00f3n de energ\u00eda.<\/p>","protected":false},"excerpt":{"rendered":"<p>Caixa em cart\u00e3o ondulado nano-micro para levar ou entregar comida. Fabricado com medidas 10x10x4cm. Ideal para sushi.<\/p>\n<p><img decoding=\"async\" src=\"https:\/\/copopalhinhas.maildx.net\/wp-content\/uploads\/Icons_alimentos.png\" alt=\"\" width=\"30\" height=\"30\" \/> <img decoding=\"async\" src=\"https:\/\/copopalhinhas.maildx.net\/wp-content\/uploads\/Icon_DESCARTAVEL.png\" alt=\"\" width=\"30\" height=\"30\" \/> <img decoding=\"async\" src=\"https:\/\/copopalhinhas.maildx.net\/wp-content\/uploads\/Icon_reciclaveis.png\" alt=\"\" width=\"30\" height=\"30\" \/><\/p>","protected":false},"featured_media":65667,"comment_status":"open","ping_status":"closed","template":"","meta":{"_acf_changed":false},"product_brand":[],"product_cat":[2046,2010,1725,1512,1484,1490,1497,1397],"product_tag":[1569,1607,1604],"class_list":{"0":"post-65662","1":"product","2":"type-product","3":"status-publish","4":"has-post-thumbnail","6":"product_cat-embalagens-cartao","7":"product_cat-embalagens-descartaveis","8":"product_cat-castanho","9":"product_cat-descartavel","10":"product_cat-cartao","11":"product_cat-caixas","12":"product_cat-sushi","13":"product_cat-embalagens","14":"product_tag-menu-descartaveis","15":"product_tag-sub-menu-embalagens-cartao","16":"product_tag-sub-menu-embalagens-descartaveis","17":"pa_qtd-por-caixa-1273","18":"pa_qtd-por-caixa-1277","19":"tm-no-options","21":"first","22":"instock","23":"taxable","24":"shipping-taxable","25":"purchasable","26":"product-type-variable"},"acf":[],"_links":{"self":[{"href":"https:\/\/copopalhinhas.maildx.net\/es\/wp-json\/wp\/v2\/product\/65662","targetHints":{"allow":["GET"]}}],"collection":[{"href":"https:\/\/copopalhinhas.maildx.net\/es\/wp-json\/wp\/v2\/product"}],"about":[{"href":"https:\/\/copopalhinhas.maildx.net\/es\/wp-json\/wp\/v2\/types\/product"}],"replies":[{"embeddable":true,"href":"https:\/\/copopalhinhas.maildx.net\/es\/wp-json\/wp\/v2\/comments?post=65662"}],"wp:featuredmedia":[{"embeddable":true,"href":"https:\/\/copopalhinhas.maildx.net\/es\/wp-json\/wp\/v2\/media\/65667"}],"wp:attachment":[{"href":"https:\/\/copopalhinhas.maildx.net\/es\/wp-json\/wp\/v2\/media?parent=65662"}],"wp:term":[{"taxonomy":"product_brand","embeddable":true,"href":"https:\/\/copopalhinhas.maildx.net\/es\/wp-json\/wp\/v2\/product_brand?post=65662"},{"taxonomy":"product_cat","embeddable":true,"href":"https:\/\/copopalhinhas.maildx.net\/es\/wp-json\/wp\/v2\/product_cat?post=65662"},{"taxonomy":"product_tag","embeddable":true,"href":"https:\/\/copopalhinhas.maildx.net\/es\/wp-json\/wp\/v2\/product_tag?post=65662"}],"curies":[{"name":"wp","href":"https:\/\/api.w.org\/{rel}","templated":true}]}}