{"id":65724,"date":"2025-03-24T17:14:32","date_gmt":"2025-03-24T17:14:32","guid":{"rendered":"https:\/\/copopalhinhas.maildx.net\/?post_type=product&#038;p=65724"},"modified":"2025-09-27T15:42:36","modified_gmt":"2025-09-27T14:42:36","slug":"bandeja-em-kraft-62x435x95cm-gourmet","status":"publish","type":"product","link":"https:\/\/copopalhinhas.maildx.net\/es\/producto\/bandeja-em-kraft-62x435x95cm-gourmet\/","title":{"rendered":"BANDEJA KRAFT 62\u00d743,5\u00d79,5CM \u201cGOURMET\u201d"},"content":{"rendered":"<h4>Bandeja Kraft 62\u00d743,5\u00d79,5cm \u2013 Presenta tus Delicias con Estilo R\u00fastico<\/h4>\n<p>La bandeja Kraft \u201cGourmet\u201d es una opci\u00f3n elegante y considerada para servir tus comidas favoritas.<\/p>\n<p>Elija esta bandeja kraft para agregar un toque de rusticidad y respeto al medio ambiente a la presentaci\u00f3n de sus platos.<br \/>\nDe generosas dimensiones y estilo r\u00fastico, es una opci\u00f3n confiable para realzar sus delicias culinarias con encanto y responsabilidad ambiental.<\/p>\n<ul>\n<li>Este producto cuenta con la certificaci\u00f3n FSC Reciclado 100%. Al elegir productos con certificaci\u00f3n FSC\u00ae, apoya la gesti\u00f3n responsable de los bosques del mundo.<\/li>\n<li>Este producto es 100% reciclado %.<\/li>\n<li>Fabricado en material biodegradable: se descompone en elementos qu\u00edmicos naturales gracias a la acci\u00f3n de agentes biol\u00f3gicos y agentes f\u00edsicos en las condiciones ambientales que se dan en la naturaleza.<\/li>\n<\/ul>\n<h4>Certificados:<\/h4>\n<ul>\n<li>Reglamento (CE) n\u00ba 1935\/2004 del Parlamento Europeo y del Consejo, de 27 de octubre de 2004, sobre los materiales y objetos destinados a entrar en contacto con alimentos.<\/li>\n<li>Producto apto para contacto indirecto con alimentos.<\/li>\n<li>Registro Sanitario de Industrias y Productos Alimentarios<\/li>\n<\/ul>\n<p>Puedes encontrar m\u00e1s modelos en nuestra secci\u00f3n <a href=\"https:\/\/copopalhinhas.maildx.net\/es\/categorias\/modelo\/bandejas\/\">Bandejas<\/a><\/p>\n<p><img decoding=\"async\" src=\"https:\/\/copopalhinhas.maildx.net\/wp-content\/uploads\/Icon_DESCARTAVEL.png\" alt=\"\" width=\"30\" height=\"30\" \/> <strong>Desechable<\/strong><\/p>\n<p><img decoding=\"async\" src=\"https:\/\/copopalhinhas.maildx.net\/wp-content\/uploads\/Icons_alimentos.png\" alt=\"\" width=\"30\" height=\"30\" \/> <strong>Alimento<\/strong>: Apto para consumo alimentario.<\/p>\n<p><img decoding=\"async\" src=\"https:\/\/copopalhinhas.maildx.net\/wp-content\/uploads\/Icon_reciclaveis.png\" alt=\"\" width=\"30\" height=\"30\" \/> <strong>Reciclables<\/strong>:Productos que pueden reciclarse o utilizarse para la recuperaci\u00f3n de energ\u00eda.<\/p>","protected":false},"excerpt":{"rendered":"<p>La bandeja Kraft, de 62 x 43,5 x 9,5 cm, es una soluci\u00f3n vers\u00e1til y ecol\u00f3gica para presentar y servir una variedad de platos de forma atractiva y sostenible. Dise\u00f1ada para el transporte de alimentos procesados, est\u00e1 hecha de cart\u00f3n Kraft de un solo canal y no tiene tapa. Es apilable y se puede utilizar para diversas aplicaciones: platos preparados, productos horneados, industria alimentaria, etc.<\/p>\n<p><img decoding=\"async\" src=\"https:\/\/copopalhinhas.maildx.net\/wp-content\/uploads\/Icons_alimentos.png\" alt=\"\" width=\"30\" height=\"30\" \/> <img decoding=\"async\" src=\"https:\/\/copopalhinhas.maildx.net\/wp-content\/uploads\/Icon_DESCARTAVEL.png\" alt=\"\" width=\"30\" height=\"30\" \/> <img decoding=\"async\" src=\"https:\/\/copopalhinhas.maildx.net\/wp-content\/uploads\/Icon_reciclaveis.png\" alt=\"\" width=\"30\" height=\"30\" \/><\/p>","protected":false},"featured_media":65742,"comment_status":"open","ping_status":"closed","template":"","meta":{"_acf_changed":false},"product_brand":[],"product_cat":[2069,2008,2040,1725,1512,1508,1458,1701,226],"product_tag":[1569,1596,1598],"class_list":{"0":"post-65724","1":"product","2":"type-product","3":"status-publish","4":"has-post-thumbnail","6":"product_cat-bandejas-e-tabuleiros","7":"product_cat-loucas-descartaveis","8":"product_cat-loucas-descartaveis-cartao","9":"product_cat-castanho","10":"product_cat-descartavel","11":"product_cat-kraft","12":"product_cat-bandejas","13":"product_cat-travessa","14":"product_cat-loucas","15":"product_tag-menu-descartaveis","16":"product_tag-sub-menu-loucas-descartaveis","17":"product_tag-sub-menu-loucas-descartaveis-cartao","18":"pa_qtd-por-caixa-1273","19":"tm-no-options","21":"first","22":"instock","23":"taxable","24":"shipping-taxable","25":"purchasable","26":"product-type-variable"},"acf":[],"_links":{"self":[{"href":"https:\/\/copopalhinhas.maildx.net\/es\/wp-json\/wp\/v2\/product\/65724","targetHints":{"allow":["GET"]}}],"collection":[{"href":"https:\/\/copopalhinhas.maildx.net\/es\/wp-json\/wp\/v2\/product"}],"about":[{"href":"https:\/\/copopalhinhas.maildx.net\/es\/wp-json\/wp\/v2\/types\/product"}],"replies":[{"embeddable":true,"href":"https:\/\/copopalhinhas.maildx.net\/es\/wp-json\/wp\/v2\/comments?post=65724"}],"wp:featuredmedia":[{"embeddable":true,"href":"https:\/\/copopalhinhas.maildx.net\/es\/wp-json\/wp\/v2\/media\/65742"}],"wp:attachment":[{"href":"https:\/\/copopalhinhas.maildx.net\/es\/wp-json\/wp\/v2\/media?parent=65724"}],"wp:term":[{"taxonomy":"product_brand","embeddable":true,"href":"https:\/\/copopalhinhas.maildx.net\/es\/wp-json\/wp\/v2\/product_brand?post=65724"},{"taxonomy":"product_cat","embeddable":true,"href":"https:\/\/copopalhinhas.maildx.net\/es\/wp-json\/wp\/v2\/product_cat?post=65724"},{"taxonomy":"product_tag","embeddable":true,"href":"https:\/\/copopalhinhas.maildx.net\/es\/wp-json\/wp\/v2\/product_tag?post=65724"}],"curies":[{"name":"wp","href":"https:\/\/api.w.org\/{rel}","templated":true}]}}