{"id":65761,"date":"2025-03-25T10:33:46","date_gmt":"2025-03-25T10:33:46","guid":{"rendered":"https:\/\/copopalhinhas.maildx.net\/?post_type=product&#038;p=65761"},"modified":"2025-10-03T10:56:11","modified_gmt":"2025-10-03T09:56:11","slug":"bandeja-em-pp-preto-com-tampa-242x182x45cm-para-comida-individual","status":"publish","type":"product","link":"https:\/\/copopalhinhas.maildx.net\/es\/producto\/bandeja-em-pp-preto-com-tampa-242x182x45cm-para-comida-individual\/","title":{"rendered":"BANDEJA DE PP NEGRA CON TAPA 24,2\u00d718,2\u00d74,5CM PARA COMIDA INDIVIDUAL"},"content":{"rendered":"<h4>BANDEJA EM PP PRETO COM TAMPA 24,2&#215;18,2&#215;4,5 CM PARA COMIDA INDIVIDUAL<\/h4>\n<p>A Bandeja em PP Preto com Tampa \u00e9 a solu\u00e7\u00e3o ideal para quem procura praticidade, seguran\u00e7a e um design moderno na hora de servir ou transportar refei\u00e7\u00f5es individuais.<\/p>\n<p>Ideal para entregas de comida, servi\u00e7o de refei\u00e7\u00f5es r\u00e1pidas, ou at\u00e9 mesmo para preparar marmitas saud\u00e1veis para o trabalho ou escola. A reutiliza\u00e7\u00e3o e a possibilidade de lavagem em m\u00e1quina tornam-na uma solu\u00e7\u00e3o econ\u00f3mica e ecol\u00f3gica, reduzindo o desperd\u00edcio e a necessidade de embalagens descart\u00e1veis.<\/p>\n<p>Invista em qualidade e praticidade com a nossa Bandeja em PP Preto com Tampa 24,2&#215;18,2&#215;4,5cm \u2013 a solu\u00e7\u00e3o perfeita para refei\u00e7\u00f5es organizadas e eficientes!<\/p>\n<p>Com 4 compartimentos bem definidos, \u00e9 perfeita para organizar diferentes alimentos de forma eficiente, mantendo-os separados e preservando a qualidade de cada ingrediente. Ideal para uso em restaurantes, empresas de catering ou mesmo para quem gosta de preparar as suas pr\u00f3prias refei\u00e7\u00f5es em casa, esta bandeja permite que se mantenha a comida fresca e organizada durante o transporte e armazenamento.<\/p>\n<h4>Caracter\u00edsticas:<\/h4>\n<ul>\n<li>Material de Alta Qualidade: Fabricada em polipropileno (PP), a bandeja \u00e9 resistente e dur\u00e1vel, ideal para o uso di\u00e1rio em ambientes de alta exig\u00eancia. O PP \u00e9 um material leve, mas robusto, perfeito para transportar alimentos de forma segura.<\/li>\n<li>Design Atraente e Funcional: A cor preta n\u00e3o s\u00f3 proporciona um visual sofisticado e moderno, como tamb\u00e9m adiciona um toque de personalidade \u00e0 apresenta\u00e7\u00e3o dos seus pratos.<\/li>\n<li>Compartimentos: Disp\u00f5es de 4 divis\u00f3rias para coloca\u00e7\u00e3o de alimentos, como molhos, acompanhamentos e outros.<\/li>\n<li>Tampa Herm\u00e9tica: A tampa inclu\u00edda mant\u00e9m os alimentos frescos e protegidos durante o transporte ou armazenamento. Al\u00e9m disso, impede vazamentos, oferecendo maior comodidade no manuseio.<\/li>\n<li>Apto para micro-ondas. Apto para congela\u00e7\u00e3o.<\/li>\n<li>N\u00e3o apto para forno.<\/li>\n<li>Suporta temperaturas entre -20\u00baC a +120\u00baC.<\/li>\n<li>Resistente a aceites y grasas.<\/li>\n<li>Apto para m\u00e1quina de lavar lou\u00e7a. 5 ciclo de lavagem.<\/li>\n<li>Reciclable.<\/li>\n<\/ul>","protected":false},"excerpt":{"rendered":"<p>A bandeja em PP na cor preto, \u00e9 o ideal para transportar e servir uma refei\u00e7\u00e3o individual. Inclui uma tampa de seguran\u00e7a e cont\u00e9m 4 compartimentos, para alimentos, acompanhamento e molhos. Fabricada em polipropileno (PP) de alta qualidade, esta bandeja \u00e9 reutiliz\u00e1vel e lav\u00e1vel na m\u00e1quina at\u00e9 5 vezes, oferecendo n\u00e3o s\u00f3 resist\u00eancia, mas tamb\u00e9m economia e sustentabilidade.<\/p>","protected":false},"featured_media":65765,"comment_status":"open","ping_status":"closed","template":"","meta":{"_acf_changed":false},"product_brand":[],"product_cat":[2076,2004,2249,1717,1511,1432,1397],"product_tag":[1586,1568],"class_list":{"0":"post-65761","1":"product","2":"type-product","3":"status-publish","4":"has-post-thumbnail","6":"product_cat-pp","7":"product_cat-embalagens-reutilizaveis","8":"product_cat-take-away","9":"product_cat-preto","10":"product_cat-reutilizaveis-caracteristica","11":"product_cat-materia-prima-pp","12":"product_cat-embalagens","13":"product_tag-sub-menu-embalagens-reutilizaveis","14":"product_tag-menu-reutilizaveis","15":"pa_qtd-por-caixa-1273","16":"pa_qtd-por-caixa-1277","17":"tm-no-options","19":"first","20":"instock","21":"taxable","22":"shipping-taxable","23":"purchasable","24":"product-type-variable"},"acf":[],"_links":{"self":[{"href":"https:\/\/copopalhinhas.maildx.net\/es\/wp-json\/wp\/v2\/product\/65761","targetHints":{"allow":["GET"]}}],"collection":[{"href":"https:\/\/copopalhinhas.maildx.net\/es\/wp-json\/wp\/v2\/product"}],"about":[{"href":"https:\/\/copopalhinhas.maildx.net\/es\/wp-json\/wp\/v2\/types\/product"}],"replies":[{"embeddable":true,"href":"https:\/\/copopalhinhas.maildx.net\/es\/wp-json\/wp\/v2\/comments?post=65761"}],"wp:featuredmedia":[{"embeddable":true,"href":"https:\/\/copopalhinhas.maildx.net\/es\/wp-json\/wp\/v2\/media\/65765"}],"wp:attachment":[{"href":"https:\/\/copopalhinhas.maildx.net\/es\/wp-json\/wp\/v2\/media?parent=65761"}],"wp:term":[{"taxonomy":"product_brand","embeddable":true,"href":"https:\/\/copopalhinhas.maildx.net\/es\/wp-json\/wp\/v2\/product_brand?post=65761"},{"taxonomy":"product_cat","embeddable":true,"href":"https:\/\/copopalhinhas.maildx.net\/es\/wp-json\/wp\/v2\/product_cat?post=65761"},{"taxonomy":"product_tag","embeddable":true,"href":"https:\/\/copopalhinhas.maildx.net\/es\/wp-json\/wp\/v2\/product_tag?post=65761"}],"curies":[{"name":"wp","href":"https:\/\/api.w.org\/{rel}","templated":true}]}}