{"id":65797,"date":"2025-03-25T14:38:41","date_gmt":"2025-03-25T14:38:41","guid":{"rendered":"https:\/\/copopalhinhas.maildx.net\/?post_type=product&#038;p=65797"},"modified":"2025-09-24T22:54:10","modified_gmt":"2025-09-24T21:54:10","slug":"forma-de-aluminio-com-tampa-38-22-e-166cl-com-3-compartimentos","status":"publish","type":"product","link":"https:\/\/copopalhinhas.maildx.net\/es\/producto\/forma-de-aluminio-com-tampa-38-22-e-166cl-com-3-compartimentos\/","title":{"rendered":"FORMULARIO DE ALUMINIO CON TAPA 38, 22 Y 16,6CL CON 3 COMPARTIMENTOS"},"content":{"rendered":"<p>Las sartenes de aluminio son una excelente soluci\u00f3n para transportar alimentos. Ligeras y duraderas, mantienen la temperatura de los platos y son ideales para diversas preparaciones, desde asados hasta ensaladas. La tapa garantiza la frescura y evita fugas, lo que las hace perfectas para picnics, fiestas y comida para llevar.<br \/>\nMedidas de 22,7&#215;17,7x3cm.<\/p>\n<h4>Caracter\u00edsticas:<\/h4>\n<ul>\n<li>Resistente a aceites y grasas.<\/li>\n<li>Reciclable.<\/li>\n<li>Apto para forno.<\/li>\n<li>Suporta temperaturas entre -40\u00baC a +250\u00baC.<\/li>\n<li>Apto para congela\u00e7\u00e3o.<\/li>\n<\/ul>\n<p><img decoding=\"async\" src=\"https:\/\/copopalhinhas.maildx.net\/wp-content\/uploads\/Icon_DESCARTAVEL.png\" alt=\"\" width=\"30\" height=\"30\" \/> <strong>Desechable<\/strong><\/p>\n<p><img decoding=\"async\" src=\"https:\/\/copopalhinhas.maildx.net\/wp-content\/uploads\/Icons_alimentos.png\" alt=\"\" width=\"30\" height=\"30\" \/> <strong>Alimento<\/strong>: Apto para consumo alimentario.<\/p>\n<p><img decoding=\"async\" src=\"https:\/\/copopalhinhas.maildx.net\/wp-content\/uploads\/Icon_reciclaveis.png\" alt=\"\" width=\"30\" height=\"30\" \/> <strong>Reciclables<\/strong>:Productos que pueden reciclarse o utilizarse para la recuperaci\u00f3n de energ\u00eda.<\/p>","protected":false},"excerpt":{"rendered":"<p>Forma de alum\u00ednio com tampa e 3 compartimentos com capacidades de 38, 22 e 16,6cl. Ideal para transportar refei\u00e7\u00f5es, esta forma de alum\u00ednio retangular com tampa \u00e9 perfeita para assar, armazenar e servir. A sua estrutura leve e resistente garante uniformidade no cozimento e facilidade no manuseio. Oferece ainda 3 compartimentos para melhor divis\u00e3o de alimentos.<\/p>\n<p><img decoding=\"async\" src=\"https:\/\/copopalhinhas.maildx.net\/wp-content\/uploads\/Icons_alimentos.png\" alt=\"\" width=\"30\" height=\"30\" \/> <img decoding=\"async\" src=\"https:\/\/copopalhinhas.maildx.net\/wp-content\/uploads\/Icon_DESCARTAVEL.png\" alt=\"\" width=\"30\" height=\"30\" \/> <img decoding=\"async\" src=\"https:\/\/copopalhinhas.maildx.net\/wp-content\/uploads\/Icon_reciclaveis.png\" alt=\"\" width=\"30\" height=\"30\" \/><\/p>","protected":false},"featured_media":65805,"comment_status":"open","ping_status":"closed","template":"","meta":{"_acf_changed":false},"product_brand":[],"product_cat":[2048,2010,2249,1770,1518,1512,1487,1397],"product_tag":[1569,1702,1841,1604],"class_list":{"0":"post-65797","1":"product","2":"type-product","3":"status-publish","4":"has-post-thumbnail","6":"product_cat-embalagens-aluminio","7":"product_cat-embalagens-descartaveis","8":"product_cat-take-away","9":"product_cat-cinzento","10":"product_cat-71-80cl","11":"product_cat-descartavel","12":"product_cat-aluminio","13":"product_cat-embalagens","14":"product_tag-menu-descartaveis","15":"product_tag-destaque","16":"product_tag-sub-menu-embalagens-aluminio","17":"product_tag-sub-menu-embalagens-descartaveis","18":"pa_qtd-por-caixa-281","19":"pa_qtd-por-caixa-1286","20":"tm-no-options","22":"first","23":"instock","24":"taxable","25":"shipping-taxable","26":"purchasable","27":"product-type-variable"},"acf":[],"_links":{"self":[{"href":"https:\/\/copopalhinhas.maildx.net\/es\/wp-json\/wp\/v2\/product\/65797","targetHints":{"allow":["GET"]}}],"collection":[{"href":"https:\/\/copopalhinhas.maildx.net\/es\/wp-json\/wp\/v2\/product"}],"about":[{"href":"https:\/\/copopalhinhas.maildx.net\/es\/wp-json\/wp\/v2\/types\/product"}],"replies":[{"embeddable":true,"href":"https:\/\/copopalhinhas.maildx.net\/es\/wp-json\/wp\/v2\/comments?post=65797"}],"wp:featuredmedia":[{"embeddable":true,"href":"https:\/\/copopalhinhas.maildx.net\/es\/wp-json\/wp\/v2\/media\/65805"}],"wp:attachment":[{"href":"https:\/\/copopalhinhas.maildx.net\/es\/wp-json\/wp\/v2\/media?parent=65797"}],"wp:term":[{"taxonomy":"product_brand","embeddable":true,"href":"https:\/\/copopalhinhas.maildx.net\/es\/wp-json\/wp\/v2\/product_brand?post=65797"},{"taxonomy":"product_cat","embeddable":true,"href":"https:\/\/copopalhinhas.maildx.net\/es\/wp-json\/wp\/v2\/product_cat?post=65797"},{"taxonomy":"product_tag","embeddable":true,"href":"https:\/\/copopalhinhas.maildx.net\/es\/wp-json\/wp\/v2\/product_tag?post=65797"}],"curies":[{"name":"wp","href":"https:\/\/api.w.org\/{rel}","templated":true}]}}