{"id":65825,"date":"2025-03-25T16:38:09","date_gmt":"2025-03-25T16:38:09","guid":{"rendered":"https:\/\/copopalhinhas.maildx.net\/?post_type=product&#038;p=65825"},"modified":"2025-10-20T16:44:10","modified_gmt":"2025-10-20T15:44:10","slug":"bandeja-em-cartao-ondulado-nano-micro-branco-com-tampa-32x27x4cm","status":"publish","type":"product","link":"https:\/\/copopalhinhas.maildx.net\/es\/producto\/bandeja-em-cartao-ondulado-nano-micro-branco-com-tampa-32x27x4cm\/","title":{"rendered":"BANDEJA DE CART\u00d3N ONDULADO NANO-MICRO BLANCO CON TAPA 32x27x4CM"},"content":{"rendered":"<p>Bandeja em Cart\u00e3o Ondulado Nano-Micro Branco com Tampa 32x27x4cm para uma apresenta\u00e7\u00e3o elegante e segura de seus alimentos em eventos especiais e catering.<\/p>\n<ul>\n<li>Material Dur\u00e1vel: Fabricada em cart\u00e3o ondulado nano-micro resistente, a bandeja oferece durabilidade para suportar o peso dos alimentos e garantir a estabilidade durante o transporte.<\/li>\n<li>Cor Branca Sofisticada: A cor branca confere um toque de sofistica\u00e7\u00e3o \u00e0 apresenta\u00e7\u00e3o dos alimentos, tornando-a adequada para eventos, catering e ocasi\u00f5es especiais.<br \/>\nTampa Inclusa: Acompanhada por uma tampa que se encaixa perfeitamente, a bandeja proporciona uma solu\u00e7\u00e3o de cobertura para manter a frescura dos alimentos e protege-los durante o transporte.<\/li>\n<li>Dimens\u00f5es Vers\u00e1teis: Com dimens\u00f5es de 32x27x4cm, a bandeja oferece espa\u00e7o suficiente para uma variedade de pratos, tornando-a vers\u00e1til para diferentes tipos de eventos e alimentos.<\/li>\n<li>Versatilidade de Uso: Ideal para catering, eventos corporativos, festas e celebra\u00e7\u00f5es, a bandeja \u00e9 uma op\u00e7\u00e3o pr\u00e1tica para apresentar e servir alimentos de maneira elegante.<\/li>\n<li>Material biodegrad\u00e1vel: decomp\u00f5e-se em elementos qu\u00edmicos naturais gra\u00e7as \u00e0 a\u00e7\u00e3o de agentes biol\u00f3gicos e agentes f\u00edsicos em condi\u00e7\u00f5es ambientais que ocorrem na natureza.,<\/li>\n<li>Reciclable.<\/li>\n<li>Resistente a aceites y grasas.<\/li>\n<li>Resistentes a temperaturas entre -18.\u00baC a +70\u00baC.<\/li>\n<li>PFOS \u2013 Producto libre de PFOA.<\/li>\n<\/ul>\n<p>Certificados:<\/p>\n<ul>\n<li><strong>Alimentar: <\/strong>Regulamento (CE) n.\u00b0 1935\/2004 do Parlamento Europeu e do Conselho, de 27 de Outubro de 2004, relativo aos materiais e objetos destinados a entrar em contacto com os alimentos. Registo Sanit\u00e1rio de Ind\u00fastrias e Produtos Alimentares<strong><br \/>\n<\/strong><\/li>\n<li><strong>FSC<\/strong>: Este produto est\u00e1 certificado FSC Mix Credit. Ao escolher produtos certificados FSC\u00ae est\u00e1 a apoiar a gest\u00e3o respons\u00e1vel das florestas do mundo.<\/li>\n<\/ul>\n<p><img decoding=\"async\" src=\"https:\/\/copopalhinhas.maildx.net\/wp-content\/uploads\/Icon_DESCARTAVEL.png\" alt=\"\" width=\"30\" height=\"30\" \/>\u00a0<strong>Desechable<\/strong><\/p>\n<p><img decoding=\"async\" src=\"https:\/\/copopalhinhas.maildx.net\/wp-content\/uploads\/Icons_alimentos.png\" alt=\"\" width=\"30\" height=\"30\" \/>\u00a0<strong>Alimento<\/strong>: Apto para consumo alimentario.<\/p>\n<p><img decoding=\"async\" src=\"https:\/\/copopalhinhas.maildx.net\/wp-content\/uploads\/Icon_reciclaveis.png\" alt=\"\" width=\"30\" height=\"30\" \/>\u00a0<strong>Reciclables<\/strong>:Productos que pueden reciclarse o utilizarse para la recuperaci\u00f3n de energ\u00eda.<\/p>","protected":false},"excerpt":{"rendered":"<p>Bandeja em Cart\u00e3o Ondulado Nano-Micro na cor branca, acompanhada de tampa, com dimens\u00f5es de 32x27x4cm. Esta bandeja \u00e9 uma escolha elegante e funcional para servir e transportar alimentos de forma segura, mantendo sua apresenta\u00e7\u00e3o impec\u00e1vel.<\/p>\n<p><img decoding=\"async\" src=\"https:\/\/copopalhinhas.maildx.net\/wp-content\/uploads\/Icons_alimentos.png\" alt=\"\" width=\"30\" height=\"30\" \/>\u00a0<img decoding=\"async\" src=\"https:\/\/copopalhinhas.maildx.net\/wp-content\/uploads\/Icon_DESCARTAVEL.png\" alt=\"\" width=\"30\" height=\"30\" \/>\u00a0<img decoding=\"async\" src=\"https:\/\/copopalhinhas.maildx.net\/wp-content\/uploads\/Icon_reciclaveis.png\" alt=\"\" width=\"30\" height=\"30\" \/><\/p>","protected":false},"featured_media":65847,"comment_status":"open","ping_status":"closed","template":"","meta":{"_acf_changed":false},"product_brand":[],"product_cat":[2046,2010,2011,2249,1719,1512,1484,1490,1397],"product_tag":[1569,1607,1604,1610],"class_list":{"0":"post-65825","1":"product","2":"type-product","3":"status-publish","4":"has-post-thumbnail","6":"product_cat-embalagens-cartao","7":"product_cat-embalagens-descartaveis","8":"product_cat-embalagens-free-plastic-takeaway","9":"product_cat-take-away","10":"product_cat-branco","11":"product_cat-descartavel","12":"product_cat-cartao","13":"product_cat-caixas","14":"product_cat-embalagens","15":"product_tag-menu-descartaveis","16":"product_tag-sub-menu-embalagens-cartao","17":"product_tag-sub-menu-embalagens-descartaveis","18":"product_tag-sub-menu-embalagens-free-plastic-takeaway","19":"pa_qtd-por-caixa-1273","20":"pa_qtd-por-caixa-1347","21":"tm-no-options","23":"first","24":"instock","25":"taxable","26":"shipping-taxable","27":"purchasable","28":"product-type-variable"},"acf":[],"_links":{"self":[{"href":"https:\/\/copopalhinhas.maildx.net\/es\/wp-json\/wp\/v2\/product\/65825","targetHints":{"allow":["GET"]}}],"collection":[{"href":"https:\/\/copopalhinhas.maildx.net\/es\/wp-json\/wp\/v2\/product"}],"about":[{"href":"https:\/\/copopalhinhas.maildx.net\/es\/wp-json\/wp\/v2\/types\/product"}],"replies":[{"embeddable":true,"href":"https:\/\/copopalhinhas.maildx.net\/es\/wp-json\/wp\/v2\/comments?post=65825"}],"wp:featuredmedia":[{"embeddable":true,"href":"https:\/\/copopalhinhas.maildx.net\/es\/wp-json\/wp\/v2\/media\/65847"}],"wp:attachment":[{"href":"https:\/\/copopalhinhas.maildx.net\/es\/wp-json\/wp\/v2\/media?parent=65825"}],"wp:term":[{"taxonomy":"product_brand","embeddable":true,"href":"https:\/\/copopalhinhas.maildx.net\/es\/wp-json\/wp\/v2\/product_brand?post=65825"},{"taxonomy":"product_cat","embeddable":true,"href":"https:\/\/copopalhinhas.maildx.net\/es\/wp-json\/wp\/v2\/product_cat?post=65825"},{"taxonomy":"product_tag","embeddable":true,"href":"https:\/\/copopalhinhas.maildx.net\/es\/wp-json\/wp\/v2\/product_tag?post=65825"}],"curies":[{"name":"wp","href":"https:\/\/api.w.org\/{rel}","templated":true}]}}