{"id":65852,"date":"2025-03-26T09:13:02","date_gmt":"2025-03-26T09:13:02","guid":{"rendered":"https:\/\/copopalhinhas.maildx.net\/?post_type=product&#038;p=65852"},"modified":"2025-09-29T17:45:14","modified_gmt":"2025-09-29T16:45:14","slug":"caixa-em-kraft-com-tampa-com-janela-225x225x6cm","status":"publish","type":"product","link":"https:\/\/copopalhinhas.maildx.net\/es\/producto\/caixa-em-kraft-com-tampa-com-janela-225x225x6cm\/","title":{"rendered":"CAJA KRAFT CON TAPA Y VENTANA 22,5\u00d722,5x6CM \u201cGOURMET\u201d"},"content":{"rendered":"<p>Se procura uma embalagem pr\u00e1tica, ecol\u00f3gica e elegante, a Caixa em Kraft com Tampa e Janela \u00e9 a escolha perfeita para o seu neg\u00f3cio! Com um design moderno e funcional, valoriza a apresenta\u00e7\u00e3o dos produtos e proporciona uma experi\u00eancia diferenciada aos clientes.<\/p>\n<h4>Caracter\u00edsticas e Vantagens:<\/h4>\n<ul>\n<li>Material Sustent\u00e1vel: Fabricada em kraft, um material biodegrad\u00e1vel e recicl\u00e1vel, esta caixa \u00e9 uma op\u00e7\u00e3o amiga do ambiente, ajudando a reduzir o impacto ambiental.<\/li>\n<li>Visibilidade e Eleg\u00e2ncia: A tampa com janela transparente permite que os clientes vejam o conte\u00fado sem abrir a embalagem, real\u00e7ando a est\u00e9tica e a atratividade do produto.<\/li>\n<li>Tamanho Vers\u00e1til: Com dimens\u00f5es de 22,5&#215;22,5&#215;6 cm, \u00e9 ideal para embalar e transportar uma variedade de produtos, como bolos, doces, salgados, tartes e outros alimentos.<\/li>\n<li>Resist\u00eancia e Seguran\u00e7a: A estrutura robusta da caixa garante prote\u00e7\u00e3o ao conte\u00fado, mantendo os alimentos frescos e intactos durante o transporte.<\/li>\n<li>Ideal para Diversos Neg\u00f3cios: Perfeita para pastelarias, confeitarias, padarias, restaurantes e servi\u00e7os de takeaway, oferecendo praticidade e um toque sofisticado \u00e0 apresenta\u00e7\u00e3o dos produtos.<\/li>\n<li>A caixa em kraft com tampa \u00e9 recicl\u00e1vel e biodegrad\u00e1vel.<\/li>\n<\/ul>\n<p>Al\u00e9m de funcional, esta caixa em kraft com tampa destaca-se pelo seu design ecol\u00f3gico e profissional, tornando-se a solu\u00e7\u00e3o ideal para quem valoriza qualidade e sustentabilidade!<\/p>\n<h4>Certificados:<\/h4>\n<ul>\n<li><strong>Alimentar: <\/strong>Regulamento (CE) n.\u00b0 1935\/2004 do Parlamento Europeu e do Conselho, de 27 de Outubro de 2004, relativo aos materiais e objetos destinados a entrar em contacto com os alimentos. Registo Sanit\u00e1rio de Ind\u00fastrias e Produtos Alimentares.<\/li>\n<\/ul>\n<p><img decoding=\"async\" src=\"https:\/\/copopalhinhas.maildx.net\/wp-content\/uploads\/Icon_DESCARTAVEL.png\" alt=\"\" width=\"30\" height=\"30\" \/>\u00a0<strong>Desechable<\/strong><\/p>\n<p><img decoding=\"async\" src=\"https:\/\/copopalhinhas.maildx.net\/wp-content\/uploads\/Icons_alimentos.png\" alt=\"\" width=\"30\" height=\"30\" \/>\u00a0<strong>Alimento<\/strong>: Apto para consumo alimentario.<\/p>\n<p><img decoding=\"async\" src=\"https:\/\/copopalhinhas.maildx.net\/wp-content\/uploads\/Icon_reciclaveis.png\" alt=\"\" width=\"30\" height=\"30\" \/>\u00a0<strong>Reciclables<\/strong>:Productos que pueden reciclarse o utilizarse para la recuperaci\u00f3n de energ\u00eda.<\/p>","protected":false},"excerpt":{"rendered":"<p>A Caixa em Kraft com Tampa com Janela \u00e9 a solu\u00e7\u00e3o ideal para embalar os seus produtos com eleg\u00e2ncia, praticidade e um toque ecol\u00f3gico, garantindo uma apresenta\u00e7\u00e3o sofisticada e atrativa. Medidas: 22,5&#215;22,5x6cm.<\/p>\n<p><img decoding=\"async\" src=\"https:\/\/copopalhinhas.maildx.net\/wp-content\/uploads\/Icons_alimentos.png\" alt=\"\" width=\"30\" height=\"30\" \/>\u00a0<img decoding=\"async\" src=\"https:\/\/copopalhinhas.maildx.net\/wp-content\/uploads\/Icon_DESCARTAVEL.png\" alt=\"\" width=\"30\" height=\"30\" \/>\u00a0<img decoding=\"async\" src=\"https:\/\/copopalhinhas.maildx.net\/wp-content\/uploads\/Icon_reciclaveis.png\" alt=\"\" width=\"30\" height=\"30\" \/><\/p>","protected":false},"featured_media":65869,"comment_status":"open","ping_status":"closed","template":"","meta":{"_acf_changed":false},"product_brand":[],"product_cat":[2046,2010,2249,1725,1512,1508,1490,1397],"product_tag":[1569,1607,1604,1610],"class_list":{"0":"post-65852","1":"product","2":"type-product","3":"status-publish","4":"has-post-thumbnail","6":"product_cat-embalagens-cartao","7":"product_cat-embalagens-descartaveis","8":"product_cat-take-away","9":"product_cat-castanho","10":"product_cat-descartavel","11":"product_cat-kraft","12":"product_cat-caixas","13":"product_cat-embalagens","14":"product_tag-menu-descartaveis","15":"product_tag-sub-menu-embalagens-cartao","16":"product_tag-sub-menu-embalagens-descartaveis","17":"product_tag-sub-menu-embalagens-free-plastic-takeaway","18":"pa_qtd-por-caixa-281","19":"tm-no-options","21":"first","22":"instock","23":"taxable","24":"shipping-taxable","25":"purchasable","26":"product-type-variable"},"acf":[],"_links":{"self":[{"href":"https:\/\/copopalhinhas.maildx.net\/es\/wp-json\/wp\/v2\/product\/65852","targetHints":{"allow":["GET"]}}],"collection":[{"href":"https:\/\/copopalhinhas.maildx.net\/es\/wp-json\/wp\/v2\/product"}],"about":[{"href":"https:\/\/copopalhinhas.maildx.net\/es\/wp-json\/wp\/v2\/types\/product"}],"replies":[{"embeddable":true,"href":"https:\/\/copopalhinhas.maildx.net\/es\/wp-json\/wp\/v2\/comments?post=65852"}],"wp:featuredmedia":[{"embeddable":true,"href":"https:\/\/copopalhinhas.maildx.net\/es\/wp-json\/wp\/v2\/media\/65869"}],"wp:attachment":[{"href":"https:\/\/copopalhinhas.maildx.net\/es\/wp-json\/wp\/v2\/media?parent=65852"}],"wp:term":[{"taxonomy":"product_brand","embeddable":true,"href":"https:\/\/copopalhinhas.maildx.net\/es\/wp-json\/wp\/v2\/product_brand?post=65852"},{"taxonomy":"product_cat","embeddable":true,"href":"https:\/\/copopalhinhas.maildx.net\/es\/wp-json\/wp\/v2\/product_cat?post=65852"},{"taxonomy":"product_tag","embeddable":true,"href":"https:\/\/copopalhinhas.maildx.net\/es\/wp-json\/wp\/v2\/product_tag?post=65852"}],"curies":[{"name":"wp","href":"https:\/\/api.w.org\/{rel}","templated":true}]}}