{"id":65855,"date":"2025-03-26T09:29:23","date_gmt":"2025-03-26T09:29:23","guid":{"rendered":"https:\/\/copopalhinhas.maildx.net\/?post_type=product&#038;p=65855"},"modified":"2025-10-16T09:26:25","modified_gmt":"2025-10-16T08:26:25","slug":"molheira-em-rpet-com-tampa-3cl-30ml-1oz","status":"publish","type":"product","link":"https:\/\/copopalhinhas.maildx.net\/es\/producto\/molheira-em-rpet-com-tampa-3cl-30ml-1oz\/","title":{"rendered":"Taz\u00f3n para salsa para mascotas con tapa incorporada, 3 cl (30 ml\/1 oz)"},"content":{"rendered":"<p>A Molheira em rPET com Tampa Incorporada foi desenvolvida para proporcionar uma experi\u00eancia de servi\u00e7o mais organizada e saborosa em seu estabelecimento. Dessa forma, cada refei\u00e7\u00e3o \u00e9 valorizada com molhos sempre frescos e deliciosos. Inclui tampa herm\u00e9tica para evitar derrames e preservar o conte\u00fado.<\/p>\n<ul>\n<li>N\u00e3o apta para forno, nem micro-ondas.<\/li>\n<li>Apta para frigor\u00edfico e congela\u00e7\u00e3o \u2013 Suporta baixas temperaturas, sendo ideal para armazenamento de molhos frios.<\/li>\n<li>Resistente a \u00f3leos e gorduras \u2013 Mant\u00e9m a integridade mesmo em contato com ingredientes oleosos.<\/li>\n<li>100% recicl\u00e1vel \u2013 Ap\u00f3s o uso, pode ser reaproveitada, contribuindo para a sustentabilidade.<\/li>\n<\/ul>\n<p>Essa combina\u00e7\u00e3o de caracter\u00edsticas faz do RPET uma excelente escolha para embalagens pr\u00e1ticas e ecol\u00f3gicas! \ud83c\udf31<\/p>\n<p>O rPET (Polietileno Tereftalato Reciclado) \u00e9 um material sustent\u00e1vel obtido a partir da reciclagem de garrafas PET, sendo uma alternativa ecol\u00f3gica ao pl\u00e1stico convencional. As suas principais caracter\u00edsticas incluem:<\/p>\n<ul>\n<li>Sustentabilidade: Produzido a partir de pl\u00e1stico reciclado, reduz o desperd\u00edcio e o impacto ambiental.<\/li>\n<li>Transpar\u00eancia e Brilho: Mant\u00e9m a apar\u00eancia cristalina do PET, permitindo \u00f3tima visibilidade do conte\u00fado.<\/li>\n<li>Seguran\u00e7a Alimentar: Apropriado para contato com alimentos, sendo amplamente utilizado em embalagens para alimentos e bebidas.<\/li>\n<li>Recicl\u00e1vel: Pode ser reciclado novamente, promovendo um ciclo de reutiliza\u00e7\u00e3o cont\u00ednuo.<\/li>\n<\/ul>\n<p>O rPET \u00e9 a escolha ideal para quem procura um material seguro e amigo do ambiente!<\/p>\n<p><img decoding=\"async\" src=\"https:\/\/copopalhinhas.maildx.net\/wp-content\/uploads\/Icons_alimentos.png\" alt=\"\" width=\"30\" height=\"30\" \/>\u00a0<img decoding=\"async\" src=\"https:\/\/copopalhinhas.maildx.net\/wp-content\/uploads\/Icon_DESCARTAVEL.png\" alt=\"\" width=\"30\" height=\"30\" \/>\u00a0<img decoding=\"async\" src=\"https:\/\/copopalhinhas.maildx.net\/wp-content\/uploads\/Icon_reciclaveis.png\" alt=\"\" width=\"30\" height=\"30\" \/><\/p>","protected":false},"excerpt":{"rendered":"<p>Molheira em rPET com Tampa incorporada, com capacidade para 3cl (30ml\/1OZ). Esta molheira \u00e9 projetada para proporcionar praticidade no servi\u00e7o de molhos, condimentos e complementos, garantindo frescor e sabor \u00e0s refei\u00e7\u00f5es.<\/p>\n<p><img decoding=\"async\" src=\"https:\/\/copopalhinhas.maildx.net\/wp-content\/uploads\/Icons_alimentos.png\" alt=\"\" width=\"30\" height=\"30\" \/>\u00a0<img decoding=\"async\" src=\"https:\/\/copopalhinhas.maildx.net\/wp-content\/uploads\/Icon_DESCARTAVEL.png\" alt=\"\" width=\"30\" height=\"30\" \/>\u00a0<img decoding=\"async\" src=\"https:\/\/copopalhinhas.maildx.net\/wp-content\/uploads\/Icon_reciclaveis.png\" alt=\"\" width=\"30\" height=\"30\" \/><\/p>","protected":false},"featured_media":65858,"comment_status":"open","ping_status":"closed","template":"","meta":{"_acf_changed":false},"product_brand":[],"product_cat":[2010,2047,2249,1718,1451,1512,1486,1496,1463,1397],"product_tag":[1569,1604,1608],"class_list":{"0":"post-65855","1":"product","2":"type-product","3":"status-publish","4":"has-post-thumbnail","6":"product_cat-embalagens-descartaveis","7":"product_cat-embalagens-pp-ps-rpet","8":"product_cat-take-away","9":"product_cat-transparente","10":"product_cat-0-5cl","11":"product_cat-descartavel","12":"product_cat-rpet","13":"product_cat-molho","14":"product_cat-recipientes","15":"product_cat-embalagens","16":"product_tag-menu-descartaveis","17":"product_tag-sub-menu-embalagens-descartaveis","18":"product_tag-sub-menu-emalagens-pp-ps-pet","19":"pa_qtd-por-caixa-281","20":"pa_qtd-por-caixa-1289","21":"tm-no-options","23":"first","24":"instock","25":"taxable","26":"shipping-taxable","27":"purchasable","28":"product-type-variable"},"acf":[],"_links":{"self":[{"href":"https:\/\/copopalhinhas.maildx.net\/es\/wp-json\/wp\/v2\/product\/65855","targetHints":{"allow":["GET"]}}],"collection":[{"href":"https:\/\/copopalhinhas.maildx.net\/es\/wp-json\/wp\/v2\/product"}],"about":[{"href":"https:\/\/copopalhinhas.maildx.net\/es\/wp-json\/wp\/v2\/types\/product"}],"replies":[{"embeddable":true,"href":"https:\/\/copopalhinhas.maildx.net\/es\/wp-json\/wp\/v2\/comments?post=65855"}],"wp:featuredmedia":[{"embeddable":true,"href":"https:\/\/copopalhinhas.maildx.net\/es\/wp-json\/wp\/v2\/media\/65858"}],"wp:attachment":[{"href":"https:\/\/copopalhinhas.maildx.net\/es\/wp-json\/wp\/v2\/media?parent=65855"}],"wp:term":[{"taxonomy":"product_brand","embeddable":true,"href":"https:\/\/copopalhinhas.maildx.net\/es\/wp-json\/wp\/v2\/product_brand?post=65855"},{"taxonomy":"product_cat","embeddable":true,"href":"https:\/\/copopalhinhas.maildx.net\/es\/wp-json\/wp\/v2\/product_cat?post=65855"},{"taxonomy":"product_tag","embeddable":true,"href":"https:\/\/copopalhinhas.maildx.net\/es\/wp-json\/wp\/v2\/product_tag?post=65855"}],"curies":[{"name":"wp","href":"https:\/\/api.w.org\/{rel}","templated":true}]}}