{"id":65963,"date":"2025-03-27T09:08:10","date_gmt":"2025-03-27T09:08:10","guid":{"rendered":"https:\/\/copopalhinhas.maildx.net\/?post_type=product&#038;p=65963"},"modified":"2025-10-06T19:40:53","modified_gmt":"2025-10-06T18:40:53","slug":"garfo-em-ps-reutilizavel-18cm-transparente-copia","status":"publish","type":"product","link":"https:\/\/copopalhinhas.maildx.net\/es\/producto\/garfo-em-ps-reutilizavel-18cm-transparente-copia\/","title":{"rendered":"TENEDOR PS REUTILIZABLE 18CM TRANSPARENTE"},"content":{"rendered":"<p>Garfo em PS Reutiliz\u00e1vel uma op\u00e7\u00e3o sustent\u00e1vel e pr\u00e1tica em seu estabelecimento, promovendo pr\u00e1ticas mais conscientes no consumo de utens\u00edlios descart\u00e1veis.<\/p>\n<ul>\n<li>Garfo Reutiliz\u00e1vel: Fabricada em poliestireno (PS) dur\u00e1vel e reutiliz\u00e1vel, o garfo oferece uma alternativa sustent\u00e1vel e duradoura aos garfos descart\u00e1veis.<\/li>\n<li>Tamanho Ideal: Com 18 cm de comprimento, o garfo \u00e9 criado para atender \u00e0s necessidades de degusta\u00e7\u00e3o de refei\u00e7\u00f5es de forma pr\u00e1tica.<\/li>\n<li>Versatilidade de Uso: Adequado para servir e desfrutar de refei\u00e7\u00f5es em eventos ao ar livre, festas, buffets ou outros.<\/li>\n<li>Sustentabilidade: O uso de garfos reutiliz\u00e1veis contribu\u00ed para pr\u00e1ticas mais sustent\u00e1veis, reduzindo o desperd\u00edcio de pl\u00e1stico descart\u00e1vel.<\/li>\n<li>Durabilidade: O garfo reutiliz\u00e1vel \u00e9 pensado para resistir ao uso repetido, proporcionando uma solu\u00e7\u00e3o econ\u00f3mica e amiga do meio ambiente. Foi testado para 20 ciclos de lavagem.<\/li>\n<li>Recicl\u00e1vel, reutiliz\u00e1vel.<\/li>\n<li>N\u00e3o apto para forno ou micro-ondas.<\/li>\n<\/ul>\n<p><img decoding=\"async\" src=\"https:\/\/copopalhinhas.maildx.net\/wp-content\/uploads\/Icons_alimentos.png\" alt=\"\" width=\"30\" height=\"30\" \/>\u00a0<strong>Alimento<\/strong>: Apto para consumo alimentario.<\/p>\n<p><img decoding=\"async\" src=\"https:\/\/copopalhinhas.maildx.net\/wp-content\/uploads\/Icon_reciclaveis.png\" alt=\"\" width=\"30\" height=\"30\" \/>\u00a0<strong>Reciclables<\/strong>:Productos que pueden reciclarse o utilizarse para la recuperaci\u00f3n de energ\u00eda.<\/p>","protected":false},"excerpt":{"rendered":"<p>O garfo em PS Reutiliz\u00e1vel 18 cm Transparente \u00e9 a escolha perfeita para quem procura praticidade, durabilidade e um toque elegante no servi\u00e7o de alimentos. Fabricada em Poliestireno (PS), este garfo \u00e9 reutiliz\u00e1vel e lav\u00e1vel at\u00e9 20 ciclos, oferecendo uma longa vida \u00fatil e contribuindo para a redu\u00e7\u00e3o de res\u00edduos.<\/p>","protected":false},"featured_media":65975,"comment_status":"open","ping_status":"closed","template":"","meta":{"_acf_changed":false},"product_brand":[],"product_cat":[2005,1718,1399,1511,1433,1468,1474,227],"product_tag":[1568,1587],"class_list":{"0":"post-65963","1":"product","2":"type-product","3":"status-publish","4":"has-post-thumbnail","6":"product_cat-talheres-reutilizaveis","7":"product_cat-transparente","8":"product_cat-avulso","9":"product_cat-reutilizaveis-caracteristica","10":"product_cat-materia-prima-ps","11":"product_cat-18cm","12":"product_cat-garfo","13":"product_cat-talheres","14":"product_tag-menu-reutilizaveis","15":"product_tag-sub-menu-talheres-reutilizaveis","16":"pa_qtd-por-caixa-281","17":"pa_qtd-por-caixa-1288","18":"tm-no-options","20":"first","21":"instock","22":"taxable","23":"shipping-taxable","24":"purchasable","25":"product-type-variable"},"acf":[],"_links":{"self":[{"href":"https:\/\/copopalhinhas.maildx.net\/es\/wp-json\/wp\/v2\/product\/65963","targetHints":{"allow":["GET"]}}],"collection":[{"href":"https:\/\/copopalhinhas.maildx.net\/es\/wp-json\/wp\/v2\/product"}],"about":[{"href":"https:\/\/copopalhinhas.maildx.net\/es\/wp-json\/wp\/v2\/types\/product"}],"replies":[{"embeddable":true,"href":"https:\/\/copopalhinhas.maildx.net\/es\/wp-json\/wp\/v2\/comments?post=65963"}],"wp:featuredmedia":[{"embeddable":true,"href":"https:\/\/copopalhinhas.maildx.net\/es\/wp-json\/wp\/v2\/media\/65975"}],"wp:attachment":[{"href":"https:\/\/copopalhinhas.maildx.net\/es\/wp-json\/wp\/v2\/media?parent=65963"}],"wp:term":[{"taxonomy":"product_brand","embeddable":true,"href":"https:\/\/copopalhinhas.maildx.net\/es\/wp-json\/wp\/v2\/product_brand?post=65963"},{"taxonomy":"product_cat","embeddable":true,"href":"https:\/\/copopalhinhas.maildx.net\/es\/wp-json\/wp\/v2\/product_cat?post=65963"},{"taxonomy":"product_tag","embeddable":true,"href":"https:\/\/copopalhinhas.maildx.net\/es\/wp-json\/wp\/v2\/product_tag?post=65963"}],"curies":[{"name":"wp","href":"https:\/\/api.w.org\/{rel}","templated":true}]}}