{"id":65984,"date":"2025-03-27T14:21:43","date_gmt":"2025-03-27T14:21:43","guid":{"rendered":"https:\/\/copopalhinhas.maildx.net\/?post_type=product&#038;p=65984"},"modified":"2025-09-27T21:17:32","modified_gmt":"2025-09-27T20:17:32","slug":"tampa-em-pet-cupula-com-furo-para-copo-papel-o80mm-bebida-fria","status":"publish","type":"product","link":"https:\/\/copopalhinhas.maildx.net\/es\/producto\/tampa-em-pet-cupula-com-furo-para-copo-papel-o80mm-bebida-fria\/","title":{"rendered":"TAPA C\u00daPULA PET CON ORIFICIO PARA VASO DE PAPEL DE \u00d880MM BEBIDA FR\u00cdA"},"content":{"rendered":"<h4>Tampa em PET C\u00fapula com Furo \u2013 \u00d880mm | Ideal para Bebidas Frias<\/h4>\n<p>A tampa em PET em formato de c\u00fapula com furo \u00e9 a op\u00e7\u00e3o ideal para complementar copos de papel de \u00d880mm, oferecendo praticidade e um toque sofisticado na apresenta\u00e7\u00e3o de bebidas frias.<\/p>\n<p>Caracter\u00edsticas e Benef\u00edcios:<\/p>\n<ul>\n<li>Material Transparente e Resistente: Produzida em PET de alta qualidade, assegura durabilidade e permite uma visualiza\u00e7\u00e3o n\u00edtida do conte\u00fado.<\/li>\n<li>Design em C\u00fapula com Furo: Perfeita para bebidas com chantilly, toppings ou espuma, possibilitando o uso de palhinhas para maior comodidade.<\/li>\n<li>Compatibilidade Garantida: Concebida para copos de papel com di\u00e2metro de 80mm, assegurando um encaixe firme e seguro.<\/li>\n<li>Segura para Uso Alimentar: Fabricada com material adequado para contacto com alimentos, sem alterar o sabor ou a qualidade da bebida.<\/li>\n<li>Ideal para Bebidas Frias: Indicada para sumos, batidos, frapp\u00e9s, smoothies, milkshakes e outras bebidas refrescantes.<\/li>\n<li>Furo Opcional: O design permite manter o furo fechado ou aberto, oferecendo versatilidade para diferentes tipos de bebidas e prefer\u00eancias do cliente.<\/li>\n<\/ul>\n<p>Esta tampa combina funcionalidade e est\u00e9tica, tornando-se essencial para caf\u00e9s, pastelarias e servi\u00e7os de take-away.\u00a0 Veja mais <a href=\"https:\/\/copopalhinhas.maildx.net\/es\/categorias\/tampas\/\">Tapas<\/a>.<\/p>\n<p><img decoding=\"async\" src=\"https:\/\/copopalhinhas.maildx.net\/wp-content\/uploads\/Icon_DESCARTAVEL.png\" alt=\"\" width=\"30\" height=\"30\" \/> <strong>Desechable<\/strong><\/p>\n<p><img decoding=\"async\" src=\"https:\/\/copopalhinhas.maildx.net\/wp-content\/uploads\/Icons_alimentos.png\" alt=\"\" width=\"30\" height=\"30\" \/> <strong>Alimento<\/strong>: Apto para consumo alimentario.<\/p>\n<p><img decoding=\"async\" src=\"https:\/\/copopalhinhas.maildx.net\/wp-content\/uploads\/Icon_reciclaveis.png\" alt=\"\" width=\"30\" height=\"30\" \/> <strong>Reciclables<\/strong>:Productos que pueden reciclarse o utilizarse para la recuperaci\u00f3n de energ\u00eda.<\/p>","protected":false},"excerpt":{"rendered":"<p>A Tampa em PET no formato de c\u00fapula com furo \u00e9 a escolha perfeita para complementar copos de papel de \u00d880mm, proporcionando praticidade e uma apresenta\u00e7\u00e3o sofisticada para bebidas frias. Fabricada em PET de qualidade, garante durabilidade e permite uma visualiza\u00e7\u00e3o clara do conte\u00fado. O design da tampa permite que o furo seja aberto ou mantido fechado. Ideal para bebidas com chantilly, toppings ou espuma, permitindo o uso de palhinhas para maior conforto ao beber.<\/p>\n<p>Compat\u00edvel com:<br \/>\n<span style=\"color: #0000ff\"><a style=\"color: #0000ff\" href=\"https:\/\/copopalhinhas.maildx.net\/es\/producto\/copo-papel-cartao-branco-diretiva-ue-24cl-240ml-8oz\/\" target=\"_blank\" rel=\"noopener\">COPO DE PAPEL (CART\u00c3O) BRANCO COM DIRETIVA UE 24CL <\/a><\/span><br \/>\n<span style=\"color: #0000ff\"><a style=\"color: #0000ff\" href=\"https:\/\/copopalhinhas.maildx.net\/es\/producto\/copo-papel-cartao-branco-diretiva-ue-33cl-330ml\/\" target=\"_blank\" rel=\"noopener\">COPO DE PAPEL (CART\u00c3O) BRANCO COM DIRETIVA UE 33CL\u00a0<\/a><br \/>\n<\/span><img decoding=\"async\" src=\"https:\/\/copopalhinhas.maildx.net\/wp-content\/uploads\/Icons_alimentos.png\" alt=\"\" width=\"30\" height=\"30\" \/> <img decoding=\"async\" src=\"https:\/\/copopalhinhas.maildx.net\/wp-content\/uploads\/Icon_DESCARTAVEL.png\" alt=\"\" width=\"30\" height=\"30\" \/> <img decoding=\"async\" src=\"https:\/\/copopalhinhas.maildx.net\/wp-content\/uploads\/Icon_reciclaveis.png\" alt=\"\" width=\"30\" height=\"30\" \/><\/p>","protected":false},"featured_media":66013,"comment_status":"open","ping_status":"closed","template":"","meta":{"_acf_changed":false},"product_brand":[],"product_cat":[2236,2063,1718,1512,1892,1987],"product_tag":[1569,1702,1620],"class_list":{"0":"post-65984","1":"product","2":"type-product","3":"status-publish","4":"has-post-thumbnail","6":"product_cat-pet-2","7":"product_cat-tampas","8":"product_cat-transparente","9":"product_cat-descartavel","10":"product_cat-pet","11":"product_cat-tampa-media","12":"product_tag-menu-descartaveis","13":"product_tag-destaque","14":"product_tag-sub-menu-tampas","15":"pa_qtd-por-caixa-1273","16":"pa_qtd-por-caixa-1289","17":"tm-no-options","19":"first","20":"instock","21":"taxable","22":"shipping-taxable","23":"purchasable","24":"product-type-variable"},"acf":[],"_links":{"self":[{"href":"https:\/\/copopalhinhas.maildx.net\/es\/wp-json\/wp\/v2\/product\/65984","targetHints":{"allow":["GET"]}}],"collection":[{"href":"https:\/\/copopalhinhas.maildx.net\/es\/wp-json\/wp\/v2\/product"}],"about":[{"href":"https:\/\/copopalhinhas.maildx.net\/es\/wp-json\/wp\/v2\/types\/product"}],"replies":[{"embeddable":true,"href":"https:\/\/copopalhinhas.maildx.net\/es\/wp-json\/wp\/v2\/comments?post=65984"}],"wp:featuredmedia":[{"embeddable":true,"href":"https:\/\/copopalhinhas.maildx.net\/es\/wp-json\/wp\/v2\/media\/66013"}],"wp:attachment":[{"href":"https:\/\/copopalhinhas.maildx.net\/es\/wp-json\/wp\/v2\/media?parent=65984"}],"wp:term":[{"taxonomy":"product_brand","embeddable":true,"href":"https:\/\/copopalhinhas.maildx.net\/es\/wp-json\/wp\/v2\/product_brand?post=65984"},{"taxonomy":"product_cat","embeddable":true,"href":"https:\/\/copopalhinhas.maildx.net\/es\/wp-json\/wp\/v2\/product_cat?post=65984"},{"taxonomy":"product_tag","embeddable":true,"href":"https:\/\/copopalhinhas.maildx.net\/es\/wp-json\/wp\/v2\/product_tag?post=65984"}],"curies":[{"name":"wp","href":"https:\/\/api.w.org\/{rel}","templated":true}]}}