{"id":66070,"date":"2025-03-28T14:09:21","date_gmt":"2025-03-28T14:09:21","guid":{"rendered":"https:\/\/copopalhinhas.maildx.net\/?post_type=product&#038;p=66070"},"modified":"2025-09-24T22:26:16","modified_gmt":"2025-09-24T21:26:16","slug":"embalagem-em-plastico-rigido-pp-com-tampa-325l-3250ml","status":"publish","type":"product","link":"https:\/\/copopalhinhas.maildx.net\/es\/producto\/embalagem-em-plastico-rigido-pp-com-tampa-325l-3250ml\/","title":{"rendered":"ENVASE DE PP REUTILIZABLE PARA LLEVAR CON TAPA 3,25 L (3250 ML)"},"content":{"rendered":"<p>A Embalagem em Pl\u00e1stico R\u00edgido PP de 3,25L com Tampa \u00e9 uma solu\u00e7\u00e3o vers\u00e1til para atender \u00e0s suas necessidades de armazenamento de pequenas por\u00e7\u00f5es. Adquira j\u00e1 para desfrutar de praticidade e conveni\u00eancia no dia a dia.<\/p>\n<ul>\n<li>Material Dur\u00e1vel: Fabricado em polipropileno (PP), garantindo durabilidade e resist\u00eancia.<\/li>\n<li>Capacidade Adequada: Com 3,25l (3250ml) de capacidade, ideal para por\u00e7\u00f5es grandes.<\/li>\n<li>Tampa Inclusa: A tampa assegura veda\u00e7\u00e3o eficaz e protege o conte\u00fado.<\/li>\n<li>Design Compacto: Formato pr\u00e1tico e compacto para facilitar o armazenamento e transporte.<\/li>\n<\/ul>\n<p>Benef\u00edcios Adicionais:<\/p>\n<ul>\n<li>Versatilidade de Uso: Ideal para restaurantes, take-away, pastelarias, catering e armazenamento dom\u00e9stico.<\/li>\n<li>Totalmente segura para armazenar diferentes tipos de alimentos sem comprometer a qualidade.<\/li>\n<li>Higiene e Conserva\u00e7\u00e3o: Mant\u00e9m o conte\u00fado fresco e protegido contra contamina\u00e7\u00e3o.<\/li>\n<li>Reutiliz\u00e1vel, 100% recicl\u00e1vel.<\/li>\n<li>Apto para lavar em m\u00e1quina. Apto para micro-ondas.<\/li>\n<li>BPA Free.<\/li>\n<\/ul>\n<p><img decoding=\"async\" src=\"https:\/\/copopalhinhas.maildx.net\/wp-content\/uploads\/Icons_alimentos.png\" alt=\"\" width=\"30\" height=\"30\" \/> <img decoding=\"async\" src=\"https:\/\/copopalhinhas.maildx.net\/wp-content\/uploads\/Icon_reciclaveis.png\" alt=\"\" width=\"30\" height=\"30\" \/><\/p>","protected":false},"excerpt":{"rendered":"<p>A Embalagem em Pl\u00e1stico R\u00edgido PP com Tampa \u00e9 a solu\u00e7\u00e3o ideal para armazenar e transportar alimentos de forma segura e pr\u00e1tica. Com capacidade de 3,25L, \u00e9 perfeita para grandes por\u00e7\u00f5es, garantindo conserva\u00e7\u00e3o e prote\u00e7\u00e3o dos produtos.<\/p>","protected":false},"featured_media":66082,"comment_status":"open","ping_status":"closed","template":"","meta":{"_acf_changed":false},"product_brand":[],"product_cat":[1724,1651,1397,2004,1432,1511,2249],"product_tag":[1586,1568],"class_list":{"0":"post-66070","1":"product","2":"type-product","3":"status-publish","4":"has-post-thumbnail","6":"product_cat-translucido","7":"product_cat-31l-4l","8":"product_cat-embalagens","9":"product_cat-embalagens-reutilizaveis","10":"product_cat-materia-prima-pp","11":"product_cat-reutilizaveis-caracteristica","12":"product_cat-take-away","13":"product_tag-sub-menu-embalagens-reutilizaveis","14":"product_tag-menu-reutilizaveis","15":"pa_qtd-por-caixa-1273","16":"tm-no-options","18":"first","19":"instock","20":"taxable","21":"shipping-taxable","22":"purchasable","23":"product-type-variable"},"acf":[],"_links":{"self":[{"href":"https:\/\/copopalhinhas.maildx.net\/es\/wp-json\/wp\/v2\/product\/66070","targetHints":{"allow":["GET"]}}],"collection":[{"href":"https:\/\/copopalhinhas.maildx.net\/es\/wp-json\/wp\/v2\/product"}],"about":[{"href":"https:\/\/copopalhinhas.maildx.net\/es\/wp-json\/wp\/v2\/types\/product"}],"replies":[{"embeddable":true,"href":"https:\/\/copopalhinhas.maildx.net\/es\/wp-json\/wp\/v2\/comments?post=66070"}],"wp:featuredmedia":[{"embeddable":true,"href":"https:\/\/copopalhinhas.maildx.net\/es\/wp-json\/wp\/v2\/media\/66082"}],"wp:attachment":[{"href":"https:\/\/copopalhinhas.maildx.net\/es\/wp-json\/wp\/v2\/media?parent=66070"}],"wp:term":[{"taxonomy":"product_brand","embeddable":true,"href":"https:\/\/copopalhinhas.maildx.net\/es\/wp-json\/wp\/v2\/product_brand?post=66070"},{"taxonomy":"product_cat","embeddable":true,"href":"https:\/\/copopalhinhas.maildx.net\/es\/wp-json\/wp\/v2\/product_cat?post=66070"},{"taxonomy":"product_tag","embeddable":true,"href":"https:\/\/copopalhinhas.maildx.net\/es\/wp-json\/wp\/v2\/product_tag?post=66070"}],"curies":[{"name":"wp","href":"https:\/\/api.w.org\/{rel}","templated":true}]}}