{"id":66268,"date":"2025-04-01T16:16:10","date_gmt":"2025-04-01T15:16:10","guid":{"rendered":"https:\/\/copopalhinhas.maildx.net\/?post_type=product&#038;p=66268"},"modified":"2025-09-24T22:26:26","modified_gmt":"2025-09-24T21:26:26","slug":"pote-copo-em-pp-reutilizavel-com-tampa-e-furo-opcional-50cl-500ml","status":"publish","type":"product","link":"https:\/\/copopalhinhas.maildx.net\/es\/producto\/pote-copo-em-pp-reutilizavel-com-tampa-e-furo-opcional-50cl-500ml\/","title":{"rendered":"TARRO\/VASO DE PP REUTILIZABLE CON TAPA Y AGUJERO OPCIONAL 50CL (500ML)"},"content":{"rendered":"<p>Procura um copo reutiliz\u00e1vel, seguro e pr\u00e1tico para transportar bebidas e alimentos? O nosso pote\/copos em PP (polipropileno) de 500ml \u00e9 a escolha ideal! Com tampa resistente e furo opcional para palhinha, adapta-se a diferentes tipos de consumo, desde bebidas frias a refei\u00e7\u00f5es l\u00edquidas. O pote \/ copo em PP reutiliz\u00e1vel, possui ainda uma argola integrada, permitindo a fixa\u00e7\u00e3o de um fio ou fita lanyard para facilitar o transporte ao redor do pesco\u00e7o.<\/p>\n<h4>Caracter\u00edsticas principales:<\/h4>\n<ul>\n<li>Material seguro e dur\u00e1vel \u2013 Fabricado em PP (Polipropileno) BPA Free, seguro para alimentos.<\/li>\n<li>Reutiliz\u00e1vel e recicl\u00e1vel \u2013 Reduz o desperd\u00edcio e promove a sustentabilidade.<\/li>\n<li>Apto para micro-ondas \u2192 Permite aquecer alimentos e bebidas de forma r\u00e1pida e segura.<\/li>\n<li>Apto para m\u00e1quina de lavar loi\u00e7a \u2192 Facilidade na limpeza e reutiliza\u00e7\u00e3o.<\/li>\n<li>Tampa com furo opcional \u2013 Pode ser utilizada com ou sem palhinha, conforme necess\u00e1rio.<\/li>\n<li>Capacidade de 500ml (50cl) \u2013 Ideal para bebidas, batidos, smoothies e muito mais.<\/li>\n<li>Ideal para alimenta\u00e7\u00e3o \u2192 Perfeito para transportar bebidas, snacks e refei\u00e7\u00f5es de forma pr\u00e1tica e segura.<\/li>\n<\/ul>\n<p>Uma op\u00e7\u00e3o funcional, segura e ecol\u00f3gica para o dia a dia!<\/p>\n<p><img decoding=\"async\" src=\"https:\/\/copopalhinhas.maildx.net\/wp-content\/uploads\/Icons_alimentos.png\" alt=\"\" width=\"30\" height=\"30\" \/> <img decoding=\"async\" src=\"https:\/\/copopalhinhas.maildx.net\/wp-content\/uploads\/Icon_reciclaveis.png\" alt=\"\" width=\"30\" height=\"30\" \/><\/p>","protected":false},"excerpt":{"rendered":"<p>Este pote\/copo em PP reutiliz\u00e1vel com tampa e furo opcional (50cl\/500ml) \u00e9 a solu\u00e7\u00e3o perfeita para quem procura praticidade e sustentabilidade. A abertura na tampa pode ser aberta ou mantida fechada, permitindo o uso de uma palhinha. Possui ainda uma argola integrada, permitindo a fixa\u00e7\u00e3o de um fio. Fabricado em PP (polipropileno), o copo \u00e9 BPA free, garantindo seguran\u00e7a para o consumo de alimentos e bebidas.<\/p>","protected":false},"featured_media":66274,"comment_status":"open","ping_status":"closed","template":"","meta":{"_acf_changed":false},"product_brand":[],"product_cat":[1724,2004,2249,1652,1511,1432,1946,1492,1397],"product_tag":[1586,1568],"class_list":{"0":"post-66268","1":"product","2":"type-product","3":"status-publish","4":"has-post-thumbnail","6":"product_cat-translucido","7":"product_cat-embalagens-reutilizaveis","8":"product_cat-take-away","9":"product_cat-41l-5l","10":"product_cat-reutilizaveis-caracteristica","11":"product_cat-materia-prima-pp","12":"product_cat-copo","13":"product_cat-potes","14":"product_cat-embalagens","15":"product_tag-sub-menu-embalagens-reutilizaveis","16":"product_tag-menu-reutilizaveis","17":"pa_qtd-por-caixa-1273","18":"tm-no-options","20":"first","21":"instock","22":"taxable","23":"shipping-taxable","24":"purchasable","25":"product-type-variable"},"acf":[],"_links":{"self":[{"href":"https:\/\/copopalhinhas.maildx.net\/es\/wp-json\/wp\/v2\/product\/66268","targetHints":{"allow":["GET"]}}],"collection":[{"href":"https:\/\/copopalhinhas.maildx.net\/es\/wp-json\/wp\/v2\/product"}],"about":[{"href":"https:\/\/copopalhinhas.maildx.net\/es\/wp-json\/wp\/v2\/types\/product"}],"replies":[{"embeddable":true,"href":"https:\/\/copopalhinhas.maildx.net\/es\/wp-json\/wp\/v2\/comments?post=66268"}],"wp:featuredmedia":[{"embeddable":true,"href":"https:\/\/copopalhinhas.maildx.net\/es\/wp-json\/wp\/v2\/media\/66274"}],"wp:attachment":[{"href":"https:\/\/copopalhinhas.maildx.net\/es\/wp-json\/wp\/v2\/media?parent=66268"}],"wp:term":[{"taxonomy":"product_brand","embeddable":true,"href":"https:\/\/copopalhinhas.maildx.net\/es\/wp-json\/wp\/v2\/product_brand?post=66268"},{"taxonomy":"product_cat","embeddable":true,"href":"https:\/\/copopalhinhas.maildx.net\/es\/wp-json\/wp\/v2\/product_cat?post=66268"},{"taxonomy":"product_tag","embeddable":true,"href":"https:\/\/copopalhinhas.maildx.net\/es\/wp-json\/wp\/v2\/product_tag?post=66268"}],"curies":[{"name":"wp","href":"https:\/\/api.w.org\/{rel}","templated":true}]}}