{"id":66311,"date":"2025-04-02T09:04:31","date_gmt":"2025-04-02T08:04:31","guid":{"rendered":"https:\/\/copopalhinhas.maildx.net\/?post_type=product&#038;p=66311"},"modified":"2025-10-15T15:49:43","modified_gmt":"2025-10-15T14:49:43","slug":"palhinha-reta-de-papel-kraft-natural-1x20cm","status":"publish","type":"product","link":"https:\/\/copopalhinhas.maildx.net\/es\/producto\/palhinha-reta-de-papel-kraft-natural-1x20cm\/","title":{"rendered":"PAJA RECTA DE PAPEL KRAFT NATURAL 1X20CM"},"content":{"rendered":"<h3>Pajita recta de papel kraft natural 1x20 cm: elige sostenibilidad con elegancia<\/h3>\n<p>Disfruta de tus bebidas de una forma \u00fanica con la pajita recta de papel kraft de 1 x 20 cm. Adem\u00e1s de combinar estilo y funcionalidad, esta opci\u00f3n destaca por su compromiso con el medio ambiente. Por lo tanto, al elegirla, har\u00e1s que tus eventos sean m\u00e1s ecol\u00f3gicos y sostenibles, sin sacrificar la practicidad. \u00a1Pru\u00e9bala y marca la diferencia!<\/p>\n<h4>Mejora el estilo de tus bebidas<\/h4>\n<p>Creamos estas pajitas para darle un toque especial a la presentaci\u00f3n de tus bebidas. El papel kraft les da un estilo r\u00fastico, ideal para fiestas tem\u00e1ticas y reuniones informales. Adem\u00e1s, se adaptan a diversas ocasiones, haciendo que cualquier celebraci\u00f3n sea m\u00e1s especial y ecol\u00f3gica.<\/p>\n<h4>Tama\u00f1o perfecto para una versatilidad total<\/h4>\n<p>Con 20 cm de largo, estas pajitas caben en cualquier vaso de agua o lata de bebida est\u00e1ndar. Se integran perfectamente en tu bebida, asegur\u00e1ndote de disfrutar de cada sorbo sin desperdiciar nada. Adem\u00e1s, su di\u00e1metro de 1 cm las hace ideales para smoothies, granizados e incluso batidos.<\/p>\n<h4>Apuesta por una alternativa sostenible<\/h4>\n<p>Las pajitas de papel se han convertido en una alternativa ecol\u00f3gica a las pajitas de pl\u00e1stico tradicionales, ya que utilizan materiales biodegradables y pueden soportar l\u00edquidos fr\u00edos o calientes.<\/p>\n<h4>Transforma tus bebidas<\/h4>\n<p>Descubre las pajitas rectas de papel kraft natural de 1 x 20 cm y redefine el consumo responsable. Incorpora esta opci\u00f3n sostenible a tu rutina diaria y marca la diferencia, \u00a1una bebida a la vez!<span style=\"font-size: 16px\"> Ver m\u00e1s <\/span><a style=\"font-size: 16px\" href=\"https:\/\/copopalhinhas.maildx.net\/es\/categorias\/palhinhas\/?wpf_filter_cat_list_0=1508&amp;wpf_fbv=1\">pajitas kraft<\/a><span style=\"font-size: 16px\">.<\/span><\/p>","protected":false},"excerpt":{"rendered":"<p>\u00a1A\u00f1ade sostenibilidad a tus bebidas! La pajita recta de papel kraft de 1 x 20 cm es ideal para jugos y c\u00f3cteles, y es biodegradable.<br \/>\nEstas pajitas rectas de papel kraft combinan funcionalidad y responsabilidad ambiental. Este producto no contiene PFAS, lo que garantiza su seguridad y calidad.<\/p>","protected":false},"featured_media":73842,"comment_status":"open","ping_status":"closed","template":"","meta":{"_acf_changed":false},"product_brand":[],"product_cat":[2242,2054,1725,1399,1704,1508,1467,1547,229],"product_tag":[1570,1613],"class_list":{"0":"post-66311","1":"product","2":"type-product","3":"status-publish","4":"has-post-thumbnail","6":"product_cat-o1cm","7":"product_cat-palhinhas-retas","8":"product_cat-castanho","9":"product_cat-avulso","10":"product_cat-reta","11":"product_cat-kraft","12":"product_cat-medidas","13":"product_cat-20cm","14":"product_cat-palhinhas","15":"product_tag-menu-palhinhas","16":"product_tag-sub-menu-palhinhas-retas","17":"pa_qtd-por-caixa-1273","18":"pa_qtd-por-caixa-1351","19":"tm-no-options","21":"first","22":"instock","23":"taxable","24":"shipping-taxable","25":"purchasable","26":"product-type-variable"},"acf":[],"_links":{"self":[{"href":"https:\/\/copopalhinhas.maildx.net\/es\/wp-json\/wp\/v2\/product\/66311","targetHints":{"allow":["GET"]}}],"collection":[{"href":"https:\/\/copopalhinhas.maildx.net\/es\/wp-json\/wp\/v2\/product"}],"about":[{"href":"https:\/\/copopalhinhas.maildx.net\/es\/wp-json\/wp\/v2\/types\/product"}],"replies":[{"embeddable":true,"href":"https:\/\/copopalhinhas.maildx.net\/es\/wp-json\/wp\/v2\/comments?post=66311"}],"wp:featuredmedia":[{"embeddable":true,"href":"https:\/\/copopalhinhas.maildx.net\/es\/wp-json\/wp\/v2\/media\/73842"}],"wp:attachment":[{"href":"https:\/\/copopalhinhas.maildx.net\/es\/wp-json\/wp\/v2\/media?parent=66311"}],"wp:term":[{"taxonomy":"product_brand","embeddable":true,"href":"https:\/\/copopalhinhas.maildx.net\/es\/wp-json\/wp\/v2\/product_brand?post=66311"},{"taxonomy":"product_cat","embeddable":true,"href":"https:\/\/copopalhinhas.maildx.net\/es\/wp-json\/wp\/v2\/product_cat?post=66311"},{"taxonomy":"product_tag","embeddable":true,"href":"https:\/\/copopalhinhas.maildx.net\/es\/wp-json\/wp\/v2\/product_tag?post=66311"}],"curies":[{"name":"wp","href":"https:\/\/api.w.org\/{rel}","templated":true}]}}