{"id":66322,"date":"2025-04-02T09:54:09","date_gmt":"2025-04-02T08:54:09","guid":{"rendered":"https:\/\/copopalhinhas.maildx.net\/?post_type=product&#038;p=66322"},"modified":"2025-09-27T17:06:00","modified_gmt":"2025-09-27T16:06:00","slug":"palhinha-reta-de-papel-as-riscas-1x20cm-sortido","status":"publish","type":"product","link":"https:\/\/copopalhinhas.maildx.net\/es\/producto\/palhinha-reta-de-papel-as-riscas-1x20cm-sortido\/","title":{"rendered":"Pajita de papel rayada recta 1x20cm (surtida)"},"content":{"rendered":"<h4>Mejora el estilo de tus bebidas con las pajitas de papel rayadas rectas de 1\u00d720 cm (surtidas)<\/h4>\n<p>Dale m\u00e1s color y sostenibilidad a tus bebidas con estas pajitas de papel rectas a rayas de 1 x 20 cm (surtidas). Perfectas para cualquier ocasi\u00f3n, desde fiestas tem\u00e1ticas hasta momentos cotidianos, estas pajitas aportan un toque especial y considerado. \u00a1El\u00edgelas ahora y convierte cualquier ocasi\u00f3n en una memorable!<\/p>\n<h4>Colores que crean ambiente<\/h4>\n<p>Las pajitas rayadas son ideales para darle un toque vibrante y alegre a tus bebidas. Con su divertido dise\u00f1o, hacen que cualquier reuni\u00f3n sea m\u00e1s especial, ya sea un picnic, una cena familiar o una fiesta animada. \u00a1A\u00f1ade color y estilo a tus celebraciones de forma sencilla y pr\u00e1ctica!<\/p>\n<h4>Una soluci\u00f3n vers\u00e1til y funcional<\/h4>\n<p>Con 20 cm de largo y 1 cm de di\u00e1metro, estas pajitas son perfectas para cualquier tipo de bebida, desde c\u00f3cteles y zumos naturales hasta smoothies y batidos. Combinan comodidad y elegancia, adapt\u00e1ndose tanto a eventos sofisticados como al uso diario.<\/p>\n<h4>Sostenibilidad en cada sorbo<\/h4>\n<p>Elige una opci\u00f3n ecol\u00f3gica y ayuda a reducir los residuos pl\u00e1sticos. Hechas de papel biodegradable y compostable, estas pajitas son una alternativa ecol\u00f3gica. As\u00ed, cada bebida que disfrutas contribuye a un planeta m\u00e1s sostenible.<\/p>\n<h4>Higiene y calidad garantizadas<\/h4>\n<p>Adem\u00e1s, el material utilizado sigue los m\u00e1s altos est\u00e1ndares de calidad y cuenta con certificaci\u00f3n FSC, garantizando un compromiso responsable con el medio ambiente.<\/p>\n<h4>Transforma tus bebidas con estilo y consciencia<\/h4>\n<p>Dale color, personalidad y sostenibilidad a tu d\u00eda a d\u00eda con estas pajitas de papel rectas a rayas de 1 x 20 cm (surtidas). \u00a1Elige ya y haz que cada sorbo sea a\u00fan m\u00e1s especial!<\/p>\n<p>Ver m\u00e1s opciones <a href=\"https:\/\/copopalhinhas.maildx.net\/es\/categorias\/palhinhas\/\">pajitas<\/a> y se centra en el consumo responsable.<\/p>","protected":false},"excerpt":{"rendered":"<p>Dale un toque de color a tus bebidas con la pajita de papel a rayas de 1 x 20 cm (surtida), \u00a1la opci\u00f3n perfecta para fiestas y eventos sostenibles! Estas pajitas combinan funcionalidad, diversi\u00f3n y compromiso con el medio ambiente. Este producto no contiene PFAS, lo que garantiza su seguridad y calidad.<\/p>","protected":false},"featured_media":66326,"comment_status":"open","ping_status":"closed","template":"","meta":{"_acf_changed":false},"product_brand":[],"product_cat":[2054,2242,1726,1399,1704,1484,1547,229],"product_tag":[1570,1613],"class_list":{"0":"post-66322","1":"product","2":"type-product","3":"status-publish","4":"has-post-thumbnail","6":"product_cat-palhinhas-retas","7":"product_cat-o1cm","8":"product_cat-multicor","9":"product_cat-avulso","10":"product_cat-reta","11":"product_cat-cartao","12":"product_cat-20cm","13":"product_cat-palhinhas","14":"product_tag-menu-palhinhas","15":"product_tag-sub-menu-palhinhas-retas","16":"pa_qtd-por-caixa-1273","17":"pa_qtd-por-caixa-1351","18":"tm-no-options","20":"first","21":"instock","22":"taxable","23":"shipping-taxable","24":"purchasable","25":"product-type-variable"},"acf":[],"_links":{"self":[{"href":"https:\/\/copopalhinhas.maildx.net\/es\/wp-json\/wp\/v2\/product\/66322","targetHints":{"allow":["GET"]}}],"collection":[{"href":"https:\/\/copopalhinhas.maildx.net\/es\/wp-json\/wp\/v2\/product"}],"about":[{"href":"https:\/\/copopalhinhas.maildx.net\/es\/wp-json\/wp\/v2\/types\/product"}],"replies":[{"embeddable":true,"href":"https:\/\/copopalhinhas.maildx.net\/es\/wp-json\/wp\/v2\/comments?post=66322"}],"wp:featuredmedia":[{"embeddable":true,"href":"https:\/\/copopalhinhas.maildx.net\/es\/wp-json\/wp\/v2\/media\/66326"}],"wp:attachment":[{"href":"https:\/\/copopalhinhas.maildx.net\/es\/wp-json\/wp\/v2\/media?parent=66322"}],"wp:term":[{"taxonomy":"product_brand","embeddable":true,"href":"https:\/\/copopalhinhas.maildx.net\/es\/wp-json\/wp\/v2\/product_brand?post=66322"},{"taxonomy":"product_cat","embeddable":true,"href":"https:\/\/copopalhinhas.maildx.net\/es\/wp-json\/wp\/v2\/product_cat?post=66322"},{"taxonomy":"product_tag","embeddable":true,"href":"https:\/\/copopalhinhas.maildx.net\/es\/wp-json\/wp\/v2\/product_tag?post=66322"}],"curies":[{"name":"wp","href":"https:\/\/api.w.org\/{rel}","templated":true}]}}