{"id":66372,"date":"2025-04-02T14:05:50","date_gmt":"2025-04-02T13:05:50","guid":{"rendered":"https:\/\/copopalhinhas.maildx.net\/?post_type=product&#038;p=66372"},"modified":"2025-10-21T09:20:17","modified_gmt":"2025-10-21T08:20:17","slug":"taca-copo-em-ps-com-tampa-pet-media-sem-furo-23cl-230ml-para-sobremesas","status":"publish","type":"product","link":"https:\/\/copopalhinhas.maildx.net\/es\/producto\/taca-copo-em-ps-com-tampa-pet-media-sem-furo-23cl-230ml-para-sobremesas\/","title":{"rendered":"VASO PS CON TAPA PET MEDIANA SIN AGUJERO 23CL (230ML) PARA POSTRES"},"content":{"rendered":"<h4>Versatilidade e Funcionalidade<\/h4>\n<p>Com 230ml de capacidade, esta ta\u00e7a adapta-se a diferentes tipos de sobremesas, como mousses, gelatinas, iogurtes, saladas de frutas e tiramisu. Al\u00e9m disso, a tampa em PET sem furo mant\u00e9m os alimentos protegidos, evitando derrames e garantindo uma melhor conserva\u00e7\u00e3o.<\/p>\n<h4>Ideal para Neg\u00f3cios e Eventos<\/h4>\n<p>Perfeita para pastelarias, caf\u00e9s, restaurantes e servi\u00e7os de take-away, esta ta\u00e7a facilita o transporte e mant\u00e9m a frescura das sobremesas por mais tempo. O seu design elegante valoriza a apresenta\u00e7\u00e3o dos produtos, tornando-a ideal para eventos, catering e venda ao p\u00fablico.<\/p>\n<h4>Caracter\u00edsticas principales:<\/h4>\n<ul>\n<li>Material resistente: Feito em PS dur\u00e1vel e transparente.<\/li>\n<li>Tampa PET sem furo: Protege os alimentos e evita derrames.<\/li>\n<li>Capacidade de 23cl (230ml): Ideal para diversas sobremesas.<\/li>\n<li>Design elegante: Apresenta\u00e7\u00e3o profissional e sofisticada.<\/li>\n<li>Perfeito para take-away: Transporte seguro e higi\u00e9nico.<\/li>\n<\/ul>\n<h4>Escolhe Qualidade e Praticidade<\/h4>\n<p>Opta por uma solu\u00e7\u00e3o funcional e est\u00e9tica para servir as tuas sobremesas. Adquire j\u00e1 a Ta\u00e7a (Copo) em PS com Tampa PET M\u00e9dia Sem Furo 23cl (230ml) e eleva a apresenta\u00e7\u00e3o dos teus produtos!<\/p>\n<p>Descubre m\u00e1s opciones <a href=\"https:\/\/copopalhinhas.maildx.net\/es\/categorias\/embalagens\/?wpf_filter_cat_1=1464&amp;wpf_fbv=1\">embalaje<\/a> para postres.<\/p>\n<p><img decoding=\"async\" src=\"https:\/\/copopalhinhas.maildx.net\/wp-content\/uploads\/Icon_DESCARTAVEL.png\" alt=\"\" width=\"30\" height=\"30\" \/> <strong>Desechable<\/strong><\/p>\n<p><img decoding=\"async\" src=\"https:\/\/copopalhinhas.maildx.net\/wp-content\/uploads\/Icons_alimentos.png\" alt=\"\" width=\"30\" height=\"30\" \/> <strong>Alimento<\/strong>: Apto para consumo alimentario.<\/p>\n<p><img decoding=\"async\" src=\"https:\/\/copopalhinhas.maildx.net\/wp-content\/uploads\/Icon_reciclaveis.png\" alt=\"\" width=\"30\" height=\"30\" \/> <strong>Reciclables<\/strong>:Productos que pueden reciclarse o utilizarse para la recuperaci\u00f3n de energ\u00eda.<\/p>","protected":false},"excerpt":{"rendered":"<p>A Ta\u00e7a (Copo) em PS com Tampa PET M\u00e9dia Sem Furo 23cl (230ml) \u00e9 a escolha perfeita para servir sobremesas de forma pr\u00e1tica, higi\u00e9nica e elegante. Feita em poliestireno (PS) de alta qualidade, esta ta\u00e7a combina resist\u00eancia e transpar\u00eancia, permitindo uma apresenta\u00e7\u00e3o sofisticada dos doces e sobremesas.<\/p>\n<p><img decoding=\"async\" src=\"https:\/\/copopalhinhas.maildx.net\/wp-content\/uploads\/Icons_alimentos.png\" alt=\"\" width=\"30\" height=\"30\" \/> <img decoding=\"async\" src=\"https:\/\/copopalhinhas.maildx.net\/wp-content\/uploads\/Icon_DESCARTAVEL.png\" alt=\"\" width=\"30\" height=\"30\" \/> <img decoding=\"async\" src=\"https:\/\/copopalhinhas.maildx.net\/wp-content\/uploads\/Icon_reciclaveis.png\" alt=\"\" width=\"30\" height=\"30\" \/><\/p>","protected":false},"featured_media":66383,"comment_status":"open","ping_status":"closed","template":"","meta":{"_acf_changed":false},"product_brand":[],"product_cat":[2010,2047,2249,1718,1515,1512,1892,1433,1499,1987,1397],"product_tag":[1569,1604,1608],"class_list":{"0":"post-66372","1":"product","2":"type-product","3":"status-publish","4":"has-post-thumbnail","6":"product_cat-embalagens-descartaveis","7":"product_cat-embalagens-pp-ps-rpet","8":"product_cat-take-away","9":"product_cat-transparente","10":"product_cat-21-30cl","11":"product_cat-descartavel","12":"product_cat-pet","13":"product_cat-materia-prima-ps","14":"product_cat-sobremesa","15":"product_cat-tampa-media","16":"product_cat-embalagens","17":"product_tag-menu-descartaveis","18":"product_tag-sub-menu-embalagens-descartaveis","19":"product_tag-sub-menu-emalagens-pp-ps-pet","20":"pa_qtd-por-caixa-1273","21":"pa_qtd-por-caixa-1288","22":"tm-no-options","24":"first","25":"instock","26":"taxable","27":"shipping-taxable","28":"purchasable","29":"product-type-variable"},"acf":[],"_links":{"self":[{"href":"https:\/\/copopalhinhas.maildx.net\/es\/wp-json\/wp\/v2\/product\/66372","targetHints":{"allow":["GET"]}}],"collection":[{"href":"https:\/\/copopalhinhas.maildx.net\/es\/wp-json\/wp\/v2\/product"}],"about":[{"href":"https:\/\/copopalhinhas.maildx.net\/es\/wp-json\/wp\/v2\/types\/product"}],"replies":[{"embeddable":true,"href":"https:\/\/copopalhinhas.maildx.net\/es\/wp-json\/wp\/v2\/comments?post=66372"}],"wp:featuredmedia":[{"embeddable":true,"href":"https:\/\/copopalhinhas.maildx.net\/es\/wp-json\/wp\/v2\/media\/66383"}],"wp:attachment":[{"href":"https:\/\/copopalhinhas.maildx.net\/es\/wp-json\/wp\/v2\/media?parent=66372"}],"wp:term":[{"taxonomy":"product_brand","embeddable":true,"href":"https:\/\/copopalhinhas.maildx.net\/es\/wp-json\/wp\/v2\/product_brand?post=66372"},{"taxonomy":"product_cat","embeddable":true,"href":"https:\/\/copopalhinhas.maildx.net\/es\/wp-json\/wp\/v2\/product_cat?post=66372"},{"taxonomy":"product_tag","embeddable":true,"href":"https:\/\/copopalhinhas.maildx.net\/es\/wp-json\/wp\/v2\/product_tag?post=66372"}],"curies":[{"name":"wp","href":"https:\/\/api.w.org\/{rel}","templated":true}]}}