{"id":66392,"date":"2025-04-02T16:22:24","date_gmt":"2025-04-02T15:22:24","guid":{"rendered":"https:\/\/copopalhinhas.maildx.net\/?post_type=product&#038;p=66392"},"modified":"2025-09-25T14:56:32","modified_gmt":"2025-09-25T13:56:32","slug":"embalagem-saladeira-em-kraft-com-tampa-pet-75cl-750ml-26oz","status":"publish","type":"product","link":"https:\/\/copopalhinhas.maildx.net\/es\/producto\/embalagem-saladeira-em-kraft-com-tampa-pet-75cl-750ml-26oz\/","title":{"rendered":"ENVASE KRAFT \/ ENSALADERA CON TAPA PET 75CL (750ML\/26OZ)"},"content":{"rendered":"<h4>ENVASE KRAFT \/ ENSALADERA CON TAPA PET 75CL (750ML\/26OZ)<\/h4>\n<p>A Embalagem \/ Saladeira em Kraft com Tampa PET 75cl (750ml\/26oz) \u00e9 a solu\u00e7\u00e3o ideal para quem procura uma op\u00e7\u00e3o pr\u00e1tica, resistente e ecol\u00f3gica para transportar e armazenar refei\u00e7\u00f5es. Feita em papel kraft biodegrad\u00e1vel, esta embalagem alia sustentabilidade e durabilidade, sendo perfeita para saladas, massas, pokes, refei\u00e7\u00f5es frias ou quentes.<\/p>\n<h4>Design Funcional e Seguro<\/h4>\n<p>O revestimento interno resistente \u00e0 gordura e \u00e0 humidade mant\u00e9m os alimentos frescos por mais tempo, evitando fugas e garantindo uma experi\u00eancia segura para o consumidor. Al\u00e9m disso, a tampa em PET transparente permite uma excelente visibilidade do conte\u00fado, valorizando a apresenta\u00e7\u00e3o das refei\u00e7\u00f5es e tornando-as mais apelativas.<\/p>\n<h4>Perfeita para Take-Away e Delivery<\/h4>\n<p>Ideal para restaurantes, caf\u00e9s, pastelarias e servi\u00e7os de catering, esta saladeira \u00e9 pr\u00e1tica para transporte e armazenamento. A sua estrutura robusta mant\u00e9m os alimentos bem acondicionados, garantindo um servi\u00e7o de take-away ou delivery eficiente e profissional.<\/p>\n<h4>Principales ventajas:<\/h4>\n<ul>\n<li>Material sustent\u00e1vel: Fabricada em kraft biodegrad\u00e1vel e recicl\u00e1vel.<\/li>\n<li>Tampa PET transparente: Real\u00e7a a apresenta\u00e7\u00e3o dos alimentos.<\/li>\n<li>Capacidade de 75cl (750ml\/26oz): Perfeita para por\u00e7\u00f5es generosas.<\/li>\n<li>Resistente a l\u00edquidos e gorduras: Ideal para refei\u00e7\u00f5es frias ou quentes.<\/li>\n<li>Vers\u00e1til e segura: Excelente para take-away e delivery.<\/li>\n<\/ul>\n<h4>A Melhor Escolha para Neg\u00f3cios Sustent\u00e1veis<\/h4>\n<p>Se procuras uma solu\u00e7\u00e3o funcional, elegante e amiga do ambiente, a Embalagem \/ Saladeira em Kraft com Tampa PET 75cl \u00e9 a op\u00e7\u00e3o certa. Adquire j\u00e1 e melhora a experi\u00eancia dos teus clientes com embalagens de qualidade!<\/p>\n<p>Descubra m\u00e1s <a href=\"https:\/\/copopalhinhas.maildx.net\/es\/categorias\/embalagens-descartaveis\/\">embalaje<\/a>.<\/p>\n<p><img decoding=\"async\" src=\"https:\/\/copopalhinhas.maildx.net\/wp-content\/uploads\/Icon_DESCARTAVEL.png\" alt=\"\" width=\"30\" height=\"30\" \/> <strong>Desechable<\/strong><\/p>\n<p><img decoding=\"async\" src=\"https:\/\/copopalhinhas.maildx.net\/wp-content\/uploads\/Icons_alimentos.png\" alt=\"\" width=\"30\" height=\"30\" \/> <strong>Alimento<\/strong>: Apto para consumo alimentario.<\/p>\n<p><img decoding=\"async\" src=\"https:\/\/copopalhinhas.maildx.net\/wp-content\/uploads\/Icon_reciclaveis.png\" alt=\"\" width=\"30\" height=\"30\" \/> <strong>Reciclables<\/strong>:Productos que pueden reciclarse o utilizarse para la recuperaci\u00f3n de energ\u00eda.<\/p>","protected":false},"excerpt":{"rendered":"<p>Descobre a Embalagem \/ Saladeira em Kraft com Tampa PET 75cl (750ml\/26oz), a op\u00e7\u00e3o perfeita para servir e transportar refei\u00e7\u00f5es de forma segura, pr\u00e1tica e sustent\u00e1vel. Fabricada em papel kraft biodegrad\u00e1vel, esta embalagem combina resist\u00eancia e eleg\u00e2ncia, garantindo a frescura dos alimentos. A tampa em PET transparente real\u00e7a a apresenta\u00e7\u00e3o das tuas saladas, pokes, massas e outras refei\u00e7\u00f5es, tornando-a ideal para take-away e delivery.<\/p>\n<p><img decoding=\"async\" src=\"https:\/\/copopalhinhas.maildx.net\/wp-content\/uploads\/Icons_alimentos.png\" alt=\"\" width=\"30\" height=\"30\" \/> <img decoding=\"async\" src=\"https:\/\/copopalhinhas.maildx.net\/wp-content\/uploads\/Icon_DESCARTAVEL.png\" alt=\"\" width=\"30\" height=\"30\" \/> <img decoding=\"async\" src=\"https:\/\/copopalhinhas.maildx.net\/wp-content\/uploads\/Icon_reciclaveis.png\" alt=\"\" width=\"30\" height=\"30\" \/><\/p>","protected":false},"featured_media":66399,"comment_status":"open","ping_status":"closed","template":"","meta":{"_acf_changed":false},"product_brand":[],"product_cat":[2010,2249,1725,1518,1512,1508,1491,1498,1427,1397],"product_tag":[1569,1604],"class_list":{"0":"post-66392","1":"product","2":"type-product","3":"status-publish","4":"has-post-thumbnail","6":"product_cat-embalagens-descartaveis","7":"product_cat-take-away","8":"product_cat-castanho","9":"product_cat-71-80cl","10":"product_cat-descartavel","11":"product_cat-kraft","12":"product_cat-saladeiras","13":"product_cat-sopa","14":"product_cat-embalangens-saladeiras","15":"product_cat-embalagens","16":"product_tag-menu-descartaveis","17":"product_tag-sub-menu-embalagens-descartaveis","18":"pa_qtd-por-caixa-1273","19":"tm-no-options","21":"first","22":"instock","23":"taxable","24":"shipping-taxable","25":"purchasable","26":"product-type-variable"},"acf":[],"_links":{"self":[{"href":"https:\/\/copopalhinhas.maildx.net\/es\/wp-json\/wp\/v2\/product\/66392","targetHints":{"allow":["GET"]}}],"collection":[{"href":"https:\/\/copopalhinhas.maildx.net\/es\/wp-json\/wp\/v2\/product"}],"about":[{"href":"https:\/\/copopalhinhas.maildx.net\/es\/wp-json\/wp\/v2\/types\/product"}],"replies":[{"embeddable":true,"href":"https:\/\/copopalhinhas.maildx.net\/es\/wp-json\/wp\/v2\/comments?post=66392"}],"wp:featuredmedia":[{"embeddable":true,"href":"https:\/\/copopalhinhas.maildx.net\/es\/wp-json\/wp\/v2\/media\/66399"}],"wp:attachment":[{"href":"https:\/\/copopalhinhas.maildx.net\/es\/wp-json\/wp\/v2\/media?parent=66392"}],"wp:term":[{"taxonomy":"product_brand","embeddable":true,"href":"https:\/\/copopalhinhas.maildx.net\/es\/wp-json\/wp\/v2\/product_brand?post=66392"},{"taxonomy":"product_cat","embeddable":true,"href":"https:\/\/copopalhinhas.maildx.net\/es\/wp-json\/wp\/v2\/product_cat?post=66392"},{"taxonomy":"product_tag","embeddable":true,"href":"https:\/\/copopalhinhas.maildx.net\/es\/wp-json\/wp\/v2\/product_tag?post=66392"}],"curies":[{"name":"wp","href":"https:\/\/api.w.org\/{rel}","templated":true}]}}