{"id":66508,"date":"2025-04-04T12:27:38","date_gmt":"2025-04-04T11:27:38","guid":{"rendered":"https:\/\/copopalhinhas.maildx.net\/?post_type=product&#038;p=66508"},"modified":"2025-09-27T11:24:12","modified_gmt":"2025-09-27T10:24:12","slug":"pote-saladeira-em-kraft-110l-1100ml-32oz","status":"publish","type":"product","link":"https:\/\/copopalhinhas.maildx.net\/es\/producto\/pote-saladeira-em-kraft-110l-1100ml-32oz\/","title":{"rendered":"ENSALADERA KRAFT 1,10 L (1100 ML\/32 OZ)"},"content":{"rendered":"<h4>ENSALADERA KRAFT 1,10 L (1100 ML\/32 OZ)<\/h4>\n<p>A Pote \/ Saladeira em Kraft 1,10L (1100ML\/32OZ) \u00e9 a solu\u00e7\u00e3o ideal para quem procura uma op\u00e7\u00e3o pr\u00e1tica, resistente e ecol\u00f3gica para transportar e armazenar refei\u00e7\u00f5es. Feita em papel kraft biodegrad\u00e1vel, esta embalagem alia sustentabilidade e durabilidade, sendo perfeita para saladas, massas, pokes, refei\u00e7\u00f5es frias ou quentes.<\/p>\n<h4>Design Funcional e Seguro<\/h4>\n<p>O revestimento interno resistente \u00e0 gordura e \u00e0 humidade mant\u00e9m os alimentos frescos por mais tempo, evitando fugas e garantindo uma experi\u00eancia segura para o consumidor.<\/p>\n<h4>Perfeita<\/h4>\n<p>Ideal para restaurantes, caf\u00e9s, pastelarias e servi\u00e7os de catering, esta saladeira \u00e9 pr\u00e1tica para transporte e armazenamento. A sua estrutura robusta mant\u00e9m os alimentos bem acondicionados.<\/p>\n<h4>Principales ventajas:<\/h4>\n<ul>\n<li>Material sustent\u00e1vel: Fabricada em kraft biodegrad\u00e1vel e recicl\u00e1vel.<\/li>\n<li>Capacidade de 1,10L (1100ML\/32OZ): Perfeita para por\u00e7\u00f5es generosas.<\/li>\n<li>Resistente a l\u00edquidos e gorduras: Ideal para refei\u00e7\u00f5es frias ou quentes.<\/li>\n<li>Vers\u00e1til e segura.<\/li>\n<\/ul>\n<h4>A Melhor Escolha para Neg\u00f3cios Sustent\u00e1veis<\/h4>\n<p>Se procuras uma solu\u00e7\u00e3o funcional, elegante e amiga do ambiente, a Embalagem \/ Saladeira em Kraft 1,10l \u00e9 a op\u00e7\u00e3o certa. Adquire j\u00e1 e melhora a experi\u00eancia dos teus clientes com servi\u00e7os de qualidade!<\/p>\n<p><img decoding=\"async\" src=\"https:\/\/copopalhinhas.maildx.net\/wp-content\/uploads\/Icon_DESCARTAVEL.png\" alt=\"\" width=\"30\" height=\"30\" \/> <strong>Desechable<\/strong><\/p>\n<p><img decoding=\"async\" src=\"https:\/\/copopalhinhas.maildx.net\/wp-content\/uploads\/Icons_alimentos.png\" alt=\"\" width=\"30\" height=\"30\" \/> <strong>Alimento<\/strong>: Apto para consumo alimentario.<\/p>\n<p><img decoding=\"async\" src=\"https:\/\/copopalhinhas.maildx.net\/wp-content\/uploads\/Icon_reciclaveis.png\" alt=\"\" width=\"30\" height=\"30\" \/> <strong>Reciclables<\/strong>:Productos que pueden reciclarse o utilizarse para la recuperaci\u00f3n de energ\u00eda.<\/p>","protected":false},"excerpt":{"rendered":"<p>Descobre a Embalagem \/ Saladeira em Kraft 1,10L (1100ML\/32OZ) , a op\u00e7\u00e3o perfeita para servir e transportar refei\u00e7\u00f5es de forma segura, pr\u00e1tica e sustent\u00e1vel. Fabricada em papel kraft biodegrad\u00e1vel, esta embalagem combina resist\u00eancia e eleg\u00e2ncia, garantindo a frescura dos alimentos.<\/p>\n<p><img decoding=\"async\" src=\"https:\/\/copopalhinhas.maildx.net\/wp-content\/uploads\/Icons_alimentos.png\" alt=\"\" width=\"30\" height=\"30\" \/> <img decoding=\"async\" src=\"https:\/\/copopalhinhas.maildx.net\/wp-content\/uploads\/Icon_DESCARTAVEL.png\" alt=\"\" width=\"30\" height=\"30\" \/> <img decoding=\"async\" src=\"https:\/\/copopalhinhas.maildx.net\/wp-content\/uploads\/Icon_reciclaveis.png\" alt=\"\" width=\"30\" height=\"30\" \/><\/p>","protected":false},"featured_media":66500,"comment_status":"open","ping_status":"closed","template":"","meta":{"_acf_changed":false},"product_brand":[],"product_cat":[2010,1725,1644,1512,1508,1492,1491,1498,1427,1397],"product_tag":[1569,1604],"class_list":{"0":"post-66508","1":"product","2":"type-product","3":"status-publish","4":"has-post-thumbnail","6":"product_cat-embalagens-descartaveis","7":"product_cat-castanho","8":"product_cat-11l-a-2l","9":"product_cat-descartavel","10":"product_cat-kraft","11":"product_cat-potes","12":"product_cat-saladeiras","13":"product_cat-sopa","14":"product_cat-embalangens-saladeiras","15":"product_cat-embalagens","16":"product_tag-menu-descartaveis","17":"product_tag-sub-menu-embalagens-descartaveis","18":"pa_qtd-por-caixa-1273","19":"pa_qtd-por-caixa-1281","20":"tm-no-options","22":"first","23":"instock","24":"taxable","25":"shipping-taxable","26":"purchasable","27":"product-type-variable"},"acf":[],"_links":{"self":[{"href":"https:\/\/copopalhinhas.maildx.net\/es\/wp-json\/wp\/v2\/product\/66508","targetHints":{"allow":["GET"]}}],"collection":[{"href":"https:\/\/copopalhinhas.maildx.net\/es\/wp-json\/wp\/v2\/product"}],"about":[{"href":"https:\/\/copopalhinhas.maildx.net\/es\/wp-json\/wp\/v2\/types\/product"}],"replies":[{"embeddable":true,"href":"https:\/\/copopalhinhas.maildx.net\/es\/wp-json\/wp\/v2\/comments?post=66508"}],"wp:featuredmedia":[{"embeddable":true,"href":"https:\/\/copopalhinhas.maildx.net\/es\/wp-json\/wp\/v2\/media\/66500"}],"wp:attachment":[{"href":"https:\/\/copopalhinhas.maildx.net\/es\/wp-json\/wp\/v2\/media?parent=66508"}],"wp:term":[{"taxonomy":"product_brand","embeddable":true,"href":"https:\/\/copopalhinhas.maildx.net\/es\/wp-json\/wp\/v2\/product_brand?post=66508"},{"taxonomy":"product_cat","embeddable":true,"href":"https:\/\/copopalhinhas.maildx.net\/es\/wp-json\/wp\/v2\/product_cat?post=66508"},{"taxonomy":"product_tag","embeddable":true,"href":"https:\/\/copopalhinhas.maildx.net\/es\/wp-json\/wp\/v2\/product_tag?post=66508"}],"curies":[{"name":"wp","href":"https:\/\/api.w.org\/{rel}","templated":true}]}}