{"id":66519,"date":"2025-04-04T14:19:55","date_gmt":"2025-04-04T13:19:55","guid":{"rendered":"https:\/\/copopalhinhas.maildx.net\/?post_type=product&#038;p=66519"},"modified":"2025-09-27T11:06:53","modified_gmt":"2025-09-27T10:06:53","slug":"tampa-em-pet-para-saladeiras-em-kraft-20oz-e-26oz","status":"publish","type":"product","link":"https:\/\/copopalhinhas.maildx.net\/es\/producto\/tampa-em-pet-para-saladeiras-em-kraft-20oz-e-26oz\/","title":{"rendered":"TAPA PARA MASCOTA PARA ENSALADERAS KRAFT DE 20 OZ Y 26 OZ"},"content":{"rendered":"<h4>Tapa de PET para ensaladeras Kraft de 20 oz y 26 oz: protecci\u00f3n y visibilidad<\/h4>\n<p>La tapa de PET para ensaladeras Kraft de 20 oz y 26 oz ofrece la soluci\u00f3n ideal para complementar las ensaladeras Kraft, garantizando la protecci\u00f3n y el transporte seguro de sus comidas. Fabricada en PET transparente, esta tapa mantiene los alimentos frescos y visibles, permitiendo que sus clientes disfruten de la presentaci\u00f3n de sus ensaladas, pastas, pokes y otras delicias.<\/p>\n<h4>Principales ventajas:<\/h4>\n<ul>\n<li>Compatible con ensaladeras de 20 oz y 26 oz: perfecto para diferentes porciones de comida.<\/li>\n<li>Material transparente: proporciona visibilidad completa del contenido.<\/li>\n<li>Durable y seguro: protege los alimentos de derrames y mantiene la frescura.<\/li>\n<li>Ideal para llevar y entrega a domicilio: la tapa garantiza seguridad y practicidad durante el transporte.<\/li>\n<\/ul>\n<p>Con la tapa de PET para ensaladeras Kraft, garantiza a sus clientes una experiencia pr\u00e1ctica e higi\u00e9nica, a la vez que contribuye a una soluci\u00f3n sostenible. \u00a1Complete su embalaje con calidad y eficiencia!<\/p>\n<p><img decoding=\"async\" src=\"https:\/\/copopalhinhas.maildx.net\/wp-content\/uploads\/Icon_DESCARTAVEL.png\" alt=\"\" width=\"30\" height=\"30\" \/> <strong>Desechable<\/strong><\/p>\n<p><img decoding=\"async\" src=\"https:\/\/copopalhinhas.maildx.net\/wp-content\/uploads\/Icons_alimentos.png\" alt=\"\" width=\"30\" height=\"30\" \/> <strong>Alimento<\/strong>: Apto para consumo alimentario.<\/p>\n<p><img decoding=\"async\" src=\"https:\/\/copopalhinhas.maildx.net\/wp-content\/uploads\/Icon_reciclaveis.png\" alt=\"\" width=\"30\" height=\"30\" \/> <strong>Reciclables<\/strong>:Productos que pueden reciclarse o utilizarse para la recuperaci\u00f3n de energ\u00eda.<\/p>","protected":false},"excerpt":{"rendered":"<p>La tapa de PET para ensaladeras Kraft de 20 oz y 26 oz ofrece la soluci\u00f3n ideal para complementar las ensaladeras Kraft, garantizando la protecci\u00f3n y el transporte seguro de sus comidas. Fabricada en PET transparente, esta tapa mantiene los alimentos frescos y visibles, permitiendo que sus clientes disfruten de la presentaci\u00f3n de sus ensaladas, pastas, pokes y otras delicias.<\/p>\n<p>La tapa es compatible con:<br \/>\n<a href=\"https:\/\/copopalhinhas.maildx.net\/es\/producto\/pote-saladeira-em-kraft-55cl-550ml-20oz\/\">ENSALADERA KRAFT 55 CL (550 ML\/20 OZ)<\/a><br \/>\n<a href=\"https:\/\/copopalhinhas.maildx.net\/es\/producto\/pote-saladeira-em-kraft-75cl-750ml-26oz\/\">ENSALADERA KRAFT 75CL (750ML\/26OZ)<\/a><\/p>\n<p><img decoding=\"async\" src=\"https:\/\/copopalhinhas.maildx.net\/wp-content\/uploads\/Icons_alimentos.png\" alt=\"\" width=\"30\" height=\"30\" \/> <img decoding=\"async\" src=\"https:\/\/copopalhinhas.maildx.net\/wp-content\/uploads\/Icon_DESCARTAVEL.png\" alt=\"\" width=\"30\" height=\"30\" \/> <img decoding=\"async\" src=\"https:\/\/copopalhinhas.maildx.net\/wp-content\/uploads\/Icon_reciclaveis.png\" alt=\"\" width=\"30\" height=\"30\" \/><\/p>","protected":false},"featured_media":66527,"comment_status":"open","ping_status":"closed","template":"","meta":{"_acf_changed":false},"product_brand":[],"product_cat":[2236,2063,1718,1512,1892,1987],"product_tag":[1571,1569,1620],"class_list":{"0":"post-66519","1":"product","2":"type-product","3":"status-publish","4":"has-post-thumbnail","6":"product_cat-pet-2","7":"product_cat-tampas","8":"product_cat-transparente","9":"product_cat-descartavel","10":"product_cat-pet","11":"product_cat-tampa-media","12":"product_tag-menu-acessorios","13":"product_tag-menu-descartaveis","14":"product_tag-sub-menu-tampas","15":"pa_qtd-por-caixa-1273","16":"pa_qtd-por-caixa-1277","17":"tm-no-options","19":"first","20":"instock","21":"taxable","22":"shipping-taxable","23":"purchasable","24":"product-type-variable"},"acf":[],"_links":{"self":[{"href":"https:\/\/copopalhinhas.maildx.net\/es\/wp-json\/wp\/v2\/product\/66519","targetHints":{"allow":["GET"]}}],"collection":[{"href":"https:\/\/copopalhinhas.maildx.net\/es\/wp-json\/wp\/v2\/product"}],"about":[{"href":"https:\/\/copopalhinhas.maildx.net\/es\/wp-json\/wp\/v2\/types\/product"}],"replies":[{"embeddable":true,"href":"https:\/\/copopalhinhas.maildx.net\/es\/wp-json\/wp\/v2\/comments?post=66519"}],"wp:featuredmedia":[{"embeddable":true,"href":"https:\/\/copopalhinhas.maildx.net\/es\/wp-json\/wp\/v2\/media\/66527"}],"wp:attachment":[{"href":"https:\/\/copopalhinhas.maildx.net\/es\/wp-json\/wp\/v2\/media?parent=66519"}],"wp:term":[{"taxonomy":"product_brand","embeddable":true,"href":"https:\/\/copopalhinhas.maildx.net\/es\/wp-json\/wp\/v2\/product_brand?post=66519"},{"taxonomy":"product_cat","embeddable":true,"href":"https:\/\/copopalhinhas.maildx.net\/es\/wp-json\/wp\/v2\/product_cat?post=66519"},{"taxonomy":"product_tag","embeddable":true,"href":"https:\/\/copopalhinhas.maildx.net\/es\/wp-json\/wp\/v2\/product_tag?post=66519"}],"curies":[{"name":"wp","href":"https:\/\/api.w.org\/{rel}","templated":true}]}}