{"id":66522,"date":"2025-04-04T14:28:11","date_gmt":"2025-04-04T13:28:11","guid":{"rendered":"https:\/\/copopalhinhas.maildx.net\/?post_type=product&#038;p=66522"},"modified":"2025-09-27T11:07:17","modified_gmt":"2025-09-27T10:07:17","slug":"tampa-em-pet-para-saladeiras-em-kraft-32oz-e-38oz","status":"publish","type":"product","link":"https:\/\/copopalhinhas.maildx.net\/es\/producto\/tampa-em-pet-para-saladeiras-em-kraft-32oz-e-38oz\/","title":{"rendered":"TAPA PARA MASCOTA PARA ENSALADERAS KRAFT DE 32 OZ Y 38 OZ"},"content":{"rendered":"<h4>TAMPA EM PET PARA SALADEIRAS EM KRAFT 32OZ e 38OZ \u2013 Prote\u00e7\u00e3o e Visibilidade<\/h4>\n<p>A Tampa em PET para Saladeiras em Kraft 32OZ e 38OZ oferece a solu\u00e7\u00e3o ideal para complementar as saladeiras em kraft, garantindo a prote\u00e7\u00e3o e o transporte seguro das tuas refei\u00e7\u00f5es. Feita de PET transparente, esta tampa mant\u00e9m os alimentos frescos e vis\u00edveis, permitindo que os teus clientes apreciem a apresenta\u00e7\u00e3o das suas saladas, massas, pokes e outras del\u00edcias.<\/p>\n<h4>Principales ventajas:<\/h4>\n<ul>\n<li>Compat\u00edvel com saladeiras de 32OZ e 38OZ: Perfeita para diferentes por\u00e7\u00f5es de refei\u00e7\u00f5es.<\/li>\n<li>Material transparente: proporciona visibilidad completa del contenido.<\/li>\n<li>Durable y seguro: protege los alimentos de derrames y mantiene la frescura.<\/li>\n<li>A tampa garante seguran\u00e7a e praticidade no transporte.<\/li>\n<\/ul>\n<p>Con la tapa de PET para ensaladeras Kraft, garantiza a sus clientes una experiencia pr\u00e1ctica e higi\u00e9nica, a la vez que contribuye a una soluci\u00f3n sostenible. \u00a1Complete su embalaje con calidad y eficiencia!<\/p>\n<p><img decoding=\"async\" src=\"https:\/\/copopalhinhas.maildx.net\/wp-content\/uploads\/Icon_DESCARTAVEL.png\" alt=\"\" width=\"30\" height=\"30\" \/> <strong>Desechable<\/strong><\/p>\n<p><img decoding=\"async\" src=\"https:\/\/copopalhinhas.maildx.net\/wp-content\/uploads\/Icons_alimentos.png\" alt=\"\" width=\"30\" height=\"30\" \/> <strong>Alimento<\/strong>: Apto para consumo alimentario.<\/p>\n<p><img decoding=\"async\" src=\"https:\/\/copopalhinhas.maildx.net\/wp-content\/uploads\/Icon_reciclaveis.png\" alt=\"\" width=\"30\" height=\"30\" \/> <strong>Reciclables<\/strong>:Productos que pueden reciclarse o utilizarse para la recuperaci\u00f3n de energ\u00eda.<\/p>","protected":false},"excerpt":{"rendered":"<p>A Tampa em PET para Saladeiras em Kraft 32OZ e 38OZ oferece a solu\u00e7\u00e3o ideal para complementar as saladeiras em kraft, garantindo a prote\u00e7\u00e3o e o transporte seguro das tuas refei\u00e7\u00f5es. Feita de PET transparente, esta tampa mant\u00e9m os alimentos frescos e vis\u00edveis, permitindo que os teus clientes apreciem a apresenta\u00e7\u00e3o das suas saladas, massas, pokes e outras del\u00edcias.<\/p>\n<p>La tapa es compatible con:<br \/>\n<a href=\"https:\/\/copopalhinhas.maildx.net\/es\/producto\/pote-saladeira-em-kraft-110l-1100ml-32oz\/\">ENSALADERA KRAFT 1,10 L (1100 ML\/32 OZ)<\/a><br \/>\n<a href=\"https:\/\/copopalhinhas.maildx.net\/es\/producto\/pote-saladeira-em-kraft-130l-1300ml-38oz\/\">ENSALADERA KRAFT 1.30L (1300ML\/38OZ)<\/a><\/p>\n<p><img decoding=\"async\" src=\"https:\/\/copopalhinhas.maildx.net\/wp-content\/uploads\/Icons_alimentos.png\" alt=\"\" width=\"30\" height=\"30\" \/> <img decoding=\"async\" src=\"https:\/\/copopalhinhas.maildx.net\/wp-content\/uploads\/Icon_DESCARTAVEL.png\" alt=\"\" width=\"30\" height=\"30\" \/> <img decoding=\"async\" src=\"https:\/\/copopalhinhas.maildx.net\/wp-content\/uploads\/Icon_reciclaveis.png\" alt=\"\" width=\"30\" height=\"30\" \/><\/p>","protected":false},"featured_media":66528,"comment_status":"open","ping_status":"closed","template":"","meta":{"_acf_changed":false},"product_brand":[],"product_cat":[2236,2063,1718,1512,1892,1987],"product_tag":[1571,1569,1620],"class_list":{"0":"post-66522","1":"product","2":"type-product","3":"status-publish","4":"has-post-thumbnail","6":"product_cat-pet-2","7":"product_cat-tampas","8":"product_cat-transparente","9":"product_cat-descartavel","10":"product_cat-pet","11":"product_cat-tampa-media","12":"product_tag-menu-acessorios","13":"product_tag-menu-descartaveis","14":"product_tag-sub-menu-tampas","15":"pa_qtd-por-caixa-1273","16":"pa_qtd-por-caixa-1281","17":"tm-no-options","19":"first","20":"instock","21":"taxable","22":"shipping-taxable","23":"purchasable","24":"product-type-variable"},"acf":[],"_links":{"self":[{"href":"https:\/\/copopalhinhas.maildx.net\/es\/wp-json\/wp\/v2\/product\/66522","targetHints":{"allow":["GET"]}}],"collection":[{"href":"https:\/\/copopalhinhas.maildx.net\/es\/wp-json\/wp\/v2\/product"}],"about":[{"href":"https:\/\/copopalhinhas.maildx.net\/es\/wp-json\/wp\/v2\/types\/product"}],"replies":[{"embeddable":true,"href":"https:\/\/copopalhinhas.maildx.net\/es\/wp-json\/wp\/v2\/comments?post=66522"}],"wp:featuredmedia":[{"embeddable":true,"href":"https:\/\/copopalhinhas.maildx.net\/es\/wp-json\/wp\/v2\/media\/66528"}],"wp:attachment":[{"href":"https:\/\/copopalhinhas.maildx.net\/es\/wp-json\/wp\/v2\/media?parent=66522"}],"wp:term":[{"taxonomy":"product_brand","embeddable":true,"href":"https:\/\/copopalhinhas.maildx.net\/es\/wp-json\/wp\/v2\/product_brand?post=66522"},{"taxonomy":"product_cat","embeddable":true,"href":"https:\/\/copopalhinhas.maildx.net\/es\/wp-json\/wp\/v2\/product_cat?post=66522"},{"taxonomy":"product_tag","embeddable":true,"href":"https:\/\/copopalhinhas.maildx.net\/es\/wp-json\/wp\/v2\/product_tag?post=66522"}],"curies":[{"name":"wp","href":"https:\/\/api.w.org\/{rel}","templated":true}]}}