{"id":66532,"date":"2025-04-04T15:36:18","date_gmt":"2025-04-04T14:36:18","guid":{"rendered":"https:\/\/copopalhinhas.maildx.net\/?post_type=product&#038;p=66532"},"modified":"2025-10-12T19:19:12","modified_gmt":"2025-10-12T18:19:12","slug":"taca-copo-em-pp-com-tampa-rasa-23cl-230ml-para-sobremesas","status":"publish","type":"product","link":"https:\/\/copopalhinhas.maildx.net\/es\/producto\/taca-copo-em-pp-com-tampa-rasa-23cl-230ml-para-sobremesas\/","title":{"rendered":"RECIPIENTE DE PP REUTILIZABLE CON TAPA POCA PROFUNDA DE 23 CL (230 ML) PARA POSTRES"},"content":{"rendered":"<h4>Ta\u00e7a Reutiliz\u00e1vel em PP com Tampa Rasa 23cl (230ml) \u2013 Perfeita para Sobremesas<\/h4>\n<p>A Ta\u00e7a Reutiliz\u00e1vel em PP com Tampa Rasa 23cl (230ml) \u00e9 a escolha ideal para servir sobremesas de forma pr\u00e1tica, higi\u00e9nica e segura. Fabricada em polipropileno (PP) de alta qualidade, esta ta\u00e7a \u00e9 resistente, leve e adequada para armazenar doces como mousses, gelatinas, iogurtes, saladas de frutas e muito mais.<\/p>\n<h4>M\u00e1xima Prote\u00e7\u00e3o e Conveni\u00eancia<\/h4>\n<p>A tampa rasa permite um fecho seguro, mantendo as sobremesas frescas e protegidas contra derrames. Al\u00e9m disso, o material transparente valoriza a apresenta\u00e7\u00e3o dos alimentos, tornando-a ideal para vitrinas de pastelarias, caf\u00e9s, restaurantes e servi\u00e7os de take-away.<\/p>\n<h4>Principales ventajas:<\/h4>\n<ul>\n<li>Material resistente e seguro: Feito em PP reutiliz\u00e1vel.<\/li>\n<li>Capacidade de 23cl (230ml): Perfeito para por\u00e7\u00f5es individuais.<\/li>\n<li>Tampa ajustada: Evita derrames e mant\u00e9m a frescura. Bom Encaixe\/Veda\u00e7\u00e3o na Tampa.<\/li>\n<li>Transpar\u00eancia: Destaca a apresenta\u00e7\u00e3o dos alimentos.<\/li>\n<li>Ideal para take-away e delivery: Transporte eficiente e higi\u00e9nico.<\/li>\n<li>Suporte Temperaturas: -40\u00baC a +100\u00baC<\/li>\n<li>Apto para m\u00e1quina de lavar lou\u00e7a.<\/li>\n<li>Recicl\u00e1vel: Ecoponto Amarelo.<\/li>\n<\/ul>\n<p>Escolhe a Ta\u00e7a Reutiliz\u00e1vel em PP com Tampa Rasa 23cl (230ml) e garante um servi\u00e7o pr\u00e1tico e profissional para os teus clientes. Perfeita para neg\u00f3cios que valorizam qualidade e efici\u00eancia!<\/p>\n<p>Descubre m\u00e1s opciones <a href=\"https:\/\/copopalhinhas.maildx.net\/es\/?s=sobremesas&amp;post_type=product\">embalaje<\/a> para postres.<\/p>\n<p><img decoding=\"async\" src=\"https:\/\/copopalhinhas.maildx.net\/wp-content\/uploads\/Icon_DESCARTAVEL.png\" alt=\"\" width=\"30\" height=\"30\" \/> <strong>Desechable<\/strong><\/p>\n<p><img decoding=\"async\" src=\"https:\/\/copopalhinhas.maildx.net\/wp-content\/uploads\/Icons_alimentos.png\" alt=\"\" width=\"30\" height=\"30\" \/> <strong>Alimento<\/strong>: Apto para consumo alimentario.<\/p>\n<p><img decoding=\"async\" src=\"https:\/\/copopalhinhas.maildx.net\/wp-content\/uploads\/Icon_reciclaveis.png\" alt=\"\" width=\"30\" height=\"30\" \/> <strong>Reciclables<\/strong>:Productos que pueden reciclarse o utilizarse para la recuperaci\u00f3n de energ\u00eda.<\/p>","protected":false},"excerpt":{"rendered":"<p>A Ta\u00e7a Reutiliz\u00e1vel\u00a0 em PP com Tampa Rasa 23cl (230ml) \u00e9 a escolha ideal para servir sobremesas de forma pr\u00e1tica, higi\u00e9nica e segura. Fabricada em polipropileno (PP) de alta qualidade, esta ta\u00e7a \u00e9 reutiliz\u00e1vel, resistente, leve e adequada para armazenar doces como mousses, gelatinas, iogurtes, saladas de frutas e muito mais. Apto para m\u00e1quina de lavar lou\u00e7a.<\/p>\n<p><img decoding=\"async\" src=\"https:\/\/copopalhinhas.maildx.net\/wp-content\/uploads\/Icons_alimentos.png\" alt=\"\" width=\"30\" height=\"30\" \/> <img decoding=\"async\" src=\"https:\/\/copopalhinhas.maildx.net\/wp-content\/uploads\/Icon_DESCARTAVEL.png\" alt=\"\" width=\"30\" height=\"30\" \/> <img decoding=\"async\" src=\"https:\/\/copopalhinhas.maildx.net\/wp-content\/uploads\/Icon_reciclaveis.png\" alt=\"\" width=\"30\" height=\"30\" \/><\/p>","protected":false},"featured_media":66815,"comment_status":"open","ping_status":"closed","template":"","meta":{"_acf_changed":false},"product_brand":[],"product_cat":[1718,2004,2249,1515,1511,1432,1499,1397],"product_tag":[1586,1568],"class_list":{"0":"post-66532","1":"product","2":"type-product","3":"status-publish","4":"has-post-thumbnail","6":"product_cat-transparente","7":"product_cat-embalagens-reutilizaveis","8":"product_cat-take-away","9":"product_cat-21-30cl","10":"product_cat-reutilizaveis-caracteristica","11":"product_cat-materia-prima-pp","12":"product_cat-sobremesa","13":"product_cat-embalagens","14":"product_tag-sub-menu-embalagens-reutilizaveis","15":"product_tag-menu-reutilizaveis","16":"pa_qtd-por-caixa-281","17":"pa_qtd-por-caixa-1319","18":"tm-no-options","20":"first","21":"instock","22":"taxable","23":"shipping-taxable","24":"purchasable","25":"product-type-variable"},"acf":[],"_links":{"self":[{"href":"https:\/\/copopalhinhas.maildx.net\/es\/wp-json\/wp\/v2\/product\/66532","targetHints":{"allow":["GET"]}}],"collection":[{"href":"https:\/\/copopalhinhas.maildx.net\/es\/wp-json\/wp\/v2\/product"}],"about":[{"href":"https:\/\/copopalhinhas.maildx.net\/es\/wp-json\/wp\/v2\/types\/product"}],"replies":[{"embeddable":true,"href":"https:\/\/copopalhinhas.maildx.net\/es\/wp-json\/wp\/v2\/comments?post=66532"}],"wp:featuredmedia":[{"embeddable":true,"href":"https:\/\/copopalhinhas.maildx.net\/es\/wp-json\/wp\/v2\/media\/66815"}],"wp:attachment":[{"href":"https:\/\/copopalhinhas.maildx.net\/es\/wp-json\/wp\/v2\/media?parent=66532"}],"wp:term":[{"taxonomy":"product_brand","embeddable":true,"href":"https:\/\/copopalhinhas.maildx.net\/es\/wp-json\/wp\/v2\/product_brand?post=66532"},{"taxonomy":"product_cat","embeddable":true,"href":"https:\/\/copopalhinhas.maildx.net\/es\/wp-json\/wp\/v2\/product_cat?post=66532"},{"taxonomy":"product_tag","embeddable":true,"href":"https:\/\/copopalhinhas.maildx.net\/es\/wp-json\/wp\/v2\/product_tag?post=66532"}],"curies":[{"name":"wp","href":"https:\/\/api.w.org\/{rel}","templated":true}]}}