{"id":66830,"date":"2025-04-07T11:56:27","date_gmt":"2025-04-07T10:56:27","guid":{"rendered":"https:\/\/copopalhinhas.maildx.net\/?post_type=product&#038;p=66830"},"modified":"2025-11-22T00:23:41","modified_gmt":"2025-11-22T00:23:41","slug":"faca-plus-reuse-em-pp-reutilizavel-175cm-transparente","status":"publish","type":"product","link":"https:\/\/copopalhinhas.maildx.net\/es\/producto\/faca-plus-reuse-em-pp-reutilizavel-175cm-transparente\/","title":{"rendered":"CUCHILLO REUTILIZABLE PLUS EN PP REUTILIZABLE 17,5CM TRANSPARENTE"},"content":{"rendered":"<h4>Faca Plus Reuse em PP Reutiliz\u00e1vel 17,5cm Transparente &#8211; Sustentabilidade e Qualidade ao Seu Alcance<\/h4>\n<p>Descubra a Faca Plus Reuse em PP Reutiliz\u00e1vel de 17,5 cm, a solu\u00e7\u00e3o perfeita para quem procura praticidade, resist\u00eancia e respeito pelo meio ambiente. Ideal para utilizar em eventos, refei\u00e7\u00f5es ao ar livre ou para o dia-a-dia, esta faca transparente \u00e9 fabricado em polipropileno (PP), um material dur\u00e1vel, seguro e totalmente reutiliz\u00e1vel, garantindo uma utiliza\u00e7\u00e3o prolongada sem comprometer a sua qualidade.<\/p>\n<h4>Caracter\u00edsticas:<\/h4>\n<ul>\n<li>Material de Alta Calidad: Fabricado en polipropileno (PP), un material ligero y resistente que asegura una excelente durabilidad y f\u00e1cil mantenimiento.<\/li>\n<li>Reutiliz\u00e1vel: Contribua para a redu\u00e7\u00e3o de desperd\u00edcio, optando por esta faca ecol\u00f3gico que pode ser lavado e reutilizado v\u00e1rias vezes.<\/li>\n<li>Design Pr\u00e1tico: Com 17,5 cm de comprimento, a faca oferece um tamanho ideal para maior conforto durante o uso.<\/li>\n<li>Transparente y Elegante: Su dise\u00f1o simple y elegante combina f\u00e1cilmente con cualquier tipo de vajilla, lo que lo hace perfecto para ocasiones formales o informales.<\/li>\n<li>Eco-friendly: Ao escolher esta faca, est\u00e1 a optar por um produto sustent\u00e1vel que ajuda a minimizar o impacto ambiental.<\/li>\n<\/ul>\n<h4>Beneficios:<\/h4>\n<ul>\n<li>Reduce tu consumo de utensilios desechables y contribuye a un planeta m\u00e1s verde.<\/li>\n<li>Ideal para fiestas, picnics y eventos donde la comodidad y la sostenibilidad son esenciales.<\/li>\n<li>F\u00e1cil de limpiar, se puede lavar a mano o en lavavajillas.<\/li>\n<\/ul>\n<p>Aposte na Faca Plus Reuse em PP Reutiliz\u00e1vel 17,5cm Transparente para uma op\u00e7\u00e3o econ\u00f3mica e ecol\u00f3gica. Compre j\u00e1 na Copopalhinhas e leve para casa a melhor solu\u00e7\u00e3o para um estilo de vida mais sustent\u00e1vel!<\/p>\n<p><img decoding=\"async\" src=\"https:\/\/copopalhinhas.maildx.net\/wp-content\/uploads\/Icons_alimentos.png\" alt=\"\" width=\"30\" height=\"30\" \/>\u00a0<strong>Alimento<\/strong>: Apto para consumo alimentario.<\/p>\n<p><img decoding=\"async\" src=\"https:\/\/copopalhinhas.maildx.net\/wp-content\/uploads\/Icon_reciclaveis.png\" alt=\"\" width=\"30\" height=\"30\" \/>\u00a0<strong>Reciclables<\/strong>:Productos que pueden reciclarse o utilizarse para la recuperaci\u00f3n de energ\u00eda.<\/p>","protected":false},"excerpt":{"rendered":"<p>Descubra a Faca Plus Reuse em PP Reutiliz\u00e1vel de 17,5 cm, a solu\u00e7\u00e3o perfeita para quem procura praticidade, resist\u00eancia e respeito pelo meio ambiente. Ideal para utilizar em eventos, refei\u00e7\u00f5es ao ar livre ou para o dia-a-dia, esta faca transparente \u00e9 fabricado em polipropileno (PP), um material dur\u00e1vel, seguro e totalmente reutiliz\u00e1vel, garantindo uma utiliza\u00e7\u00e3o prolongada sem comprometer a sua qualidade.<\/p>","protected":false},"featured_media":66855,"comment_status":"open","ping_status":"closed","template":"","meta":{"_acf_changed":false},"product_brand":[],"product_cat":[2005,2076,1718,1399,1511,1432,1648,1473,227],"product_tag":[1568,1587],"class_list":{"0":"post-66830","1":"product","2":"type-product","3":"status-publish","4":"has-post-thumbnail","6":"product_cat-talheres-reutilizaveis","7":"product_cat-pp","8":"product_cat-transparente","9":"product_cat-avulso","10":"product_cat-reutilizaveis-caracteristica","11":"product_cat-materia-prima-pp","12":"product_cat-175cm","13":"product_cat-faca","14":"product_cat-talheres","15":"product_tag-menu-reutilizaveis","16":"product_tag-sub-menu-talheres-reutilizaveis","17":"pa_qtd-por-caixa-1308","18":"pa_qtd-por-caixa-1288","19":"tm-no-options","21":"first","22":"instock","23":"taxable","24":"shipping-taxable","25":"purchasable","26":"product-type-variable"},"acf":[],"_links":{"self":[{"href":"https:\/\/copopalhinhas.maildx.net\/es\/wp-json\/wp\/v2\/product\/66830","targetHints":{"allow":["GET"]}}],"collection":[{"href":"https:\/\/copopalhinhas.maildx.net\/es\/wp-json\/wp\/v2\/product"}],"about":[{"href":"https:\/\/copopalhinhas.maildx.net\/es\/wp-json\/wp\/v2\/types\/product"}],"replies":[{"embeddable":true,"href":"https:\/\/copopalhinhas.maildx.net\/es\/wp-json\/wp\/v2\/comments?post=66830"}],"wp:featuredmedia":[{"embeddable":true,"href":"https:\/\/copopalhinhas.maildx.net\/es\/wp-json\/wp\/v2\/media\/66855"}],"wp:attachment":[{"href":"https:\/\/copopalhinhas.maildx.net\/es\/wp-json\/wp\/v2\/media?parent=66830"}],"wp:term":[{"taxonomy":"product_brand","embeddable":true,"href":"https:\/\/copopalhinhas.maildx.net\/es\/wp-json\/wp\/v2\/product_brand?post=66830"},{"taxonomy":"product_cat","embeddable":true,"href":"https:\/\/copopalhinhas.maildx.net\/es\/wp-json\/wp\/v2\/product_cat?post=66830"},{"taxonomy":"product_tag","embeddable":true,"href":"https:\/\/copopalhinhas.maildx.net\/es\/wp-json\/wp\/v2\/product_tag?post=66830"}],"curies":[{"name":"wp","href":"https:\/\/api.w.org\/{rel}","templated":true}]}}