{"id":66861,"date":"2025-04-07T15:02:05","date_gmt":"2025-04-07T14:02:05","guid":{"rendered":"https:\/\/copopalhinhas.maildx.net\/?post_type=product&#038;p=66861"},"modified":"2025-11-22T00:23:42","modified_gmt":"2025-11-22T00:23:42","slug":"colher-plus-reuse-em-pp-reutilizavel-175cm-transparente","status":"publish","type":"product","link":"https:\/\/copopalhinhas.maildx.net\/es\/producto\/colher-plus-reuse-em-pp-reutilizavel-175cm-transparente\/","title":{"rendered":"CUCHARA REUTILIZABLE PLUS EN PP REUTILIZABLE 17,5CM TRANSPARENTE"},"content":{"rendered":"<h4>Cuchara Reutilizable Plus en PP Reutilizable 17,5cm Transparente \u2013 Sostenibilidad y Calidad a tu Alcance<\/h4>\n<p>Descubra la cuchara reutilizable de PP Plus Reuse de 17,5 cm, la soluci\u00f3n perfecta para quienes buscan practicidad, durabilidad y respeto al medio ambiente. Ideal para eventos, comidas al aire libre o para el d\u00eda a d\u00eda, esta cuchara transparente est\u00e1 hecha de polipropileno (PP), un material duradero, seguro y totalmente reutilizable, que garantiza un uso duradero sin comprometer la calidad.<\/p>\n<h4>Caracter\u00edsticas:<\/h4>\n<ul>\n<li>Material de Alta Calidad: Fabricado en polipropileno (PP), un material ligero y resistente que asegura una excelente durabilidad y f\u00e1cil mantenimiento.<\/li>\n<li>Reutilizable: ayude a reducir el desperdicio eligiendo esta cuchara ecol\u00f3gica que se puede lavar y reutilizar varias veces.<\/li>\n<li>Dise\u00f1o pr\u00e1ctico: Con 17,5 cm de largo, la cuchara ofrece un tama\u00f1o ideal para una mayor comodidad durante su uso.<\/li>\n<li>Transparente y Elegante: Su dise\u00f1o simple y elegante combina f\u00e1cilmente con cualquier tipo de vajilla, lo que lo hace perfecto para ocasiones formales o informales.<\/li>\n<li>Ecol\u00f3gico: al elegir esta cuchara, est\u00e1s eligiendo un producto sustentable que ayuda a minimizar el impacto ambiental.<\/li>\n<\/ul>\n<h4>Beneficios:<\/h4>\n<ul>\n<li>Reduce tu consumo de utensilios desechables y contribuye a un planeta m\u00e1s verde.<\/li>\n<li>Ideal para fiestas, picnics y eventos donde la comodidad y la sostenibilidad son esenciales.<\/li>\n<li>F\u00e1cil de limpiar, se puede lavar a mano o en lavavajillas.<\/li>\n<\/ul>\n<p>Elige la Cuchara Reutilizable Plus en PP Reutilizable Transparente de 17,5 cm: una opci\u00f3n econ\u00f3mica y ecol\u00f3gica. \u00a1C\u00f3mprala ya en Copopalhinhas y ll\u00e9vate a casa la mejor soluci\u00f3n para un estilo de vida m\u00e1s sostenible!<\/p>\n<p><img decoding=\"async\" src=\"https:\/\/copopalhinhas.maildx.net\/wp-content\/uploads\/Icons_alimentos.png\" alt=\"\" width=\"30\" height=\"30\" \/>\u00a0<strong>Alimento<\/strong>: Apto para consumo alimentario.<\/p>\n<p><img decoding=\"async\" src=\"https:\/\/copopalhinhas.maildx.net\/wp-content\/uploads\/Icon_reciclaveis.png\" alt=\"\" width=\"30\" height=\"30\" \/>\u00a0<strong>Reciclables<\/strong>:Productos que pueden reciclarse o utilizarse para la recuperaci\u00f3n de energ\u00eda.<\/p>","protected":false},"excerpt":{"rendered":"<p>Descubra la cuchara reutilizable de PP Plus Reuse de 17,5 cm, la soluci\u00f3n perfecta para quienes buscan practicidad, durabilidad y respeto al medio ambiente. Ideal para eventos, comidas al aire libre o para el d\u00eda a d\u00eda, esta cuchara transparente est\u00e1 hecha de polipropileno (PP), un material duradero, seguro y totalmente reutilizable, que garantiza un uso duradero sin comprometer la calidad.<\/p>","protected":false},"featured_media":66865,"comment_status":"open","ping_status":"closed","template":"","meta":{"_acf_changed":false},"product_brand":[],"product_cat":[2005,2076,1718,1399,1511,1432,1648,1794,1498,227],"product_tag":[1568,1587],"class_list":{"0":"post-66861","1":"product","2":"type-product","3":"status-publish","4":"has-post-thumbnail","6":"product_cat-talheres-reutilizaveis","7":"product_cat-pp","8":"product_cat-transparente","9":"product_cat-avulso","10":"product_cat-reutilizaveis-caracteristica","11":"product_cat-materia-prima-pp","12":"product_cat-175cm","13":"product_cat-colher","14":"product_cat-sopa","15":"product_cat-talheres","16":"product_tag-menu-reutilizaveis","17":"product_tag-sub-menu-talheres-reutilizaveis","18":"pa_qtd-por-caixa-1308","19":"pa_qtd-por-caixa-1288","20":"tm-no-options","22":"first","23":"instock","24":"taxable","25":"shipping-taxable","26":"purchasable","27":"product-type-variable"},"acf":[],"_links":{"self":[{"href":"https:\/\/copopalhinhas.maildx.net\/es\/wp-json\/wp\/v2\/product\/66861","targetHints":{"allow":["GET"]}}],"collection":[{"href":"https:\/\/copopalhinhas.maildx.net\/es\/wp-json\/wp\/v2\/product"}],"about":[{"href":"https:\/\/copopalhinhas.maildx.net\/es\/wp-json\/wp\/v2\/types\/product"}],"replies":[{"embeddable":true,"href":"https:\/\/copopalhinhas.maildx.net\/es\/wp-json\/wp\/v2\/comments?post=66861"}],"wp:featuredmedia":[{"embeddable":true,"href":"https:\/\/copopalhinhas.maildx.net\/es\/wp-json\/wp\/v2\/media\/66865"}],"wp:attachment":[{"href":"https:\/\/copopalhinhas.maildx.net\/es\/wp-json\/wp\/v2\/media?parent=66861"}],"wp:term":[{"taxonomy":"product_brand","embeddable":true,"href":"https:\/\/copopalhinhas.maildx.net\/es\/wp-json\/wp\/v2\/product_brand?post=66861"},{"taxonomy":"product_cat","embeddable":true,"href":"https:\/\/copopalhinhas.maildx.net\/es\/wp-json\/wp\/v2\/product_cat?post=66861"},{"taxonomy":"product_tag","embeddable":true,"href":"https:\/\/copopalhinhas.maildx.net\/es\/wp-json\/wp\/v2\/product_tag?post=66861"}],"curies":[{"name":"wp","href":"https:\/\/api.w.org\/{rel}","templated":true}]}}