{"id":66884,"date":"2025-04-07T17:05:17","date_gmt":"2025-04-07T16:05:17","guid":{"rendered":"https:\/\/copopalhinhas.maildx.net\/?post_type=product&#038;p=66884"},"modified":"2025-11-22T00:23:41","modified_gmt":"2025-11-22T00:23:41","slug":"colher-de-gelado-reuse-em-pp-reutilizavel-95cm-transparente","status":"publish","type":"product","link":"https:\/\/copopalhinhas.maildx.net\/es\/producto\/colher-de-gelado-reuse-em-pp-reutilizavel-95cm-transparente\/","title":{"rendered":"BOLA DE HELADO REUTILIZABLE EN PP REUTILIZABLE 9.5CM TRANSPARENTE"},"content":{"rendered":"<h4>Colher de Gelado Reuse em PP Reutiliz\u00e1vel 9,5cm Transparente &#8211; A Praticidade e Sustentabilidade ao Servir o Seu Gelado<\/h4>\n<p>A Colher de Gelado Reuse em PP Reutiliz\u00e1vel de 9,5 cm \u00e9 a escolha perfeita para quem procura uma alternativa pr\u00e1tica, resistente e amiga do ambiente para desfrutar dos seus gelados preferidos. Feita em polipropileno (PP) de alta qualidade, esta colher transparente \u00e9 ideal para ser utilizada repetidamente, proporcionando uma solu\u00e7\u00e3o ecol\u00f3gica e funcional para o seu dia a dia.<\/p>\n<h4>Caracter\u00edsticas:<\/h4>\n<ul>\n<li>Material Dur\u00e1vel: Fabricada em polipropileno (PP), a colher \u00e9 robusta, f\u00e1cil de limpar e pode ser reutilizada in\u00fameras vezes, sendo uma op\u00e7\u00e3o amiga do ambiente.<\/li>\n<li>Tamanho Ideal: Com 9,5 cm de comprimento, oferece um formato perfeito para saborear gelados, sorvetes e outras sobremesas congeladas com conforto.<\/li>\n<li>Design Transparente e Elegante: O design simples e transparente combina facilmente com qualquer tipo de ambiente, sendo ideal para festas, piqueniques ou at\u00e9 mesmo para uso di\u00e1rio em casa.<\/li>\n<li>Reutiliz\u00e1vel: Diga adeus aos utens\u00edlios descart\u00e1veis e opte por uma op\u00e7\u00e3o ecol\u00f3gica que contribui para a redu\u00e7\u00e3o do desperd\u00edcio de pl\u00e1sticos.<\/li>\n<\/ul>\n<h4>Beneficios:<\/h4>\n<ul>\n<li>Reduce tu impacto ambiental eligiendo una cuchara reutilizable fabricada con materiales duraderos y f\u00e1ciles de mantener.<\/li>\n<li>Ideal para utilizar en helados, sorbetes y otros postres, garantizando una experiencia de degustaci\u00f3n m\u00e1s c\u00f3moda.<\/li>\n<li>Dise\u00f1o pr\u00e1ctico y elegante, adecuado para cualquier tipo de evento o reuni\u00f3n social.<\/li>\n<li>F\u00e1cil de lavar y se puede reutilizar en varias ocasiones sin perder calidad.<\/li>\n<\/ul>\n<p>La sostenibilidad a tu alcance.<br \/>\nA Colher de Gelado Reuse em PP Reutiliz\u00e1vel de 9,5 cm \u00e9 a escolha ideal para quem procura uma alternativa ecol\u00f3gica, pr\u00e1tica e resistente aos utens\u00edlios descart\u00e1veis. Aposte na sustentabilidade e adicione um toque de sofistica\u00e7\u00e3o e funcionalidade \u00e0s suas sobremesas.<\/p>\n<p><img decoding=\"async\" src=\"https:\/\/copopalhinhas.maildx.net\/wp-content\/uploads\/Icons_alimentos.png\" alt=\"\" width=\"30\" height=\"30\" \/>\u00a0<strong>Alimento<\/strong>: Apto para consumo alimentario.<\/p>\n<p><img decoding=\"async\" src=\"https:\/\/copopalhinhas.maildx.net\/wp-content\/uploads\/Icon_reciclaveis.png\" alt=\"\" width=\"30\" height=\"30\" \/>\u00a0<strong>Reciclables<\/strong>:Productos que pueden reciclarse o utilizarse para la recuperaci\u00f3n de energ\u00eda.<\/p>","protected":false},"excerpt":{"rendered":"<p>A Colher de Gelado Reuse em PP Reutiliz\u00e1vel de 9,5 cm \u00e9 a escolha perfeita para quem procura uma alternativa pr\u00e1tica, resistente e amiga do ambiente para desfrutar dos seus gelados preferidos. Feita em polipropileno (PP) de alta qualidade, esta colher transparente \u00e9 ideal para ser reutilizada.<\/p>\n<h4>Artigo vendido ao kilo:<\/h4>\n<ul>\n<li>Sacos de 1kg (aprox. 500 unidades)<\/li>\n<li>Caixa completa 5kg ( 5 sacos x 1kg )<\/li>\n<\/ul>","protected":false},"featured_media":66912,"comment_status":"open","ping_status":"closed","template":"","meta":{"_acf_changed":false},"product_brand":[],"product_cat":[2005,2086,2076,1718,1399,1511,1432,1794,1499,227],"product_tag":[1568,1587],"class_list":{"0":"post-66884","1":"product","2":"type-product","3":"status-publish","4":"has-post-thumbnail","6":"product_cat-talheres-reutilizaveis","7":"product_cat-gelados","8":"product_cat-pp","9":"product_cat-transparente","10":"product_cat-avulso","11":"product_cat-reutilizaveis-caracteristica","12":"product_cat-materia-prima-pp","13":"product_cat-colher","14":"product_cat-sobremesa","15":"product_cat-talheres","16":"product_tag-menu-reutilizaveis","17":"product_tag-sub-menu-talheres-reutilizaveis","18":"pa_qtd-por-caixa-297","19":"pa_qtd-por-caixa-1638","20":"tm-no-options","22":"first","23":"instock","24":"taxable","25":"shipping-taxable","26":"purchasable","27":"product-type-variable"},"acf":[],"_links":{"self":[{"href":"https:\/\/copopalhinhas.maildx.net\/es\/wp-json\/wp\/v2\/product\/66884","targetHints":{"allow":["GET"]}}],"collection":[{"href":"https:\/\/copopalhinhas.maildx.net\/es\/wp-json\/wp\/v2\/product"}],"about":[{"href":"https:\/\/copopalhinhas.maildx.net\/es\/wp-json\/wp\/v2\/types\/product"}],"replies":[{"embeddable":true,"href":"https:\/\/copopalhinhas.maildx.net\/es\/wp-json\/wp\/v2\/comments?post=66884"}],"wp:featuredmedia":[{"embeddable":true,"href":"https:\/\/copopalhinhas.maildx.net\/es\/wp-json\/wp\/v2\/media\/66912"}],"wp:attachment":[{"href":"https:\/\/copopalhinhas.maildx.net\/es\/wp-json\/wp\/v2\/media?parent=66884"}],"wp:term":[{"taxonomy":"product_brand","embeddable":true,"href":"https:\/\/copopalhinhas.maildx.net\/es\/wp-json\/wp\/v2\/product_brand?post=66884"},{"taxonomy":"product_cat","embeddable":true,"href":"https:\/\/copopalhinhas.maildx.net\/es\/wp-json\/wp\/v2\/product_cat?post=66884"},{"taxonomy":"product_tag","embeddable":true,"href":"https:\/\/copopalhinhas.maildx.net\/es\/wp-json\/wp\/v2\/product_tag?post=66884"}],"curies":[{"name":"wp","href":"https:\/\/api.w.org\/{rel}","templated":true}]}}