{"id":66917,"date":"2025-04-08T10:15:38","date_gmt":"2025-04-08T09:15:38","guid":{"rendered":"https:\/\/copopalhinhas.maildx.net\/?post_type=product&#038;p=66917"},"modified":"2025-10-21T12:30:40","modified_gmt":"2025-10-21T11:30:40","slug":"embalagem-para-molho-em-kraft-com-tampa-rpet-3cl-30ml-1oz","status":"publish","type":"product","link":"https:\/\/copopalhinhas.maildx.net\/es\/producto\/embalagem-para-molho-em-kraft-com-tampa-rpet-3cl-30ml-1oz\/","title":{"rendered":"ENVASE DE SALSA KRAFT CON TAPA PET 3CL (30ML\/1OZ)"},"content":{"rendered":"<h4>Embalagem para Molho em Kraft com Tampa rPET 3cl (30ml\/1oz) &#8211; A Solu\u00e7\u00e3o Ecol\u00f3gica e Pr\u00e1tica para os Seus Molhos<\/h4>\n<p>A Embalagem para Molho em Kraft com Tampa rPET 3cl (30ml\/1oz) \u00e9 a escolha perfeita para quem procura uma solu\u00e7\u00e3o pr\u00e1tica, sustent\u00e1vel e de alta qualidade para acondicionar e transportar os seus molhos, vinagretas ou qualquer outro condimento. Com um design moderno e ecol\u00f3gico, esta embalagem oferece o equil\u00edbrio perfeito entre funcionalidade e respeito pelo meio ambiente, tornando-a a op\u00e7\u00e3o ideal para estabelecimentos de restaura\u00e7\u00e3o ou para o uso di\u00e1rio.<\/p>\n<h4>Caracter\u00edsticas:<\/h4>\n<ul>\n<li>Capacidade Ideal: Com 3cl (30ml\/1oz), esta embalagem \u00e9 perfeita para servir por\u00e7\u00f5es individuais de molho ou condimentos, sem desperd\u00edcio.<\/li>\n<li>Material Ecol\u00f3gico: Fabricada em Kraft, um material resistente e biodegrad\u00e1vel, e com tampa em rPET (material reciclado), contribui para a redu\u00e7\u00e3o de res\u00edduos pl\u00e1sticos e promove a sustentabilidade.<\/li>\n<li>Tampa Pr\u00e1tica e Segura: A tampa em rPET proporciona um fechamento seguro, mantendo o conte\u00fado fresco e evitando derrames ou contamina\u00e7\u00e3o.<\/li>\n<li>Design Funcional: O design compacto e elegante permite um armazenamento eficiente e facilita o transporte de molhos, sendo uma excelente op\u00e7\u00e3o para take-away ou delivery.<\/li>\n<li>Sustentabilidade: Feita a partir de materiais reciclados, esta embalagem \u00e9 a escolha ideal para quem procura alternativas ecol\u00f3gicas e conscientes para reduzir o impacto ambiental.<\/li>\n<\/ul>\n<h4>Beneficios:<\/h4>\n<ul>\n<li>Ideal para servir molhos, vinagretas ou outros condimentos em por\u00e7\u00f5es controladas e sem desperd\u00edcio.<\/li>\n<li>Pr\u00e1tica e segura para transporte de alimentos, garantindo que o molho chega ao seu destino intacto.<\/li>\n<li>Contribui para a redu\u00e7\u00e3o do uso de pl\u00e1sticos descart\u00e1veis, ao ser fabricada em Kraft e rPET.<\/li>\n<li>F\u00e1cil de utilizar e de armazenar, ideal para restaurantes, eventos ou at\u00e9 para uso em casa.<\/li>\n<\/ul>\n<h4>Solu\u00e7\u00f5es Sustent\u00e1veis e Pr\u00e1ticas para o Seu Neg\u00f3cio.<\/h4>\n<p>Seja para uma refei\u00e7\u00e3o em casa ou um restaurante, a Embalagem para Molho em Kraft com Tampa rPET de 3cl (30ml\/1oz) oferece a versatilidade e a sustentabilidade de que precisa para embalar e transportar os seus molhos e condimentos de forma segura e ecol\u00f3gica.<\/p>\n<p>Descubra m\u00e1s <a href=\"https:\/\/copopalhinhas.maildx.net\/es\/categorias\/embalagens-descartaveis\/\">embalaje<\/a>.<\/p>\n<p><img decoding=\"async\" src=\"https:\/\/copopalhinhas.maildx.net\/wp-content\/uploads\/Icon_DESCARTAVEL.png\" alt=\"\" width=\"30\" height=\"30\" \/> <strong>Desechable<\/strong><\/p>\n<p><img decoding=\"async\" src=\"https:\/\/copopalhinhas.maildx.net\/wp-content\/uploads\/Icons_alimentos.png\" alt=\"\" width=\"30\" height=\"30\" \/> <strong>Alimento<\/strong>: Apto para consumo alimentario.<\/p>\n<p><img decoding=\"async\" src=\"https:\/\/copopalhinhas.maildx.net\/wp-content\/uploads\/Icon_reciclaveis.png\" alt=\"\" width=\"30\" height=\"30\" \/> <strong>Reciclables<\/strong>:Productos que pueden reciclarse o utilizarse para la recuperaci\u00f3n de energ\u00eda.<\/p>","protected":false},"excerpt":{"rendered":"<p>A Embalagem para Molho em Kraft com Tampa rPET 3cl (30ml\/1oz) \u00e9 a escolha perfeita para quem procura uma solu\u00e7\u00e3o pr\u00e1tica, sustent\u00e1vel e de alta qualidade para acondicionar e transportar os seus molhos, vinagretas ou qualquer outro condimento.<\/p>\n<p><img decoding=\"async\" src=\"https:\/\/copopalhinhas.maildx.net\/wp-content\/uploads\/Icons_alimentos.png\" alt=\"\" width=\"30\" height=\"30\" \/> <img decoding=\"async\" src=\"https:\/\/copopalhinhas.maildx.net\/wp-content\/uploads\/Icon_DESCARTAVEL.png\" alt=\"\" width=\"30\" height=\"30\" \/> <img decoding=\"async\" src=\"https:\/\/copopalhinhas.maildx.net\/wp-content\/uploads\/Icon_reciclaveis.png\" alt=\"\" width=\"30\" height=\"30\" \/><\/p>","protected":false},"featured_media":66932,"comment_status":"open","ping_status":"closed","template":"","meta":{"_acf_changed":false},"product_brand":[],"product_cat":[2010,2249,1725,1451,1512,1508,1496,1426,1397],"product_tag":[1569,1604],"class_list":{"0":"post-66917","1":"product","2":"type-product","3":"status-publish","4":"has-post-thumbnail","6":"product_cat-embalagens-descartaveis","7":"product_cat-take-away","8":"product_cat-castanho","9":"product_cat-0-5cl","10":"product_cat-descartavel","11":"product_cat-kraft","12":"product_cat-molho","13":"product_cat-embalagens-potes","14":"product_cat-embalagens","15":"product_tag-menu-descartaveis","16":"product_tag-sub-menu-embalagens-descartaveis","17":"pa_qtd-por-caixa-1273","18":"pa_qtd-por-caixa-1289","19":"tm-no-options","21":"first","22":"instock","23":"taxable","24":"shipping-taxable","25":"purchasable","26":"product-type-variable"},"acf":[],"_links":{"self":[{"href":"https:\/\/copopalhinhas.maildx.net\/es\/wp-json\/wp\/v2\/product\/66917","targetHints":{"allow":["GET"]}}],"collection":[{"href":"https:\/\/copopalhinhas.maildx.net\/es\/wp-json\/wp\/v2\/product"}],"about":[{"href":"https:\/\/copopalhinhas.maildx.net\/es\/wp-json\/wp\/v2\/types\/product"}],"replies":[{"embeddable":true,"href":"https:\/\/copopalhinhas.maildx.net\/es\/wp-json\/wp\/v2\/comments?post=66917"}],"wp:featuredmedia":[{"embeddable":true,"href":"https:\/\/copopalhinhas.maildx.net\/es\/wp-json\/wp\/v2\/media\/66932"}],"wp:attachment":[{"href":"https:\/\/copopalhinhas.maildx.net\/es\/wp-json\/wp\/v2\/media?parent=66917"}],"wp:term":[{"taxonomy":"product_brand","embeddable":true,"href":"https:\/\/copopalhinhas.maildx.net\/es\/wp-json\/wp\/v2\/product_brand?post=66917"},{"taxonomy":"product_cat","embeddable":true,"href":"https:\/\/copopalhinhas.maildx.net\/es\/wp-json\/wp\/v2\/product_cat?post=66917"},{"taxonomy":"product_tag","embeddable":true,"href":"https:\/\/copopalhinhas.maildx.net\/es\/wp-json\/wp\/v2\/product_tag?post=66917"}],"curies":[{"name":"wp","href":"https:\/\/api.w.org\/{rel}","templated":true}]}}