{"id":66938,"date":"2025-04-08T12:01:12","date_gmt":"2025-04-08T11:01:12","guid":{"rendered":"https:\/\/copopalhinhas.maildx.net\/?post_type=product&#038;p=66938"},"modified":"2025-10-10T11:04:55","modified_gmt":"2025-10-10T10:04:55","slug":"pote-para-molho-em-kraft-3cl-30ml-1oz","status":"publish","type":"product","link":"https:\/\/copopalhinhas.maildx.net\/es\/producto\/pote-para-molho-em-kraft-3cl-30ml-1oz\/","title":{"rendered":"Frasco de salsa Kraft de 3 cl (30 ml\/1 oz)"},"content":{"rendered":"<h4>Salsera Kraft (Taza) 3cl (30ml\/1oz): La soluci\u00f3n pr\u00e1ctica y ecol\u00f3gica para tus salsas y condimentos<\/h4>\n<p>El tarro Kraft para salsas de 3 cl (30 ml\/1 oz) es la opci\u00f3n ideal para quienes buscan un recipiente peque\u00f1o, seguro y ecol\u00f3gico para salsas, vinagretas y otros condimentos. Con una capacidad de 30 ml, este tarro es perfecto para porciones individuales, lo que lo convierte en una opci\u00f3n inteligente y sostenible para eventos o para el d\u00eda a d\u00eda.<\/p>\n<h4>Caracter\u00edsticas:<\/h4>\n<ul>\n<li>Capacidad Perfecta: Con 3cl (30ml), este frasco es ideal para servir peque\u00f1as porciones de salsa o condimentos, evitando desperdicios y ofreciendo la cantidad exacta para complementar tus comidas.<\/li>\n<li>Material ecol\u00f3gico: fabricado con Kraft, un material biodegradable y duradero, este contenedor es una opci\u00f3n ecol\u00f3gica, ideal para quienes buscan reducir el uso de pl\u00e1sticos desechables.<\/li>\n<li>Dise\u00f1o simple y funcional: El dise\u00f1o pr\u00e1ctico de la olla hace que sea f\u00e1cil de manipular, almacenar y transportar, lo que la hace perfecta para usar en restaurantes, eventos o para llevarla cuando salgas a comer fuera.<\/li>\n<li>Sostenibilidad: Elegir un frasco Kraft es una forma eficaz de ayudar a reducir el impacto ambiental, ofreciendo una alternativa ecol\u00f3gica a los frascos de pl\u00e1stico tradicionales.<\/li>\n<\/ul>\n<h4>Beneficios:<\/h4>\n<ul>\n<li>Ideal para servir salsas, vinagretas y otros condimentos en porciones individuales, manteniendo la frescura y el sabor.<\/li>\n<li>F\u00e1cil de almacenar y transportar, sin riesgo de derrames, gracias a su formato compacto.<\/li>\n<li>100% ecol\u00f3gico y biodegradable, perfecto para quienes buscan soluciones sostenibles para su negocio o para uso dom\u00e9stico.<\/li>\n<li>Vers\u00e1til y pr\u00e1ctico.<\/li>\n<\/ul>\n<h4>Apuesta por la Sostenibilidad y la Practicidad.<\/h4>\n<p>El tarro para salsa Kraft de 3 cl (30 ml\/1 oz) es la opci\u00f3n ideal para quienes desean ofrecer a sus clientes o familiares una soluci\u00f3n sencilla, funcional y ecol\u00f3gica para salsas y condimentos. Reduzca el uso de pl\u00e1sticos de un solo uso y marque la diferencia con una opci\u00f3n ecol\u00f3gica.<\/p>\n<p>Descubra m\u00e1s <a href=\"https:\/\/copopalhinhas.maildx.net\/es\/categorias\/embalagens-descartaveis\/\">embalaje<\/a>.<\/p>\n<p><img decoding=\"async\" src=\"https:\/\/copopalhinhas.maildx.net\/wp-content\/uploads\/Icon_DESCARTAVEL.png\" alt=\"\" width=\"30\" height=\"30\" \/> <strong>Desechable<\/strong><\/p>\n<p><img decoding=\"async\" src=\"https:\/\/copopalhinhas.maildx.net\/wp-content\/uploads\/Icons_alimentos.png\" alt=\"\" width=\"30\" height=\"30\" \/> <strong>Alimento<\/strong>: Apto para consumo alimentario.<\/p>\n<p><img decoding=\"async\" src=\"https:\/\/copopalhinhas.maildx.net\/wp-content\/uploads\/Icon_reciclaveis.png\" alt=\"\" width=\"30\" height=\"30\" \/> <strong>Reciclables<\/strong>:Productos que pueden reciclarse o utilizarse para la recuperaci\u00f3n de energ\u00eda.<\/p>","protected":false},"excerpt":{"rendered":"<p>El vaso para salsa Kraft de 3 cl (30 ml\/1 oz) es la opci\u00f3n ideal para quienes desean ofrecer a sus clientes o familiares una soluci\u00f3n sencilla, funcional y ecol\u00f3gica para salsas y condimentos. Tambi\u00e9n se puede usar como vaso de chupito. Reduzca el uso de pl\u00e1sticos desechables y marque la diferencia con una opci\u00f3n ecol\u00f3gica.<br \/>\n<strong><a href=\"https:\/\/copopalhinhas.maildx.net\/es\/producto\/embalagem-para-molho-em-kraft-com-tampa-rpet-3cl-30ml-1oz\/\">Vendemos este modelo con tapa. <span style=\"color: #0000ff\">Z16604+16602<\/span><\/a><\/strong><\/p>\n<p><img decoding=\"async\" src=\"https:\/\/copopalhinhas.maildx.net\/wp-content\/uploads\/Icons_alimentos.png\" alt=\"\" width=\"30\" height=\"30\" \/> <img decoding=\"async\" src=\"https:\/\/copopalhinhas.maildx.net\/wp-content\/uploads\/Icon_DESCARTAVEL.png\" alt=\"\" width=\"30\" height=\"30\" \/> <img decoding=\"async\" src=\"https:\/\/copopalhinhas.maildx.net\/wp-content\/uploads\/Icon_reciclaveis.png\" alt=\"\" width=\"30\" height=\"30\" \/><\/p>","protected":false},"featured_media":66936,"comment_status":"open","ping_status":"closed","template":"","meta":{"_acf_changed":false},"product_brand":[],"product_cat":[2010,2007,1725,1451,1512,1508,1946,1496,1446,1426],"product_tag":[1569,1702,1604],"class_list":{"0":"post-66938","1":"product","2":"type-product","3":"status-publish","4":"has-post-thumbnail","6":"product_cat-embalagens-descartaveis","7":"product_cat-copos-descartaveis","8":"product_cat-castanho","9":"product_cat-0-5cl","10":"product_cat-descartavel","11":"product_cat-kraft","12":"product_cat-copo","13":"product_cat-molho","14":"product_cat-shot","15":"product_cat-embalagens-potes","16":"product_tag-menu-descartaveis","17":"product_tag-destaque","18":"product_tag-sub-menu-embalagens-descartaveis","19":"pa_qtd-por-caixa-1273","20":"pa_qtd-por-caixa-1289","21":"tm-no-options","23":"first","24":"instock","25":"taxable","26":"shipping-taxable","27":"purchasable","28":"product-type-variable"},"acf":[],"_links":{"self":[{"href":"https:\/\/copopalhinhas.maildx.net\/es\/wp-json\/wp\/v2\/product\/66938","targetHints":{"allow":["GET"]}}],"collection":[{"href":"https:\/\/copopalhinhas.maildx.net\/es\/wp-json\/wp\/v2\/product"}],"about":[{"href":"https:\/\/copopalhinhas.maildx.net\/es\/wp-json\/wp\/v2\/types\/product"}],"replies":[{"embeddable":true,"href":"https:\/\/copopalhinhas.maildx.net\/es\/wp-json\/wp\/v2\/comments?post=66938"}],"wp:featuredmedia":[{"embeddable":true,"href":"https:\/\/copopalhinhas.maildx.net\/es\/wp-json\/wp\/v2\/media\/66936"}],"wp:attachment":[{"href":"https:\/\/copopalhinhas.maildx.net\/es\/wp-json\/wp\/v2\/media?parent=66938"}],"wp:term":[{"taxonomy":"product_brand","embeddable":true,"href":"https:\/\/copopalhinhas.maildx.net\/es\/wp-json\/wp\/v2\/product_brand?post=66938"},{"taxonomy":"product_cat","embeddable":true,"href":"https:\/\/copopalhinhas.maildx.net\/es\/wp-json\/wp\/v2\/product_cat?post=66938"},{"taxonomy":"product_tag","embeddable":true,"href":"https:\/\/copopalhinhas.maildx.net\/es\/wp-json\/wp\/v2\/product_tag?post=66938"}],"curies":[{"name":"wp","href":"https:\/\/api.w.org\/{rel}","templated":true}]}}