{"id":68155,"date":"2025-05-09T14:21:17","date_gmt":"2025-05-09T13:21:17","guid":{"rendered":"https:\/\/copopalhinhas.maildx.net\/?post_type=product&#038;p=68155"},"modified":"2025-09-24T23:40:56","modified_gmt":"2025-09-24T22:40:56","slug":"taca-copo-pp-com-tampa-oval-sem-furo-50cl-500ml","status":"publish","type":"product","link":"https:\/\/copopalhinhas.maildx.net\/es\/producto\/taca-copo-pp-com-tampa-oval-sem-furo-50cl-500ml\/","title":{"rendered":"Vaso\/Cuenco PP con tapa ovalada de PET sin orificio 50 cl (500 ml)"},"content":{"rendered":"<p>Vaso PP \/ Vaso con tapa ovalada PET sin agujero 50cl para una soluci\u00f3n pr\u00e1ctica, vers\u00e1til y respetuosa con el medio ambiente para servir tus bebidas y comidas con estilo y responsabilidad.<\/p>\n<ul>\n<li>Material Sostenible: Vaso fabricado en PP reutilizable, contribuyendo a la reducci\u00f3n de residuos y promoviendo una econom\u00eda circular.<\/li>\n<li>Capacidad ideal: Con una capacidad \u00fatil de 50cl, es perfecto para porciones individuales de bebidas, postres o snacks r\u00e1pidos.<\/li>\n<li>Transparente: La transparencia permite una presentaci\u00f3n visualmente atractiva de alimentos y bebidas, realzando el contenido.<\/li>\n<li>Vers\u00e1til: adecuado para varios tipos de bebidas fr\u00edas, ensaladas, bocadillos o postres, ideal para usar en fiestas, eventos, caf\u00e9s, bares de bocadillos y servicios de comida para llevar.<\/li>\n<li>Ligero y duradero: liviano para facilitar su transporte, pero lo suficientemente duradero como para no arrugarse ni rasgarse durante el uso.<\/li>\n<\/ul>\n<h4>Reutilizable y f\u00e1cil de limpiar.<\/h4>\n<p>El vaso reutilizable de cerveza de PP transparente de 50 cl (500 ml) se puede lavar y reutilizar varias veces, lo que promueve la sostenibilidad y reduce la dependencia de los vasos desechables. Adem\u00e1s, su f\u00e1cil limpieza simplifica las rutinas en bares y restaurantes, mientras que en casa, permite disfrutar de m\u00e1s tiempo para socializar. Esta versatilidad tambi\u00e9n se extiende a otras bebidas, ya que es ideal para refrescos y zumos.<\/p>\n<h4>Versatilidad para cualquier ocasi\u00f3n<\/h4>\n<p>A pesar de su apodo como vaso de cerveza, este accesorio es ideal para diversas ocasiones, como eventos, picnics o reuniones familiares. La combinaci\u00f3n de dise\u00f1o cl\u00e1sico y transparencia le da un toque de elegancia, mientras que su capacidad de 50 cl (500 ml) es ideal para quienes disfrutan de tragos m\u00e1s grandes. Si busca un vaso ecol\u00f3gico y duradero, el vaso de cerveza reutilizable de PP transparente de 50 cl (500 ml) realza cualquier brindis, promoviendo un consumo m\u00e1s responsable y pr\u00e1ctico. Ver m\u00e1s vasos reutilizables de polipropileno PP.<\/p>\n<p><img decoding=\"async\" src=\"https:\/\/copopalhinhas.maildx.net\/wp-content\/uploads\/Icons_alimentos.png\" alt=\"\" width=\"30\" height=\"30\" \/> <strong>Alimento<\/strong>: Apto para consumo alimentario.<\/p>\n<p><img decoding=\"async\" src=\"https:\/\/copopalhinhas.maildx.net\/wp-content\/uploads\/Icon_reciclaveis.png\" alt=\"\" width=\"30\" height=\"30\" \/> <strong>Reciclables<\/strong>:Productos que pueden reciclarse o utilizarse para la recuperaci\u00f3n de energ\u00eda.<\/p>","protected":false},"excerpt":{"rendered":"<p>El vaso reutilizable de PP transparente con tapa est\u00e1 disponible en tama\u00f1os de 0,4 L y 0,5 L. Este vaso multifuncional est\u00e1 hecho de polipropileno reutilizable. Ideal para servir en eventos, fiestas y catering. Su tapa ovalada sin orificios garantiza un sellado seguro, preservando el contenido y evitando derrames. Perfecto para bebidas fr\u00edas, ensaladas y postres.<br \/>\n<span style=\"color: #0000ff\"><a style=\"color: #0000ff\" href=\"https:\/\/copopalhinhas.maildx.net\/es\/producto\/copo-cerveja-reutilizavel-pp-transparente-50cl-500ml\/\" target=\"_blank\" rel=\"noopener\">Modelo sin tapa<\/a><\/span><\/p>","protected":false},"featured_media":68305,"comment_status":"open","ping_status":"closed","template":"","meta":{"_acf_changed":false},"product_brand":[],"product_cat":[2007,2033,2002,2251,2076,2249,1718,1455,1512,1892,1946,1499,225,1397],"product_tag":[1589,1579,1591,1569,1608,1568],"class_list":{"0":"post-68155","1":"product","2":"type-product","3":"status-publish","4":"has-post-thumbnail","6":"product_cat-copos-descartaveis","7":"product_cat-copos-descartaveis-polipropileno-pp","8":"product_cat-copos-reutilizaveis","9":"product_cat-copos-reutilizaveis-polipropileno-pp-com-tampa","10":"product_cat-pp","11":"product_cat-take-away","12":"product_cat-transparente","13":"product_cat-41-50cl","14":"product_cat-descartavel","15":"product_cat-pet","16":"product_cat-copo","17":"product_cat-sobremesa","18":"product_cat-copos","19":"product_cat-embalagens","20":"product_tag-sub-menu-copos-descartaveis","21":"product_tag-sub-menu-copos-reutilizaveis","22":"product_tag-sub-menu-copos-reutilizaveis-polipropileno-pp","23":"product_tag-menu-descartaveis","24":"product_tag-sub-menu-emalagens-pp-ps-pet","25":"product_tag-menu-reutilizaveis","26":"pa_qtd-por-caixa-281","27":"pa_qtd-por-caixa-1288","28":"tm-no-options","30":"first","31":"instock","32":"taxable","33":"shipping-taxable","34":"purchasable","35":"product-type-variable"},"acf":[],"_links":{"self":[{"href":"https:\/\/copopalhinhas.maildx.net\/es\/wp-json\/wp\/v2\/product\/68155","targetHints":{"allow":["GET"]}}],"collection":[{"href":"https:\/\/copopalhinhas.maildx.net\/es\/wp-json\/wp\/v2\/product"}],"about":[{"href":"https:\/\/copopalhinhas.maildx.net\/es\/wp-json\/wp\/v2\/types\/product"}],"replies":[{"embeddable":true,"href":"https:\/\/copopalhinhas.maildx.net\/es\/wp-json\/wp\/v2\/comments?post=68155"}],"wp:featuredmedia":[{"embeddable":true,"href":"https:\/\/copopalhinhas.maildx.net\/es\/wp-json\/wp\/v2\/media\/68305"}],"wp:attachment":[{"href":"https:\/\/copopalhinhas.maildx.net\/es\/wp-json\/wp\/v2\/media?parent=68155"}],"wp:term":[{"taxonomy":"product_brand","embeddable":true,"href":"https:\/\/copopalhinhas.maildx.net\/es\/wp-json\/wp\/v2\/product_brand?post=68155"},{"taxonomy":"product_cat","embeddable":true,"href":"https:\/\/copopalhinhas.maildx.net\/es\/wp-json\/wp\/v2\/product_cat?post=68155"},{"taxonomy":"product_tag","embeddable":true,"href":"https:\/\/copopalhinhas.maildx.net\/es\/wp-json\/wp\/v2\/product_tag?post=68155"}],"curies":[{"name":"wp","href":"https:\/\/api.w.org\/{rel}","templated":true}]}}