{"id":68769,"date":"2025-05-21T10:09:56","date_gmt":"2025-05-21T09:09:56","guid":{"rendered":"https:\/\/copopalhinhas.maildx.net\/?post_type=product&#038;p=68769"},"modified":"2025-09-27T10:04:48","modified_gmt":"2025-09-27T09:04:48","slug":"travessa-em-bambu-com-3-divisoes-177x58cm","status":"publish","type":"product","link":"https:\/\/copopalhinhas.maildx.net\/es\/producto\/travessa-em-bambu-com-3-divisoes-177x58cm\/","title":{"rendered":"PLATO DE BAMB\u00da CON 3 DIVISIONES 17,7\u00d75,8CM"},"content":{"rendered":"<p>O bambu \u00e9 um material biodegrad\u00e1vel, leve, resistente e reutiliz\u00e1vel, tornando esta bandeja uma excelente alternativa aos pl\u00e1sticos descart\u00e1veis. O seu formato com tr\u00eas compartimentos separados facilita a apresenta\u00e7\u00e3o de diferentes alimentos sem misturar sabores ou texturas.<\/p>\n<h4>Ventajas:<\/h4>\n<ul>\n<li>3 divis\u00f5es pr\u00e1ticas: Ideal para servir m\u00faltiplos alimentos numa s\u00f3 travessa<\/li>\n<li>Sustent\u00e1vel: Feito de bambu 100% natural e biodegrad\u00e1vel<\/li>\n<li>Est\u00e9tica natural: Acabamento elegante e ecol\u00f3gico<\/li>\n<li>Reutiliz\u00e1vel: Resistente e dur\u00e1vel com uso cont\u00ednuo<\/li>\n<li>Leve e compacto: F\u00e1cil de manusear, empilhar e armazenar<\/li>\n<li>Vers\u00e1til: Ideal para petiscos, molhos, sushi, sobremesas ou snacks<\/li>\n<\/ul>\n<p>O bamb\u00fa \u00e9 leve, resistente, muito pouco poroso 100% natural.<br \/>\nSustent\u00e1vel, cresce naturalmente de forma r\u00e1pida.<br \/>\nLavar com \u00e1gua e sab\u00e3o neutro. Manter seco e em local arejado.<\/p>\n<h4>Caracter\u00edsticas t\u00e9cnicas:<\/h4>\n<ul>\n<li>Dimens\u00f5es: 17,7 x 5,8 cm<\/li>\n<li>Material: Bambu natural<\/li>\n<li>Divis\u00f5es: 3 compartimentos<\/li>\n<li>Uso: Alimentar \u2013 frio ou \u00e0 temperatura ambiente<\/li>\n<li>Cuidados: Limpeza manual recomendada (n\u00e3o apto para m\u00e1quina de lavar loi\u00e7a ou micro-ondas)<\/li>\n<\/ul>\n<p><img decoding=\"async\" src=\"https:\/\/copopalhinhas.maildx.net\/wp-content\/uploads\/Icon_DESCARTAVEL.png\" alt=\"\" width=\"30\" height=\"30\" \/>\u00a0<strong>Desechable<\/strong><\/p>\n<p><img decoding=\"async\" src=\"https:\/\/copopalhinhas.maildx.net\/wp-content\/uploads\/Icons_alimentos.png\" alt=\"\" width=\"30\" height=\"30\" \/>\u00a0<strong>Alimento<\/strong>: Apto para consumo alimentario.<\/p>\n<p><img decoding=\"async\" src=\"https:\/\/copopalhinhas.maildx.net\/wp-content\/uploads\/Icon_reciclaveis.png\" alt=\"\" width=\"30\" height=\"30\" \/>\u00a0<strong>Reciclables<\/strong>:Productos que pueden reciclarse o utilizarse para la recuperaci\u00f3n de energ\u00eda.<\/p>","protected":false},"excerpt":{"rendered":"<p>Esta elegante travessa em bambu com tr\u00eas divis\u00f5es \u00e9 a solu\u00e7\u00e3o ideal para servir petiscos, molhos, snacks, entradas, acompanhamentos ou frutos secos, com um toque natural e sustent\u00e1vel. Fabricado em bambu 100% natural, combina design funcional com responsabilidade ecol\u00f3gica, sendo perfeito para restaurantes, caf\u00e9s, catering, buffets, eventos ou uso dom\u00e9stico.<\/p>\n<p><img decoding=\"async\" src=\"https:\/\/copopalhinhas.maildx.net\/wp-content\/uploads\/Icons_alimentos.png\" alt=\"\" width=\"30\" height=\"30\" \/>\u00a0<img decoding=\"async\" src=\"https:\/\/copopalhinhas.maildx.net\/wp-content\/uploads\/Icon_DESCARTAVEL.png\" alt=\"\" width=\"30\" height=\"30\" \/>\u00a0<img decoding=\"async\" src=\"https:\/\/copopalhinhas.maildx.net\/wp-content\/uploads\/Icon_reciclaveis.png\" alt=\"\" width=\"30\" height=\"30\" \/><\/p>","protected":false},"featured_media":68772,"comment_status":"open","ping_status":"closed","template":"","meta":{"_acf_changed":false},"product_brand":[],"product_cat":[2003,2254,2077,1725,1511,1552,1701,1418,226],"product_tag":[1702,1582,1568],"class_list":{"0":"post-68769","1":"product","2":"type-product","3":"status-publish","4":"has-post-thumbnail","6":"product_cat-loucas-reutilizaveis","7":"product_cat-loucas-madeira","8":"product_cat-madeira-2","9":"product_cat-castanho","10":"product_cat-reutilizaveis-caracteristica","11":"product_cat-bambu","12":"product_cat-travessa","13":"product_cat-loucas-pratos","14":"product_cat-loucas","15":"product_tag-destaque","16":"product_tag-sub-menu-loucas-reutilizaveis","17":"product_tag-menu-reutilizaveis","18":"pa_qtd-por-caixa-297","19":"tm-no-options","21":"first","22":"instock","23":"taxable","24":"shipping-taxable","25":"purchasable","26":"product-type-variable"},"acf":[],"_links":{"self":[{"href":"https:\/\/copopalhinhas.maildx.net\/es\/wp-json\/wp\/v2\/product\/68769","targetHints":{"allow":["GET"]}}],"collection":[{"href":"https:\/\/copopalhinhas.maildx.net\/es\/wp-json\/wp\/v2\/product"}],"about":[{"href":"https:\/\/copopalhinhas.maildx.net\/es\/wp-json\/wp\/v2\/types\/product"}],"replies":[{"embeddable":true,"href":"https:\/\/copopalhinhas.maildx.net\/es\/wp-json\/wp\/v2\/comments?post=68769"}],"wp:featuredmedia":[{"embeddable":true,"href":"https:\/\/copopalhinhas.maildx.net\/es\/wp-json\/wp\/v2\/media\/68772"}],"wp:attachment":[{"href":"https:\/\/copopalhinhas.maildx.net\/es\/wp-json\/wp\/v2\/media?parent=68769"}],"wp:term":[{"taxonomy":"product_brand","embeddable":true,"href":"https:\/\/copopalhinhas.maildx.net\/es\/wp-json\/wp\/v2\/product_brand?post=68769"},{"taxonomy":"product_cat","embeddable":true,"href":"https:\/\/copopalhinhas.maildx.net\/es\/wp-json\/wp\/v2\/product_cat?post=68769"},{"taxonomy":"product_tag","embeddable":true,"href":"https:\/\/copopalhinhas.maildx.net\/es\/wp-json\/wp\/v2\/product_tag?post=68769"}],"curies":[{"name":"wp","href":"https:\/\/api.w.org\/{rel}","templated":true}]}}