{"id":68811,"date":"2025-05-21T14:56:05","date_gmt":"2025-05-21T13:56:05","guid":{"rendered":"https:\/\/copopalhinhas.maildx.net\/?post_type=product&#038;p=68811"},"modified":"2025-09-27T09:36:42","modified_gmt":"2025-09-27T08:36:42","slug":"colher-de-gelado-em-ps-reutilizavel-92cm-transparente","status":"publish","type":"product","link":"https:\/\/copopalhinhas.maildx.net\/es\/producto\/colher-de-gelado-em-ps-reutilizavel-92cm-transparente\/","title":{"rendered":"CUCHARA PARA HELADO DE PS TRANSPARENTE REUTILIZABLE DE 9,2 CM"},"content":{"rendered":"<p>Cuchara reutilizable para helado de PS transparente, 9,2 cm. Ideal para postres, helados y degustaciones. Ligera, duradera y lavable. Sostenible y pr\u00e1ctica.<\/p>\n<p>Su forma compacta y dise\u00f1o transl\u00facido a\u00f1aden un toque moderno a la presentaci\u00f3n del postre y, al ser reutilizable, es una opci\u00f3n m\u00e1s sostenible en comparaci\u00f3n con los utensilios desechables convencionales.<\/p>\n<h4>Ventajas:<\/h4>\n<ul>\n<li>Material duradero: hecho de poliestireno (PS) de alta calidad.<\/li>\n<li>Reutilizable: Lavable y econ\u00f3mico, reduce el uso de art\u00edculos desechables.<\/li>\n<li>Compacto y ligero: f\u00e1cil de usar y transportar.<\/li>\n<li>Dise\u00f1o elegante: Transparente, combina con cualquier presentaci\u00f3n.<\/li>\n<li>Vers\u00e1til: Ideal para helados, postres, mousses, yogures o degustaciones.<\/li>\n<li>Higi\u00e9nico: Se puede lavar a mano despu\u00e9s de cada uso.<\/li>\n<\/ul>\n<h4>Beneficios:<\/h4>\n<ul>\n<li>Reduce tu impacto ambiental eligiendo una cuchara reutilizable fabricada con materiales duraderos y f\u00e1ciles de mantener.<\/li>\n<li>Ideal para utilizar en helados, sorbetes y otros postres, garantizando una experiencia de degustaci\u00f3n m\u00e1s c\u00f3moda.<\/li>\n<li>Dise\u00f1o pr\u00e1ctico y elegante, adecuado para cualquier tipo de evento o reuni\u00f3n social.<\/li>\n<li>F\u00e1cil de lavar y se puede reutilizar en varias ocasiones sin perder calidad.<\/li>\n<\/ul>\n<h4>La sostenibilidad a tu alcance.<\/h4>\n<p>La cuchara para helado reutilizable de poliestireno de 9,2 cm es la opci\u00f3n ideal para quienes buscan una alternativa ecol\u00f3gica, pr\u00e1ctica y duradera a los utensilios desechables. Apuesta por la sostenibilidad y a\u00f1ade un toque de sofisticaci\u00f3n y funcionalidad a tus postres.<\/p>\n<p><img decoding=\"async\" src=\"https:\/\/copopalhinhas.maildx.net\/wp-content\/uploads\/Icons_alimentos.png\" alt=\"\" width=\"30\" height=\"30\" \/>\u00a0<strong>Alimento<\/strong>: Apto para consumo alimentario.<\/p>\n<p><img decoding=\"async\" src=\"https:\/\/copopalhinhas.maildx.net\/wp-content\/uploads\/Icon_reciclaveis.png\" alt=\"\" width=\"30\" height=\"30\" \/>\u00a0<strong>Reciclables<\/strong>:Productos que pueden reciclarse o utilizarse para la recuperaci\u00f3n de energ\u00eda.<\/p>","protected":false},"excerpt":{"rendered":"<p>La cuchara para helado reutilizable de poliestireno (PS) transparente de 9,2 cm es perfecta para servir helados, sorbetes, mousses, postres o degustaciones. Fabricada en poliestireno (PS) r\u00edgido y duradero, es una opci\u00f3n elegante, pr\u00e1ctica y econ\u00f3mica para helader\u00edas, panader\u00edas, eventos, comida para llevar, catering y uso dom\u00e9stico.<\/p>","protected":false},"featured_media":68814,"comment_status":"open","ping_status":"closed","template":"","meta":{"_acf_changed":false},"product_brand":[],"product_cat":[2005,2086,2078,2009,2044,1718,1399,1511,1433,1794,1499,227],"product_tag":[1568,1587],"class_list":{"0":"post-68811","1":"product","2":"type-product","3":"status-publish","4":"has-post-thumbnail","6":"product_cat-talheres-reutilizaveis","7":"product_cat-gelados","8":"product_cat-ps","9":"product_cat-talheres-descartaveis","10":"product_cat-talheres-descartaveis-poliestireno-ps","11":"product_cat-transparente","12":"product_cat-avulso","13":"product_cat-reutilizaveis-caracteristica","14":"product_cat-materia-prima-ps","15":"product_cat-colher","16":"product_cat-sobremesa","17":"product_cat-talheres","18":"product_tag-menu-reutilizaveis","19":"product_tag-sub-menu-talheres-reutilizaveis","20":"pa_qtd-por-caixa-1288","21":"tm-no-options","23":"first","24":"outofstock","25":"taxable","26":"shipping-taxable","27":"purchasable","28":"product-type-variable"},"acf":[],"_links":{"self":[{"href":"https:\/\/copopalhinhas.maildx.net\/es\/wp-json\/wp\/v2\/product\/68811","targetHints":{"allow":["GET"]}}],"collection":[{"href":"https:\/\/copopalhinhas.maildx.net\/es\/wp-json\/wp\/v2\/product"}],"about":[{"href":"https:\/\/copopalhinhas.maildx.net\/es\/wp-json\/wp\/v2\/types\/product"}],"replies":[{"embeddable":true,"href":"https:\/\/copopalhinhas.maildx.net\/es\/wp-json\/wp\/v2\/comments?post=68811"}],"wp:featuredmedia":[{"embeddable":true,"href":"https:\/\/copopalhinhas.maildx.net\/es\/wp-json\/wp\/v2\/media\/68814"}],"wp:attachment":[{"href":"https:\/\/copopalhinhas.maildx.net\/es\/wp-json\/wp\/v2\/media?parent=68811"}],"wp:term":[{"taxonomy":"product_brand","embeddable":true,"href":"https:\/\/copopalhinhas.maildx.net\/es\/wp-json\/wp\/v2\/product_brand?post=68811"},{"taxonomy":"product_cat","embeddable":true,"href":"https:\/\/copopalhinhas.maildx.net\/es\/wp-json\/wp\/v2\/product_cat?post=68811"},{"taxonomy":"product_tag","embeddable":true,"href":"https:\/\/copopalhinhas.maildx.net\/es\/wp-json\/wp\/v2\/product_tag?post=68811"}],"curies":[{"name":"wp","href":"https:\/\/api.w.org\/{rel}","templated":true}]}}