{"id":70017,"date":"2025-06-13T12:45:14","date_gmt":"2025-06-13T11:45:14","guid":{"rendered":"https:\/\/copopalhinhas.maildx.net\/?post_type=product&#038;p=70017"},"modified":"2025-10-15T16:44:40","modified_gmt":"2025-10-15T15:44:40","slug":"copo-gin-premium-em-san-branco-50cl-500ml-copia","status":"publish","type":"product","link":"https:\/\/copopalhinhas.maildx.net\/es\/producto\/copo-gin-premium-em-san-branco-50cl-500ml-copia\/","title":{"rendered":"COPA DE GINEBRA PREMIUM EN SAN BRANCO 50CL (500ML)"},"content":{"rendered":"<h3>Vaso de ginebra SAN White Premium de 50 cl (500 ml): una combinaci\u00f3n inigualable de estilo y seguridad<\/h3>\n<p>El vaso SAN Premium para ginebra blanco de 50 cl (500 ml) es la opci\u00f3n perfecta para quienes buscan una experiencia de ginebra superior sin sacrificar la seguridad ni la durabilidad. En primer lugar, el SAN garantiza una resistencia excepcional, evitando roturas y reduciendo los costes de reemplazo. Adem\u00e1s, su color negro le da un aspecto moderno y audaz, haciendo que cualquier c\u00f3ctel sea a\u00fan m\u00e1s atractivo para los invitados.<\/p>\n<h4>Dise\u00f1o que atrae los sentidos<\/h4>\n<p>La forma ancha de este vaso premium blanco SAN para ginebra de 50 cl (500 ml) te permite a\u00f1adir hielo, frutas y hierbas arom\u00e1ticas, intensificando el sabor y el aroma de tus bebidas. Esta forma convierte cada sorbo en un momento de puro placer, mientras que su acabado oscuro crea un contraste impactante con los tonos de los ingredientes. Si buscas un accesorio que despierte la curiosidad y realce la presentaci\u00f3n, has encontrado la soluci\u00f3n ideal.<\/p>\n<h4>Ligereza y resistencia en una sola pieza<\/h4>\n<p>A pesar de su dise\u00f1o audaz, el vaso SAN es sorprendentemente ligero, lo que facilita su servicio en entornos concurridos. Esto significa que bares, restaurantes y fiestas se benefician de una mayor tranquilidad, ya que se reduce el riesgo de accidentes. Si busca combinar est\u00e9tica y practicidad, este vaso satisface ambas necesidades a la perfecci\u00f3n.<\/p>\n<h4>Higiene simplificada para uso constante<\/h4>\n<p>El vaso SAN White Premium para ginebra de 50 cl (500 ml) se adapta bien al lavado frecuente, tanto en lavavajillas como a mano, conservando su color y forma originales. En establecimientos profesionales, esta caracter\u00edstica agiliza el trabajo, mientras que en casa garantiza una rutina m\u00e1s relajada. De esta manera, el vaso permanece impecable, listo para el siguiente brindis.<\/p>\n<h4>Versatilidad que encanta<\/h4>\n<p>Aunque se recomienda para ginebra, este vaso tambi\u00e9n realza jugos, refrescos y otras creaciones refrescantes. Su color blanco realza a\u00fan m\u00e1s los matices de las bebidas, haci\u00e9ndolas m\u00e1s atractivas. Si busca un producto que combine refinamiento, seguridad y durabilidad, este vaso premium para ginebra en blanco SAN de 50 cl (500 ml) supera con creces sus expectativas. Ver m\u00e1s <a href=\"https:\/\/copopalhinhas.maildx.net\/es\/categorias\/copos-san-premium\/?wpf_filter_cat_list_1=1441&amp;wpf_fbv=1\">Vasos de ginebra SAN<\/a>.<\/p>","protected":false},"excerpt":{"rendered":"<p>El vaso de ginebra SAN White Premium de 50 cl (500 ml) combina estilo y robustez para servir bebidas de forma segura.<br \/>\nAdem\u00e1s, el color blanco realza los colores de los c\u00f3cteles, creando un efecto visual atractivo.<br \/>\nEs una opci\u00f3n vers\u00e1til para bares, restaurantes o uso dom\u00e9stico, garantizando un regalo m\u00e1s elegante.<\/p>","protected":false},"featured_media":70030,"comment_status":"open","ping_status":"closed","template":"","meta":{"_acf_changed":false},"product_brand":[],"product_cat":[2000,2017,1719,1456,1510,1434,1946,1441,225],"product_tag":[1575,1781,1568],"class_list":{"0":"post-70017","1":"product","2":"type-product","3":"status-publish","4":"has-post-thumbnail","6":"product_cat-copos-reutilizaveis-premium","7":"product_cat-copos-san-premium","8":"product_cat-branco","9":"product_cat-51-60cl","10":"product_cat-inquebravel","11":"product_cat-materia-prima-san","12":"product_cat-copo","13":"product_cat-gin","14":"product_cat-copos","15":"product_tag-sub-menu-copos-premium","16":"product_tag-sub-menu-copos-premium-san","17":"product_tag-menu-reutilizaveis","18":"pa_capacidade-total-41-50cl","19":"pa_qtd-por-caixa-284","20":"pa_qtd-por-caixa-1312","21":"tm-no-options","23":"first","24":"instock","25":"taxable","26":"shipping-taxable","27":"purchasable","28":"product-type-variable"},"acf":[],"_links":{"self":[{"href":"https:\/\/copopalhinhas.maildx.net\/es\/wp-json\/wp\/v2\/product\/70017","targetHints":{"allow":["GET"]}}],"collection":[{"href":"https:\/\/copopalhinhas.maildx.net\/es\/wp-json\/wp\/v2\/product"}],"about":[{"href":"https:\/\/copopalhinhas.maildx.net\/es\/wp-json\/wp\/v2\/types\/product"}],"replies":[{"embeddable":true,"href":"https:\/\/copopalhinhas.maildx.net\/es\/wp-json\/wp\/v2\/comments?post=70017"}],"wp:featuredmedia":[{"embeddable":true,"href":"https:\/\/copopalhinhas.maildx.net\/es\/wp-json\/wp\/v2\/media\/70030"}],"wp:attachment":[{"href":"https:\/\/copopalhinhas.maildx.net\/es\/wp-json\/wp\/v2\/media?parent=70017"}],"wp:term":[{"taxonomy":"product_brand","embeddable":true,"href":"https:\/\/copopalhinhas.maildx.net\/es\/wp-json\/wp\/v2\/product_brand?post=70017"},{"taxonomy":"product_cat","embeddable":true,"href":"https:\/\/copopalhinhas.maildx.net\/es\/wp-json\/wp\/v2\/product_cat?post=70017"},{"taxonomy":"product_tag","embeddable":true,"href":"https:\/\/copopalhinhas.maildx.net\/es\/wp-json\/wp\/v2\/product_tag?post=70017"}],"curies":[{"name":"wp","href":"https:\/\/api.w.org\/{rel}","templated":true}]}}