{"id":70037,"date":"2025-06-13T17:12:45","date_gmt":"2025-06-13T16:12:45","guid":{"rendered":"https:\/\/copopalhinhas.maildx.net\/?post_type=product&#038;p=70037"},"modified":"2025-11-22T00:23:36","modified_gmt":"2025-11-22T00:23:36","slug":"molheira-em-pp-6cl-60ml","status":"publish","type":"product","link":"https:\/\/copopalhinhas.maildx.net\/es\/producto\/molheira-em-pp-6cl-60ml\/","title":{"rendered":"Salsera PP 6 cl (60 ml)"},"content":{"rendered":"<p>Molheira em PP para oferecer uma experi\u00eancia de servi\u00e7o mais organizada e saborosa em seu estabelecimento, valorizando cada refei\u00e7\u00e3o com molhos frescos e deliciosos.<\/p>\n<ul>\n<li>Material Dur\u00e1vel: Fabricada em Polipropileno (PP), a molheira \u00e9 resistente, leve e oferece durabilidade para o uso frequente.<\/li>\n<li>Capacidade Ideal: Com 6cl (60ml), \u00e9 perfeita para por\u00e7\u00f5es individuais de molhos, condimentos ou complementos, proporcionando a quantidade certa para real\u00e7ar o sabor dos pratos.<\/li>\n<li>Versatilidade de Uso: Ideal para restaurantes, snack-bares, buffets, servi\u00e7os de entrega e qualquer estabelecimento onde seja necess\u00e1rio servir molhos de forma controlada.<\/li>\n<li>Transparente: A transpar\u00eancia da molheira facilita a visualiza\u00e7\u00e3o do conte\u00fado, permitindo que os clientes identifiquem facilmente o molho desejado.<\/li>\n<li>Descart\u00e1vel: A molheira \u00e9 descart\u00e1vel, proporcionando praticidade e eliminando a necessidade de lavagem p\u00f3s-utiliza\u00e7\u00e3o.<\/li>\n<li>Formato Compacto: O tamanho compacto da molheira facilita o manuseio e a disposi\u00e7\u00e3o em mesas, garantindo conveni\u00eancia para os clientes.<\/li>\n<li>Apto para congelador, apto para micro-ondas, n\u00e3o apto para o forno, recicl\u00e1vel, resistente a \u00f3leos e gordura.<\/li>\n<\/ul>\n<p><img decoding=\"async\" src=\"https:\/\/copopalhinhas.maildx.net\/wp-content\/uploads\/Icons_alimentos.png\" alt=\"\" width=\"30\" height=\"30\" \/>\u00a0<img decoding=\"async\" src=\"https:\/\/copopalhinhas.maildx.net\/wp-content\/uploads\/Icon_DESCARTAVEL.png\" alt=\"\" width=\"30\" height=\"30\" \/>\u00a0<img decoding=\"async\" src=\"https:\/\/copopalhinhas.maildx.net\/wp-content\/uploads\/Icon_reciclaveis.png\" alt=\"\" width=\"30\" height=\"30\" \/><\/p>","protected":false},"excerpt":{"rendered":"<p>Molheira em Polipropileno (PP), com capacidade para 6cl (60ml). Esta molheira \u00e9 projetada para proporcionar praticidade no servi\u00e7o de molhos, condimentos e complementos, garantindo frescor e sabor \u00e0s refei\u00e7\u00f5es.<\/p>\n<p><img decoding=\"async\" src=\"https:\/\/copopalhinhas.maildx.net\/wp-content\/uploads\/Icons_alimentos.png\" alt=\"\" width=\"30\" height=\"30\" \/>\u00a0<img decoding=\"async\" src=\"https:\/\/copopalhinhas.maildx.net\/wp-content\/uploads\/Icon_DESCARTAVEL.png\" alt=\"\" width=\"30\" height=\"30\" \/>\u00a0<img decoding=\"async\" src=\"https:\/\/copopalhinhas.maildx.net\/wp-content\/uploads\/Icon_reciclaveis.png\" alt=\"\" width=\"30\" height=\"30\" \/><\/p>","protected":false},"featured_media":70861,"comment_status":"open","ping_status":"closed","template":"","meta":{"_acf_changed":false},"product_brand":[],"product_cat":[1724,2004,2249,1516,1511,1432,1496,1463,1397],"product_tag":[1586,1568],"class_list":{"0":"post-70037","1":"product","2":"type-product","3":"status-publish","4":"has-post-thumbnail","6":"product_cat-translucido","7":"product_cat-embalagens-reutilizaveis","8":"product_cat-take-away","9":"product_cat-6-10cl","10":"product_cat-reutilizaveis-caracteristica","11":"product_cat-materia-prima-pp","12":"product_cat-molho","13":"product_cat-recipientes","14":"product_cat-embalagens","15":"product_tag-sub-menu-embalagens-reutilizaveis","16":"product_tag-menu-reutilizaveis","17":"pa_qtd-por-caixa-281","18":"pa_qtd-por-caixa-1293","19":"tm-no-options","21":"first","22":"instock","23":"taxable","24":"shipping-taxable","25":"purchasable","26":"product-type-variable"},"acf":[],"_links":{"self":[{"href":"https:\/\/copopalhinhas.maildx.net\/es\/wp-json\/wp\/v2\/product\/70037","targetHints":{"allow":["GET"]}}],"collection":[{"href":"https:\/\/copopalhinhas.maildx.net\/es\/wp-json\/wp\/v2\/product"}],"about":[{"href":"https:\/\/copopalhinhas.maildx.net\/es\/wp-json\/wp\/v2\/types\/product"}],"replies":[{"embeddable":true,"href":"https:\/\/copopalhinhas.maildx.net\/es\/wp-json\/wp\/v2\/comments?post=70037"}],"wp:featuredmedia":[{"embeddable":true,"href":"https:\/\/copopalhinhas.maildx.net\/es\/wp-json\/wp\/v2\/media\/70861"}],"wp:attachment":[{"href":"https:\/\/copopalhinhas.maildx.net\/es\/wp-json\/wp\/v2\/media?parent=70037"}],"wp:term":[{"taxonomy":"product_brand","embeddable":true,"href":"https:\/\/copopalhinhas.maildx.net\/es\/wp-json\/wp\/v2\/product_brand?post=70037"},{"taxonomy":"product_cat","embeddable":true,"href":"https:\/\/copopalhinhas.maildx.net\/es\/wp-json\/wp\/v2\/product_cat?post=70037"},{"taxonomy":"product_tag","embeddable":true,"href":"https:\/\/copopalhinhas.maildx.net\/es\/wp-json\/wp\/v2\/product_tag?post=70037"}],"curies":[{"name":"wp","href":"https:\/\/api.w.org\/{rel}","templated":true}]}}