{"id":73338,"date":"2025-07-30T09:18:11","date_gmt":"2025-07-30T08:18:11","guid":{"rendered":"https:\/\/copopalhinhas.maildx.net\/?post_type=product&#038;p=73338"},"modified":"2025-09-27T11:41:41","modified_gmt":"2025-09-27T10:41:41","slug":"taca-copo-em-pet-475cl-475ml-14oz","status":"publish","type":"product","link":"https:\/\/copopalhinhas.maildx.net\/es\/producto\/taca-copo-em-pet-475cl-475ml-14oz\/","title":{"rendered":"Vaso para mascotas de 47,5 cl (475 ml\/14 oz)"},"content":{"rendered":"<h4>Ta\u00e7a \/ Copo em PET 47,5cl \u2013 Vers\u00e1til, Resistente e Transparente<\/h4>\n<p>O copo em PET de 47,5cl (475ml \/ 14oz) oferece uma solu\u00e7\u00e3o pr\u00e1tica, elegante e segura para bebidas frias e sobremesas. Com uma capacidade \u00fatil de 40cl, este copo garante espa\u00e7o suficiente para bebidas com espuma, toppings ou ingredientes adicionais. J\u00e1 a capacidade total de 47,5cl permite maior flexibilidade no servi\u00e7o, ideal para profissionais exigentes.<\/p>\n<p>Gra\u00e7as ao seu design transparente e moderno, valoriza a apresenta\u00e7\u00e3o de qualquer conte\u00fado. Seja em pastelarias, cafetarias, geladarias ou eventos, este copo destaca-se pela sua funcionalidade e aspeto limpo e apelativo.<\/p>\n<h4>Perfeito para Diversos Tipos de Servi\u00e7o<\/h4>\n<p>Este modelo \u00e9 especialmente indicado para batidos, smoothies, sumos naturais, caf\u00e9s gelados, mas tamb\u00e9m funciona muito bem para servir fruta fresca, sobremesas, iogurtes com cereais ou granola.<\/p>\n<p>A versatilidade do copo permite uma grande variedade de aplica\u00e7\u00f5es, o que o torna uma escolha eficiente para neg\u00f3cios de restaura\u00e7\u00e3o, take-away ou eventos de grande circula\u00e7\u00e3o.<\/p>\n<h4>Material PET: Leve, Resistente e Recicl\u00e1vel<\/h4>\n<p>Fabricado em PET (polietileno tereftalato), este copo \u00e9 leve, altamente resistente a quebras e tem excelente transpar\u00eancia, permitindo exibir os produtos com mais destaque. Al\u00e9m disso, o PET \u00e9 recicl\u00e1vel, contribuindo para pr\u00e1ticas mais sustent\u00e1veis no setor alimentar.<\/p>\n<p>Por ser descart\u00e1vel, ajuda a manter a higiene e a seguran\u00e7a alimentar em ambientes de grande rotatividade, sem comprometer a qualidade do servi\u00e7o.<\/p>\n<h4>Design Funcional e Compat\u00edvel com Tampas<\/h4>\n<p>O copo foi desenhado para facilitar o transporte e o consumo em movimento. Tamb\u00e9m \u00e9 compat\u00edvel com tampas domo ou planas (n\u00e3o inclu\u00eddas), o que aumenta a sua utilidade em servi\u00e7os de take-away ou delivery.<\/p>\n<p><img decoding=\"async\" src=\"https:\/\/copopalhinhas.maildx.net\/wp-content\/uploads\/Icon_DESCARTAVEL.png\" alt=\"\" width=\"30\" height=\"30\" \/> <strong>Desechable<\/strong><\/p>\n<p><img decoding=\"async\" src=\"https:\/\/copopalhinhas.maildx.net\/wp-content\/uploads\/Icons_alimentos.png\" alt=\"\" width=\"30\" height=\"30\" \/> <strong>Alimento<\/strong>: Apto para consumo alimentario.<\/p>\n<p><img decoding=\"async\" src=\"https:\/\/copopalhinhas.maildx.net\/wp-content\/uploads\/Icon_reciclaveis.png\" alt=\"\" width=\"30\" height=\"30\" \/> <strong>Reciclables<\/strong>:Productos que pueden reciclarse o utilizarse para la recuperaci\u00f3n de energ\u00eda.<\/p>","protected":false},"excerpt":{"rendered":"<p>Esta ta\u00e7a \/ copo em PET multifuncional, com capacidade total de 47,5cl (475ml) e \u00fatil de 40cl (400ml), \u00e9 ideal para servir em eventos, festas e estabelecimentos de catering. Perfeito para bebidas frias, saladas e sobremesas.<\/p>","protected":false},"featured_media":73505,"comment_status":"open","ping_status":"closed","template":"","meta":{"_acf_changed":false},"product_brand":[],"product_cat":[2007,2034,2010,2047,2008,2039,1718,1455,1512,1892,1946,1499,225,1397],"product_tag":[1589,1593,1569,1702,1608,1596,1597],"class_list":{"0":"post-73338","1":"product","2":"type-product","3":"status-publish","4":"has-post-thumbnail","6":"product_cat-copos-descartaveis","7":"product_cat-copos-pet-rpet","8":"product_cat-embalagens-descartaveis","9":"product_cat-embalagens-pp-ps-rpet","10":"product_cat-loucas-descartaveis","11":"product_cat-loucas-descartaveis-pet-rpet","12":"product_cat-transparente","13":"product_cat-41-50cl","14":"product_cat-descartavel","15":"product_cat-pet","16":"product_cat-copo","17":"product_cat-sobremesa","18":"product_cat-copos","19":"product_cat-embalagens","20":"product_tag-sub-menu-copos-descartaveis","21":"product_tag-sub-menu-copos-descartaveis-pet","22":"product_tag-menu-descartaveis","23":"product_tag-destaque","24":"product_tag-sub-menu-emalagens-pp-ps-pet","25":"product_tag-sub-menu-loucas-descartaveis","26":"product_tag-sub-menu-loucas-descartaveis-pet","27":"pa_qtd-por-caixa-1273","28":"pa_qtd-por-caixa-281","29":"pa_qtd-por-caixa-1288","30":"tm-no-options","32":"first","33":"instock","34":"taxable","35":"shipping-taxable","36":"purchasable","37":"product-type-variable"},"acf":[],"_links":{"self":[{"href":"https:\/\/copopalhinhas.maildx.net\/es\/wp-json\/wp\/v2\/product\/73338","targetHints":{"allow":["GET"]}}],"collection":[{"href":"https:\/\/copopalhinhas.maildx.net\/es\/wp-json\/wp\/v2\/product"}],"about":[{"href":"https:\/\/copopalhinhas.maildx.net\/es\/wp-json\/wp\/v2\/types\/product"}],"replies":[{"embeddable":true,"href":"https:\/\/copopalhinhas.maildx.net\/es\/wp-json\/wp\/v2\/comments?post=73338"}],"wp:featuredmedia":[{"embeddable":true,"href":"https:\/\/copopalhinhas.maildx.net\/es\/wp-json\/wp\/v2\/media\/73505"}],"wp:attachment":[{"href":"https:\/\/copopalhinhas.maildx.net\/es\/wp-json\/wp\/v2\/media?parent=73338"}],"wp:term":[{"taxonomy":"product_brand","embeddable":true,"href":"https:\/\/copopalhinhas.maildx.net\/es\/wp-json\/wp\/v2\/product_brand?post=73338"},{"taxonomy":"product_cat","embeddable":true,"href":"https:\/\/copopalhinhas.maildx.net\/es\/wp-json\/wp\/v2\/product_cat?post=73338"},{"taxonomy":"product_tag","embeddable":true,"href":"https:\/\/copopalhinhas.maildx.net\/es\/wp-json\/wp\/v2\/product_tag?post=73338"}],"curies":[{"name":"wp","href":"https:\/\/api.w.org\/{rel}","templated":true}]}}